{"id":796,"date":"2010-09-08T21:43:15","date_gmt":"2010-09-08T20:43:15","guid":{"rendered":"http:\/\/otri.zeus.umh.es\/?page_id=796"},"modified":"2025-05-02T10:55:59","modified_gmt":"2025-05-02T08:55:59","slug":"ayudas-economicas-para-el-desarrollo-de-proyectos-de-investigacion-sobre-drogodepencias-msyps","status":"publish","type":"page","link":"https:\/\/sgi.umh.es\/en\/financiacion-idi\/proyectos-de-investigacion\/ayudas-nacionales-idi\/convocatorias\/programas-nacionales\/ayudas-economicas-para-el-desarrollo-de-proyectos-de-investigacion-sobre-drogodepencias-msyps\/","title":{"rendered":"<span lang=\"es\">(Espa\u00f1ol) Ayudas econ\u00f3micas para el desarrollo de proyectos de investigaci\u00f3n sobre adicciones &#8211; PNSD<\/span>"},"content":{"rendered":"<p class=\"qtranxs-available-languages-message qtranxs-available-languages-message-en\">Sorry, this entry is only available in <a href=\"https:\/\/sgi.umh.es\/es\/wp-json\/wp\/v2\/pages\/796\" class=\"qtranxs-available-language-link qtranxs-available-language-link-es\" title=\"Espa\u00f1ol\">European Spanish<\/a> and <a href=\"https:\/\/sgi.umh.es\/ca\/wp-json\/wp\/v2\/pages\/796\" class=\"qtranxs-available-language-link qtranxs-available-language-link-ca\" title=\"Valenci\u00e0\">Catalan<\/a>.<\/p>","protected":false},"excerpt":{"rendered":"<p>Sorry, this entry is only available in European Spanish and Catalan.<\/p>\n","protected":false},"author":486,"featured_media":0,"parent":253,"menu_order":0,"comment_status":"closed","ping_status":"closed","template":"","meta":{"_links_to":"","_links_to_target":""},"_links":{"self":[{"href":"https:\/\/sgi.umh.es\/en\/wp-json\/wp\/v2\/pages\/796"}],"collection":[{"href":"https:\/\/sgi.umh.es\/en\/wp-json\/wp\/v2\/pages"}],"about":[{"href":"https:\/\/sgi.umh.es\/en\/wp-json\/wp\/v2\/types\/page"}],"author":[{"embeddable":true,"href":"https:\/\/sgi.umh.es\/en\/wp-json\/wp\/v2\/users\/486"}],"replies":[{"embeddable":true,"href":"https:\/\/sgi.umh.es\/en\/wp-json\/wp\/v2\/comments?post=796"}],"version-history":[{"count":0,"href":"https:\/\/sgi.umh.es\/en\/wp-json\/wp\/v2\/pages\/796\/revisions"}],"up":[{"embeddable":true,"href":"https:\/\/sgi.umh.es\/en\/wp-json\/wp\/v2\/pages\/253"}],"wp:attachment":[{"href":"https:\/\/sgi.umh.es\/en\/wp-json\/wp\/v2\/media?parent=796"}],"curies":[{"name":"wp","href":"https:\/\/api.w.org\/{rel}","templated":true}]}}