{"id":673,"date":"2010-07-27T16:01:05","date_gmt":"2010-07-27T15:01:05","guid":{"rendered":"http:\/\/otri.zeus.umh.es\/?page_id=673"},"modified":"2012-06-08T10:17:50","modified_gmt":"2012-06-08T10:17:50","slug":"ayudas-postdoctorales-de-la-generalitat-valenciana","status":"publish","type":"page","link":"https:\/\/sgi.umh.es\/en\/financiacion-idi\/rrhh-de-investigacion\/contratacion\/ayudas-postdoctorales-de-la-generalitat-valenciana\/","title":{"rendered":"Ayudas postdoctorales de la Generalitat Valenciana"},"content":{"rendered":"<p><\/p>\n<p><p style=\"text-align: justify\">La Orden \u00danica de convocatoria de becas y ayudas de la Generalitat Valenciana, que gestiona la Conselleria de Educaci\u00f3n, incluye el Anexo VII, que regula la concesi\u00f3n de ayudas dirigidas completar la formaci\u00f3n de personal investigador doctor que desee desarrollar un proyecto de investigaci\u00f3n en colaboraci\u00f3n con universidades y organismos de investigaci\u00f3n de prestigio internacional, con la finalidad de promover la movilidad como instrumento fundamentar de transferencia de conocimientos y tecnolog\u00edas.<\/p>\n<p style=\"text-align: justify\"><a href=\"https:\/\/otri.umh.es\/2011\/07\/07\/programa-valid-para-investigadores-en-fase-postdoctoral-2\/\" target=\"_self\">Programa VALi+d para investigadores en fase postdoctoral &#8211; 2012<\/a><\/p>\n<\/p>\n<p><\/p>","protected":false},"excerpt":{"rendered":"<p>La Orden \u00danica de convocatoria de becas y ayudas de la Generalitat Valenciana, que gestiona la Conselleria de Educaci\u00f3n, incluye el Anexo VII, que regula la concesi\u00f3n de ayudas dirigidas completar la formaci\u00f3n de personal investigador doctor que desee desarrollar un proyecto de investigaci\u00f3n en colaboraci\u00f3n con universidades y organismos de investigaci\u00f3n de prestigio internacional, [&#8230;]<\/p>\n","protected":false},"author":475,"featured_media":0,"parent":65,"menu_order":0,"comment_status":"closed","ping_status":"closed","template":"","meta":{"_links_to":"","_links_to_target":""},"_links":{"self":[{"href":"https:\/\/sgi.umh.es\/en\/wp-json\/wp\/v2\/pages\/673"}],"collection":[{"href":"https:\/\/sgi.umh.es\/en\/wp-json\/wp\/v2\/pages"}],"about":[{"href":"https:\/\/sgi.umh.es\/en\/wp-json\/wp\/v2\/types\/page"}],"author":[{"embeddable":true,"href":"https:\/\/sgi.umh.es\/en\/wp-json\/wp\/v2\/users\/475"}],"replies":[{"embeddable":true,"href":"https:\/\/sgi.umh.es\/en\/wp-json\/wp\/v2\/comments?post=673"}],"version-history":[{"count":0,"href":"https:\/\/sgi.umh.es\/en\/wp-json\/wp\/v2\/pages\/673\/revisions"}],"up":[{"embeddable":true,"href":"https:\/\/sgi.umh.es\/en\/wp-json\/wp\/v2\/pages\/65"}],"wp:attachment":[{"href":"https:\/\/sgi.umh.es\/en\/wp-json\/wp\/v2\/media?parent=673"}],"curies":[{"name":"wp","href":"https:\/\/api.w.org\/{rel}","templated":true}]}}