{"id":634,"date":"2010-07-23T13:38:22","date_gmt":"2010-07-23T12:38:22","guid":{"rendered":"http:\/\/otri.zeus.umh.es\/?page_id=634"},"modified":"2012-05-23T08:07:24","modified_gmt":"2012-05-23T08:07:24","slug":"accion-estrategica-de-salud-aes-del-plan-nacional-de-idi-2008-2011","status":"publish","type":"page","link":"https:\/\/sgi.umh.es\/en\/financiacion-idi\/rrhh-de-investigacion\/formacion-pi\/accion-estrategica-de-salud-aes-del-plan-nacional-de-idi-2008-2011\/","title":{"rendered":"Acci\u00f3n Estrat\u00e9gica de Salud (AES) del Plan Nacional de I+D+i 2008-2011"},"content":{"rendered":"<p><\/p>\n<p><p style=\"text-align: justify\">El Instituto de Salud Carlos III es el organismo encargado de la gesti\u00f3n de la Acci\u00f3n Estrat\u00e9gica de Salud (AES) del Plan Nacional de I+D+i 2008-2011, que tiene por objeto fomentar la actividad cient\u00edfica y t\u00e9cnica en el \u00e1mbito del Sistema Nacional de Salud. La AES tiene una L\u00ednea Instrumental de Recursos Humanos dirigida a la financiaci\u00f3n tanto de ayudas predoctorales como de contratos posdoctorales.<\/p>\n<p style=\"text-align: justify\"><a href=\"https:\/\/otri.umh.es\/2011\/02\/23\/ayudas-predoctorales-de-formacion-en-investigacion-en-salud-pfis-2\/\" target=\"_self\">Ayudas predoctorales de formaci\u00f3n en investigaci\u00f3n en salud (PFIS)<\/a><\/p>\n<p style=\"text-align: justify\"><a href=\"https:\/\/otri.umh.es\/2011\/05\/26\/ayudas-para-contratos-de-formacion-en-investigacion-%e2%80%9crio-hortega%e2%80%9d-para-profesionales-sanitarios-que-hayan-finalizado-el-periodo-de-formacion-sanitaria-especializada\/\" target=\"_self\">Ayudas para contratos de formaci\u00f3n en investigaci\u00f3n &#8220;R\u00edo Hortega&#8221; para profesionales sanitarios que hayan finalizado el periodo de formaci\u00f3n sanitaria especializada<\/a><\/p>\n<\/p>\n<p><\/p>","protected":false},"excerpt":{"rendered":"<p>El Instituto de Salud Carlos III es el organismo encargado de la gesti\u00f3n de la Acci\u00f3n Estrat\u00e9gica de Salud (AES) del Plan Nacional de I+D+i 2008-2011, que tiene por objeto fomentar la actividad cient\u00edfica y t\u00e9cnica en el \u00e1mbito del Sistema Nacional de Salud. La AES tiene una L\u00ednea Instrumental de Recursos Humanos dirigida a [&#8230;]<\/p>\n","protected":false},"author":475,"featured_media":0,"parent":64,"menu_order":0,"comment_status":"closed","ping_status":"closed","template":"","meta":{"_links_to":"","_links_to_target":""},"_links":{"self":[{"href":"https:\/\/sgi.umh.es\/en\/wp-json\/wp\/v2\/pages\/634"}],"collection":[{"href":"https:\/\/sgi.umh.es\/en\/wp-json\/wp\/v2\/pages"}],"about":[{"href":"https:\/\/sgi.umh.es\/en\/wp-json\/wp\/v2\/types\/page"}],"author":[{"embeddable":true,"href":"https:\/\/sgi.umh.es\/en\/wp-json\/wp\/v2\/users\/475"}],"replies":[{"embeddable":true,"href":"https:\/\/sgi.umh.es\/en\/wp-json\/wp\/v2\/comments?post=634"}],"version-history":[{"count":0,"href":"https:\/\/sgi.umh.es\/en\/wp-json\/wp\/v2\/pages\/634\/revisions"}],"up":[{"embeddable":true,"href":"https:\/\/sgi.umh.es\/en\/wp-json\/wp\/v2\/pages\/64"}],"wp:attachment":[{"href":"https:\/\/sgi.umh.es\/en\/wp-json\/wp\/v2\/media?parent=634"}],"curies":[{"name":"wp","href":"https:\/\/api.w.org\/{rel}","templated":true}]}}