{"id":6179,"date":"2016-02-24T16:15:22","date_gmt":"2016-02-24T15:15:22","guid":{"rendered":"http:\/\/otri.umh.es\/?page_id=6179"},"modified":"2025-04-29T09:32:02","modified_gmt":"2025-04-29T07:32:02","slug":"solicitud-de-altabaja-en-las-listas-de-distribucion","status":"publish","type":"page","link":"https:\/\/sgi.umh.es\/en\/solicitud-de-altabaja-en-las-listas-de-distribucion\/","title":{"rendered":"<span lang=\"es\">(Espa\u00f1ol) Solicitud de alta\/baja en las Listas de Distribuci\u00f3n de las \u00c1reas de inter\u00e9s<\/span>"},"content":{"rendered":"<p class=\"qtranxs-available-languages-message qtranxs-available-languages-message-en\">Sorry, this entry is only available in <a href=\"https:\/\/sgi.umh.es\/es\/wp-json\/wp\/v2\/pages\/6179\" class=\"qtranxs-available-language-link qtranxs-available-language-link-es\" title=\"Espa\u00f1ol\">European Spanish<\/a>.<\/p>","protected":false},"excerpt":{"rendered":"<p>Sorry, this entry is only available in European Spanish.<\/p>\n","protected":false},"author":3457,"featured_media":0,"parent":0,"menu_order":0,"comment_status":"closed","ping_status":"open","template":"","meta":{"_links_to":"","_links_to_target":""},"_links":{"self":[{"href":"https:\/\/sgi.umh.es\/en\/wp-json\/wp\/v2\/pages\/6179"}],"collection":[{"href":"https:\/\/sgi.umh.es\/en\/wp-json\/wp\/v2\/pages"}],"about":[{"href":"https:\/\/sgi.umh.es\/en\/wp-json\/wp\/v2\/types\/page"}],"author":[{"embeddable":true,"href":"https:\/\/sgi.umh.es\/en\/wp-json\/wp\/v2\/users\/3457"}],"replies":[{"embeddable":true,"href":"https:\/\/sgi.umh.es\/en\/wp-json\/wp\/v2\/comments?post=6179"}],"version-history":[{"count":0,"href":"https:\/\/sgi.umh.es\/en\/wp-json\/wp\/v2\/pages\/6179\/revisions"}],"wp:attachment":[{"href":"https:\/\/sgi.umh.es\/en\/wp-json\/wp\/v2\/media?parent=6179"}],"curies":[{"name":"wp","href":"https:\/\/api.w.org\/{rel}","templated":true}]}}