{"id":467,"date":"2010-07-14T12:48:57","date_gmt":"2010-07-14T11:48:57","guid":{"rendered":"http:\/\/otri.zeus.umh.es\/?page_id=467"},"modified":"2026-01-21T13:30:57","modified_gmt":"2026-01-21T12:30:57","slug":"solicitudes-al-sgi","status":"publish","type":"page","link":"https:\/\/sgi.umh.es\/en\/solicitudes-al-sgi\/","title":{"rendered":"<span lang=\"es\">(Espa\u00f1ol) Solicitud de Certificados al Servicio de Gesti\u00f3n de la Investigaci\u00f3n<\/span>"},"content":{"rendered":"<p class=\"qtranxs-available-languages-message qtranxs-available-languages-message-en\">Sorry, this entry is only available in <a href=\"https:\/\/sgi.umh.es\/es\/wp-json\/wp\/v2\/pages\/467\" class=\"qtranxs-available-language-link qtranxs-available-language-link-es\" title=\"Espa\u00f1ol\">European Spanish<\/a> and <a href=\"https:\/\/sgi.umh.es\/ca\/wp-json\/wp\/v2\/pages\/467\" class=\"qtranxs-available-language-link qtranxs-available-language-link-ca\" title=\"Valenci\u00e0\">Catalan<\/a>.<\/p>","protected":false},"excerpt":{"rendered":"<p>Sorry, this entry is only available in European Spanish and Catalan.<\/p>\n","protected":false},"author":3,"featured_media":0,"parent":0,"menu_order":0,"comment_status":"closed","ping_status":"closed","template":"","meta":{"_links_to":"","_links_to_target":""},"_links":{"self":[{"href":"https:\/\/sgi.umh.es\/en\/wp-json\/wp\/v2\/pages\/467"}],"collection":[{"href":"https:\/\/sgi.umh.es\/en\/wp-json\/wp\/v2\/pages"}],"about":[{"href":"https:\/\/sgi.umh.es\/en\/wp-json\/wp\/v2\/types\/page"}],"author":[{"embeddable":true,"href":"https:\/\/sgi.umh.es\/en\/wp-json\/wp\/v2\/users\/3"}],"replies":[{"embeddable":true,"href":"https:\/\/sgi.umh.es\/en\/wp-json\/wp\/v2\/comments?post=467"}],"version-history":[{"count":0,"href":"https:\/\/sgi.umh.es\/en\/wp-json\/wp\/v2\/pages\/467\/revisions"}],"wp:attachment":[{"href":"https:\/\/sgi.umh.es\/en\/wp-json\/wp\/v2\/media?parent=467"}],"curies":[{"name":"wp","href":"https:\/\/api.w.org\/{rel}","templated":true}]}}