{"id":3871,"date":"2014-01-02T10:54:15","date_gmt":"2014-01-02T09:54:15","guid":{"rendered":"http:\/\/otri.umh.es\/?page_id=3871"},"modified":"2020-12-02T11:30:42","modified_gmt":"2020-12-02T10:30:42","slug":"programa-estatal-de-promocion-del-talento-y-su-empleabilidad-en-el-marco-del-plan-estatal-de-investigacion-cientifica-y-tecnica-y-de-innovacion-2013-2016","status":"publish","type":"page","link":"https:\/\/sgi.umh.es\/en\/programa-estatal-de-promocion-del-talento-y-su-empleabilidad-en-el-marco-del-plan-estatal-de-investigacion-cientifica-y-tecnica-y-de-innovacion-2013-2016\/","title":{"rendered":"<span lang=\"es\">(Espa\u00f1ol) Programa Estatal de Promoci\u00f3n del Talento y su Empleabilidad, en el marco del Plan Estatal de Investigaci\u00f3n Cient\u00edfica y T\u00e9cnica y de Innovaci\u00f3n 2017-2020<\/span>"},"content":{"rendered":"<p class=\"qtranxs-available-languages-message qtranxs-available-languages-message-en\">Sorry, this entry is only available in <a href=\"https:\/\/sgi.umh.es\/es\/wp-json\/wp\/v2\/pages\/3871\" class=\"qtranxs-available-language-link qtranxs-available-language-link-es\" title=\"Espa\u00f1ol\">European Spanish<\/a>.<\/p>","protected":false},"excerpt":{"rendered":"<p>Sorry, this entry is only available in European Spanish.<\/p>\n","protected":false},"author":475,"featured_media":0,"parent":0,"menu_order":0,"comment_status":"closed","ping_status":"open","template":"","meta":{"_links_to":"","_links_to_target":""},"_links":{"self":[{"href":"https:\/\/sgi.umh.es\/en\/wp-json\/wp\/v2\/pages\/3871"}],"collection":[{"href":"https:\/\/sgi.umh.es\/en\/wp-json\/wp\/v2\/pages"}],"about":[{"href":"https:\/\/sgi.umh.es\/en\/wp-json\/wp\/v2\/types\/page"}],"author":[{"embeddable":true,"href":"https:\/\/sgi.umh.es\/en\/wp-json\/wp\/v2\/users\/475"}],"replies":[{"embeddable":true,"href":"https:\/\/sgi.umh.es\/en\/wp-json\/wp\/v2\/comments?post=3871"}],"version-history":[{"count":0,"href":"https:\/\/sgi.umh.es\/en\/wp-json\/wp\/v2\/pages\/3871\/revisions"}],"wp:attachment":[{"href":"https:\/\/sgi.umh.es\/en\/wp-json\/wp\/v2\/media?parent=3871"}],"curies":[{"name":"wp","href":"https:\/\/api.w.org\/{rel}","templated":true}]}}