{"id":261,"date":"2010-05-19T12:18:16","date_gmt":"2010-05-19T11:18:16","guid":{"rendered":"http:\/\/otri.zeus.umh.es\/?page_id=261"},"modified":"2024-03-20T14:50:55","modified_gmt":"2024-03-20T13:50:55","slug":"preguntas-frecuentes-ayudas-predoctorales-convocatoria-publica","status":"publish","type":"page","link":"https:\/\/sgi.umh.es\/en\/financiacion-idi\/rrhh-de-investigacion\/preguntas-frecuentes-ayudas-predoctorales-convocatoria-publica\/","title":{"rendered":"Preguntas frecuentes ayudas predoctorales convocatoria p\u00fablica"},"content":{"rendered":"<p><span style=\"color: #339966\"><strong>PREGUNTAS FRECUENTES &#8211; AYUDAS PARA FORMACI\u00d3N PREDOCTORAL DE CONVOCATORIA P\u00daBLICA<\/strong><\/span><\/p>\n<p><em>La informaci\u00f3n que se facilita a continuaci\u00f3n es orientativa y de car\u00e1cter general y en ning\u00fan caso se puede considerar vinculante con respecto a la tramitaci\u00f3n de cualquier solicitud de ayuda. Siempre hay que leer y seguir las instrucciones de cada convocatoria concreta a la que el solicitante se va a presentar, pues son las \u00fanicas que van a tener validez ante cada organismo convocante.<\/em><\/p>\n<p><strong>\u00bfEn qu\u00e9 consisten estas ayudas?<\/strong><\/p>\n<p>Las ayudas predoctorales se formalizan mediante contratos laborales celebrados entre la persona beneficiaria y su centro de adscripci\u00f3n. Las convocatorias Nacionales incorporan a partir de 2013 la modalidad de contrato predoctoral establecida en la Ley 14\/2011, de 1 de junio, de la Ciencia, la Tecnolog\u00eda y la Innovaci\u00f3n (BOE 02\/06\/2011).<\/p>\n<p><strong>\u00bfQu\u00e9 requisitos son necesarios para solicitar una ayuda predoctoral?<\/strong><\/p>\n<p>Los requisitos dependen del tipo de ayuda, pero generalmente los solicitantes deben poseer un t\u00edtulo superior universitario de licenciado o de grado oficial, o bien un t\u00edtulo medio universitario y haber superado un n\u00famero de cr\u00e9ditos de postgrado establecido en la convocatoria, para acceder a un programa de doctorado.<\/p>\n<p>Hay convocatorias que establecen una fecha de finalizaci\u00f3n de estudios determinada y un l\u00edmite de nota media.<\/p>\n<p>Ya sea en fase de solicitud o en un momento posterior, las personas solicitantes tendr\u00e1n que acreditar que est\u00e1n matriculadas o admitidas en un programa de doctorado, pues esto es requisito para poder formalizar el contrato.<\/p>\n<p>No estar en posesi\u00f3n de un t\u00edtulo de doctor\/a.<\/p>\n<p><strong>\u00bfDe qu\u00e9 forma y en qu\u00e9 lugares se deben presentar las solicitudes?<\/strong><\/p>\n<p>Depende de lo que se establezca en cada convocatoria. En la mayor\u00eda de los casos hay que hacer un tr\u00e1mite telem\u00e1tico y, a continuaci\u00f3n, existe la opci\u00f3n de utilizar la firma electr\u00f3nica o bien la presentaci\u00f3n del documento original en un Registro v\u00e1lido:<\/p>\n<p>\u2022 En el Registro del Organismo que convoca las ayudas.<\/p>\n<p>Para convocatorias p\u00fablicas a nivel nacional o regional:<\/p>\n<p>\u2022 Mediante el correo certificado espa\u00f1ol, de la siguiente manera: Se presenta en Correos en sobre abierto para que sellen tanto la solicitud como la fotocopia de dicha solicitud; \u00e9sta \u00faltima, una vez sellada, sirve de resguardo de la presentaci\u00f3n en plazo. Se cierra el sobre con la solicitud original firmada y sellada. La fecha de sellado en Correos ser\u00e1 la que se considere como fecha de registro de la solicitud y fecha de presentaci\u00f3n.<\/p>\n<p>[No son v\u00e1lidos los correos extranjeros ni las empresas de mensajer\u00eda].<\/p>\n<p>\u2022 Las solicitudes podr\u00e1n presentarse tambi\u00e9n en los restantes lugares indicados en el apartado 4 del art\u00edculo 38 de la ley 30\/1992 de 26 de noviembre de R\u00e9gimen Jur\u00eddico de las Administraciones P\u00fablicas y del Procedimiento Administrativo Com\u00fan.<\/p>\n<p>En cualquier caso, si se solicita una ayuda para adscribirse al a UMH, es conveniente ponerlo en conocimiento de la OTRI.<\/p>\n<p><strong>\u00bfQu\u00e9 registros son v\u00e1lidos si las solicitudes se presentan en el extranjero?<\/strong><\/p>\n<p>Los \u00fanicos registros v\u00e1lidos son los de las embajadas y oficinas consulares espa\u00f1olas en cada pa\u00eds.<\/p>\n<p><strong>\u00bfPuedo presentar la solicitud sin adjuntar alguno de los documentos requeridos por la convocatoria?<\/strong><\/p>\n<p>Normalmente s\u00ed. En ayudas de convocatoria p\u00fablica existe un periodo de subsanaci\u00f3n de las solicitudes: si la documentaci\u00f3n aportada durante el periodo de presentaci\u00f3n de solicitudes fuera incompleta o contuviese errores subsanables, se requerir\u00e1 al solicitante para que, en el plazo de 10 d\u00edas h\u00e1biles, subsane la falta o acompa\u00f1e los documentos preceptivos, con advertencia de que si no lo hiciese, se le tendr\u00e1 por desistido de su solicitud.<\/p>\n<p><strong>\u00bfCu\u00e1l es la duraci\u00f3n de las ayudas predoctorales?<\/strong><\/p>\n<p>Las ayudas que se formalizan mediante contrato predoctoral tienen una duraci\u00f3n de 48 meses.<\/p>\n<p>Las ayudas para personal investigador en formaci\u00f3n de la Conselleria de Educaci\u00f3n tienen una duraci\u00f3n de 3 a\u00f1os<\/p>\n<p>No obstante, las convocatorias contemplan la reducci\u00f3n del periodo total en funci\u00f3n del n\u00famero de meses disfrutados anteriormente de otras ayudas de an\u00e1loga naturaleza.<\/p>\n<p><strong>\u00bfTiene derecho un beneficiario de estas ayudas a la exenci\u00f3n de las tasas por matr\u00edcula en las ense\u00f1anzas de Doctorado?<\/strong><\/p>\n<p>Generalmente s\u00ed.<\/p>\n<p><strong>\u00bfCu\u00e1l es la retribuci\u00f3n?<\/strong><\/p>\n<p>Entre 16.400 y 16.800 euros brutos anuales.<\/p>\n<p><strong>\u00bfSon compatibles estas ayudas con la concesi\u00f3n de otras ayudas\/becas?<\/strong><\/p>\n<p>Estas ayudas son incompatibles con cualquier otra beca, ayuda o contrato de an\u00e1loga naturaleza y, con car\u00e1cter general, con la percepci\u00f3n de cualquier cuant\u00eda que tenga naturaleza salarial, cuando ello perjudique a la finalidad investigadora y formativa y\/o se produzca en su mismo horario.<\/p>\n<p>S\u00ed son compatibles con los complementos provenientes de proyectos de I+D+i y de contratos realizados en aplicaci\u00f3n del art\u00edculo 83 de la Ley Org\u00e1nica 6\/2001 de 21 de diciembre, de Universidades y de la Ley 13\/86 de 14 de abril, de Fomento y Coordinaci\u00f3n General de la Investigaci\u00f3n Cient\u00edfica y T\u00e9cnica.<\/p>\n<p>Tambi\u00e9n son compatibles con complementos por tareas docentes que no impliquen vinculaci\u00f3n contractual, as\u00ed como con ayudas para estancias en otros centros de investigaci\u00f3n y con ayudas para la asistencia a congresos, reuniones o jornadas cient\u00edficas relacionadas con su trabajo de investigaci\u00f3n.<\/p>\n<p><strong>\u00bfC\u00f3mo se realiza el Seguimiento y control de las ayudas predoctorales?<\/strong><\/p>\n<p>El seguimiento cient\u00edfico-t\u00e9cnico del trabajo realizado por el personal investigador en formaci\u00f3n se realiza mediante la presentaci\u00f3n de memorias cient\u00edficas. Cada convocatoria establece la forma y plazos de presentaci\u00f3n de las mismas. Igualmente, al finalizar las ayudas es com\u00fan la presentaci\u00f3n de una memoria final, con independencia de la causa que motive la finalizaci\u00f3n (renuncia, revocaci\u00f3n o fin).<\/p>\n<p><strong>\u00bfD\u00f3nde puedo obtener informaci\u00f3n actualizada de nuevas convocatorias de ayudas para cursar el doctorado?<\/strong><\/p>\n<p>En el blog de la\u00a0<a href=\"https:\/\/otri.umh.es\/financiacion-idi\/rrhh-de-investigacion\/formacion-pi\/\" target=\"_blank\" rel=\"noopener\">OTRI<\/a>.<\/p>\n<p>Cada organismo financiador ofrece una p\u00e1gina dedicada a sus convocatorias de ayudas, con sus res\u00famenes, instrucciones, modelos normalizados, informaci\u00f3n de inter\u00e9s relacionada, etc.<\/p>","protected":false},"excerpt":{"rendered":"<p>PREGUNTAS FRECUENTES &#8211; AYUDAS PARA FORMACI\u00d3N PREDOCTORAL DE CONVOCATORIA P\u00daBLICA<br \/>\nLa informaci\u00f3n que se facilita a continuaci\u00f3n es orientativa y de car\u00e1cter general y en ning\u00fan caso se puede considerar vinculante con respecto a la tramitaci\u00f3n de cualquier solicitud de ayuda. Siempre hay que leer y seguir las instrucciones de cada convocatoria concreta a la que [&#8230;]<\/p>\n","protected":false},"author":475,"featured_media":0,"parent":63,"menu_order":0,"comment_status":"closed","ping_status":"closed","template":"","meta":{"_links_to":"","_links_to_target":""},"_links":{"self":[{"href":"https:\/\/sgi.umh.es\/en\/wp-json\/wp\/v2\/pages\/261"}],"collection":[{"href":"https:\/\/sgi.umh.es\/en\/wp-json\/wp\/v2\/pages"}],"about":[{"href":"https:\/\/sgi.umh.es\/en\/wp-json\/wp\/v2\/types\/page"}],"author":[{"embeddable":true,"href":"https:\/\/sgi.umh.es\/en\/wp-json\/wp\/v2\/users\/475"}],"replies":[{"embeddable":true,"href":"https:\/\/sgi.umh.es\/en\/wp-json\/wp\/v2\/comments?post=261"}],"version-history":[{"count":0,"href":"https:\/\/sgi.umh.es\/en\/wp-json\/wp\/v2\/pages\/261\/revisions"}],"up":[{"embeddable":true,"href":"https:\/\/sgi.umh.es\/en\/wp-json\/wp\/v2\/pages\/63"}],"wp:attachment":[{"href":"https:\/\/sgi.umh.es\/en\/wp-json\/wp\/v2\/media?parent=261"}],"curies":[{"name":"wp","href":"https:\/\/api.w.org\/{rel}","templated":true}]}}