{"id":253,"date":"2010-05-18T12:26:38","date_gmt":"2010-05-18T11:26:38","guid":{"rendered":"http:\/\/otri.zeus.umh.es\/?page_id=253"},"modified":"2025-04-14T15:37:23","modified_gmt":"2025-04-14T13:37:23","slug":"programas-nacionales","status":"publish","type":"page","link":"https:\/\/sgi.umh.es\/en\/financiacion-idi\/proyectos-de-investigacion\/ayudas-nacionales-idi\/convocatorias\/programas-nacionales\/","title":{"rendered":"<span lang=\"es\">(Espa\u00f1ol) Programas Nacionales<\/span>"},"content":{"rendered":"<p><\/p>\n<p style=\"text-align: justify\"><strong>MINISTERIO DE ECONOM\u00cdA Y COMPETITIVIDAD\u00a0(MINECO):<\/strong><\/p>\n<p style=\"text-align: justify\">Dentro del\u00a0<strong>Programa Estatal de Investigaci\u00f3n Cient\u00edfica y T\u00e9cnica de Excelencia <\/strong>se encuadra el <strong><a href=\"https:\/\/otri.umh.es\/financiacion-idi\/proyectos-de-investigacion\/ayudas-nacionales-idi\/convocatorias\/programas-nacionales\/subprograma-de-apoyo-a-centros-y-unidades-de-excelencia-severo-ochoa\/\" target=\"_blank\" rel=\"noopener noreferrer\">Programa de Centros de Excelencia Severo Ochoa<\/a>.<\/strong><\/p>\n<p style=\"text-align: justify\">La <strong>Fundaci\u00f3n Espa\u00f1ola para la Ciencia y la Tecnolog\u00eda (FECYT)<\/strong> publica anualmente el <strong><a href=\"https:\/\/otri.umh.es\/financiacion-idi\/proyectos-de-investigacion\/ayudas-nacionales-idi\/convocatorias\/programas-nacionales\/programa-de-cultura-cientifica-y-de-la-innovacion\/\">Programa de la Cultura Cient\u00edfica y de la Innovaci\u00f3n<\/a>.<\/strong><\/p>\n<p><strong>INSTITUTO DE SALUD CARLOS III (ISCIII) &#8211; MINECO:<\/strong><\/p>\n<p style=\"text-align: justify\">El\u00a0Instituto de Salud Carlos III es el \u00f3rgano encargado de la gesti\u00f3n de\u00a0<strong>la Acci\u00f3n Estrat\u00e9gica de Salud (AES)<\/strong> del Plan Estatal de Investigaci\u00f3n Cient\u00edfica y T\u00e9cnica y de Innovaci\u00f3n 2013-2016, que tiene por objeto reforzar e incrementar la competitividad internacional de la I+D+i del Sistema Nacional de Salud. La AES\u00a0contiene una modalidad de ayudas para la realizaci\u00f3n de\u00a0<a href=\"https:\/\/otri.umh.es\/financiacion-idi\/proyectos-de-investigacion\/ayudas-nacionales-idi\/convocatorias\/programas-nacionales\/proyectos-de-investigacion-en-salud-aes-isciii\/\"><strong>Proyectos de\u00a0Investigaci\u00f3n en Salud<\/strong>\u00a0<\/a>&#8211; dentro del Subprograma Estatal de Generaci\u00f3n de Conocimiento &#8211; y una actualizaci\u00f3n dirigida al fortalecimiento de <strong><a href=\"https:\/\/otri.umh.es\/financiacion-idi\/proyectos-de-investigacion\/ayudas-nacionales-idi\/convocatorias\/programas-nacionales\/estructuras-estables-de-investigacion-cooperativa-aes-isciii\/\">Estructuras de Investigaci\u00f3n Cooperativa en Red<\/a><\/strong>, incluida en el Subprograma Estatal de Fortalecimiento Institucional.<\/p>\n<p style=\"text-align: justify\"><strong>INSTITUTO DE LA MUJER\u00a0(MSSSI):<\/strong><\/p>\n<p style=\"text-align: justify\">El <strong>Instituto de la Mujer<\/strong> financia la realizaci\u00f3n de Proyectos de I+D relacionados con <strong><a href=\"https:\/\/otri.umh.es\/financiacion-idi\/proyectos-de-investigacion\/ayudas-nacionales-idi\/convocatorias\/programas-nacionales\/ayudas-a-la-investigacion-estudios-de-las-mujeres-y-del-genero\/\">Estudios Feministas, de las Mujeres y del G\u00e9nero<\/a><\/strong>.<\/p>\n<p><strong>MINISTERIO DE SANIDAD, SERVICIOS SOCIALES E IGUALDAD\u00a0(MSSSI):\u00a0\u00a0\u00a0\u00a0\u00a0\u00a0\u00a0\u00a0\u00a0\u00a0\u00a0\u00a0<\/strong><\/p>\n<p style=\"text-align: justify\">Anualmente p\u00fablica una convocatoria de ayudas econ\u00f3micas para el desarrollo de <a href=\"https:\/\/otri.umh.es\/financiacion-idi\/proyectos-de-investigacion\/ayudas-nacionales-idi\/convocatorias\/programas-nacionales\/ayudas-economicas-para-el-desarrollo-de-proyectos-de-investigacion-sobre-drogodepencias-msyps\/\"><strong>Proyectos de Investigaci\u00f3n sobre Drogodependencias <\/strong><\/a>en el marco del <strong>Plan Nacional sobre Drogas 2009-2016<\/strong>.<\/p>\n<p><strong>MINISTERIO DE AGRICULTURA, ALIMENTACI\u00d3N Y MEDIO AMBIENTE:<\/strong><\/p>\n<p>El Ministerio de Agricultura, Alimentaci\u00f3n y Medio Ambiente publica anualmente una convocatoria de ayudas para la realizaci\u00f3n de proyectos de investigaci\u00f3n cient\u00edfica en la <a href=\"https:\/\/otri.umh.es\/financiacion-idi\/proyectos-de-investigacion\/ayudas-nacionales-idi\/convocatorias\/programas-nacionales\/proyectos-de-investigacion-en-la-red-de-parques-nacionales\/\">Red de Parques Nacionales<\/a>.<\/p>","protected":false},"excerpt":{"rendered":"<p>MINISTERIO DE ECONOM\u00cdA Y COMPETITIVIDAD\u00a0(MINECO):<br \/>\nDentro del\u00a0Programa Estatal de Investigaci\u00f3n Cient\u00edfica y T\u00e9cnica de Excelencia se encuadra el Programa de Centros de Excelencia Severo Ochoa.<br \/>\nLa Fundaci\u00f3n Espa\u00f1ola para la Ciencia y la Tecnolog\u00eda (FECYT) publica anualmente el Programa de la Cultura Cient\u00edfica y de la Innovaci\u00f3n.<br \/>\nINSTITUTO DE SALUD CARLOS III (ISCIII) &#8211; MINECO:<br \/>\nEl\u00a0Instituto de Salud Carlos [&#8230;]<\/p>\n","protected":false},"author":475,"featured_media":0,"parent":290,"menu_order":1,"comment_status":"closed","ping_status":"closed","template":"","meta":{"_links_to":"","_links_to_target":""},"_links":{"self":[{"href":"https:\/\/sgi.umh.es\/en\/wp-json\/wp\/v2\/pages\/253"}],"collection":[{"href":"https:\/\/sgi.umh.es\/en\/wp-json\/wp\/v2\/pages"}],"about":[{"href":"https:\/\/sgi.umh.es\/en\/wp-json\/wp\/v2\/types\/page"}],"author":[{"embeddable":true,"href":"https:\/\/sgi.umh.es\/en\/wp-json\/wp\/v2\/users\/475"}],"replies":[{"embeddable":true,"href":"https:\/\/sgi.umh.es\/en\/wp-json\/wp\/v2\/comments?post=253"}],"version-history":[{"count":0,"href":"https:\/\/sgi.umh.es\/en\/wp-json\/wp\/v2\/pages\/253\/revisions"}],"up":[{"embeddable":true,"href":"https:\/\/sgi.umh.es\/en\/wp-json\/wp\/v2\/pages\/290"}],"wp:attachment":[{"href":"https:\/\/sgi.umh.es\/en\/wp-json\/wp\/v2\/media?parent=253"}],"curies":[{"name":"wp","href":"https:\/\/api.w.org\/{rel}","templated":true}]}}