{"id":1624,"date":"2011-06-01T13:54:07","date_gmt":"2011-06-01T11:54:07","guid":{"rendered":"http:\/\/otri.zeus.umh.es\/?page_id=1624"},"modified":"2018-08-28T13:04:09","modified_gmt":"2018-08-28T11:04:09","slug":"ayudas-para-formacion-de-investigadores-de-la-generalitat-valenciana","status":"publish","type":"page","link":"https:\/\/sgi.umh.es\/en\/financiacion-idi\/rrhh-de-investigacion\/formacion-pi\/ayudas-predoctorales-de-la-generalitat-valenciana\/ayudas-para-formacion-de-investigadores-de-la-generalitat-valenciana\/","title":{"rendered":"AYUDAS PARA FORMACI\u00d3N DE INVESTIGADORES DE LA GENERALITAT VALENCIANA"},"content":{"rendered":"<p>La Conselleria de Educaci\u00f3n, Investigaci\u00f3n, Cultura y Deporte convoca anualmente subvenciones cuyo objeto es la formaci\u00f3n de personal investigador en organismos de investigaci\u00f3n de la Comunidad Valenciana.<\/p>\n<p><a href=\"https:\/\/otri.umh.es\/2018\/08\/28\/subvenciones-para-la-contratacion-de-personal-investigador-de-caracter-predoctoral_-acif-2019\/\">Subvenciones para la contrataci\u00f3n de personal investigador de car\u00e1cter predoctoral<\/a><\/p>\n<p><a href=\"https:\/\/otri.umh.es\/2018\/08\/28\/subvenciones-para-estancias-de-contratados-predoctorales-en-centros-de-investigacion-fuera-de-la-comunitat-valenciana\/\">Subvenciones para estancias de contratados predoctorales en centros de investigaci\u00f3n fuera de la CV<\/a><\/p>\n<p><a href=\"https:\/\/otri.umh.es\/2018\/08\/28\/subvenciones-del-programa-santiago-grisolia\/\">Subvenciones del programa Santiago Grisol\u00eda<\/a><\/p>","protected":false},"excerpt":{"rendered":"<p>La Conselleria de Educaci\u00f3n, Investigaci\u00f3n, Cultura y Deporte convoca anualmente subvenciones cuyo objeto es la formaci\u00f3n de personal investigador en organismos de investigaci\u00f3n de la Comunidad Valenciana.<br \/>\nSubvenciones para la contrataci\u00f3n de personal investigador de car\u00e1cter predoctoral<br \/>\nSubvenciones para estancias de contratados predoctorales en centros de investigaci\u00f3n fuera de la CV<br \/>\nSubvenciones del programa Santiago Grisol\u00eda<\/p>\n","protected":false},"author":475,"featured_media":0,"parent":668,"menu_order":0,"comment_status":"closed","ping_status":"closed","template":"","meta":{"_links_to":"","_links_to_target":""},"_links":{"self":[{"href":"https:\/\/sgi.umh.es\/en\/wp-json\/wp\/v2\/pages\/1624"}],"collection":[{"href":"https:\/\/sgi.umh.es\/en\/wp-json\/wp\/v2\/pages"}],"about":[{"href":"https:\/\/sgi.umh.es\/en\/wp-json\/wp\/v2\/types\/page"}],"author":[{"embeddable":true,"href":"https:\/\/sgi.umh.es\/en\/wp-json\/wp\/v2\/users\/475"}],"replies":[{"embeddable":true,"href":"https:\/\/sgi.umh.es\/en\/wp-json\/wp\/v2\/comments?post=1624"}],"version-history":[{"count":0,"href":"https:\/\/sgi.umh.es\/en\/wp-json\/wp\/v2\/pages\/1624\/revisions"}],"up":[{"embeddable":true,"href":"https:\/\/sgi.umh.es\/en\/wp-json\/wp\/v2\/pages\/668"}],"wp:attachment":[{"href":"https:\/\/sgi.umh.es\/en\/wp-json\/wp\/v2\/media?parent=1624"}],"curies":[{"name":"wp","href":"https:\/\/api.w.org\/{rel}","templated":true}]}}