{"id":1526,"date":"2011-05-10T14:57:11","date_gmt":"2011-05-10T12:57:11","guid":{"rendered":"http:\/\/otri.zeus.umh.es\/?page_id=1526"},"modified":"2024-01-25T14:50:16","modified_gmt":"2024-01-25T13:50:16","slug":"movilidad","status":"publish","type":"page","link":"https:\/\/sgi.umh.es\/en\/financiacion-idi\/otras-convocatorias\/becas-oportunidades-laborales-y-movilidad\/movilidad\/","title":{"rendered":"MOBILITY"},"content":{"rendered":"<p><a href=\"https:\/\/otri.umh.es\/2021\/06\/15\/cris-out-back-fellowship-programme\/\">CRIS OUT-BACK FELLOWSHIP PROGRAMME _ Fundaci\u00f3n CRIS contra el c\u00e1ncer<\/a><\/p>\n<p><a href=\"https:\/\/otri.umh.es\/2020\/03\/10\/becas-de-investigacion-en-universidades-o-centros-en-el-extranjero-_-2020\/\">Becas de investigaci\u00f3n en universidades o centros en el extranjero &#8211; Fundaci\u00f3n Alfonso Mart\u00edn Escudero<\/a><\/p>\n<p><a href=\"https:\/\/otri.umh.es\/2021\/09\/15\/programa-de-estancias-de-investigacion-desarrollo-e-innovacion-de-la-udima-4\/\">Programa de estancias de investigaci\u00f3n _ UDIMA<\/a><\/p>\n<p><a href=\"https:\/\/otri.umh.es\/2019\/11\/07\/deep-blue-soluciones-innovadoras-para-el-crecimiento-sostenible-del-mar-mediterraneo-_-upm\/\">Proyecto DEEP BLUE _ UPM<\/a><\/p>\n<p><a href=\"https:\/\/otri.umh.es\/2019\/02\/05\/becas-de-la-real-academia-de-medicina-de-la-comunidad-valenciana\/\">Becas de la Real Academia de Medicina de la Comunidad Valenciana<\/a><\/p>\n<p><a href=\"https:\/\/otri.umh.es\/2014\/12\/10\/becas-iberoamerica-para-jovenes-profesores-e-investigadores-y-alumnos-de-doctorado-santander-universidades-2015\/\">Becas Iberoam\u00e9rica. J\u00f3venes Profesores e Investigadores y Alumnos de doctorado &#8211; Santander Universidades 2015<\/a><\/p>\n<p><a href=\"https:\/\/otri.umh.es\/2014\/11\/19\/convocatoria-de-beca-de-investigacion-y-transferencia-educativa-ocde\/\">Beca de investigaci\u00f3n y transferencia educativa OCDE &#8211; Fundaci\u00f3n Jaume Bofill<\/a><\/p>\n<p><a href=\"https:\/\/otri.umh.es\/2014\/11\/04\/premio-julian-sanz-del-rio-2014-para-jovenes-investigadoresas-en-espana-y-alemania\/\">Premio Juli\u00e1n Sanz del R\u00edo 2014 para j\u00f3venes investigadores\/as en Espa\u00f1a y Alemania<\/a><\/p>\n<p><a href=\"https:\/\/otri.umh.es\/2014\/01\/28\/becas-para-estudios-de-posgrado-2014-fundacion-rafael-del-pino\/\">XIV Programa de Becas para estudios de posgrado &#8211; Fundaci\u00f3n Rafael del Pino<\/a><\/p>\n<p><a href=\"https:\/\/otri.umh.es\/2014\/01\/17\/programa-de-formacion-avanzada-en-oncologia\/\">Programa de Formaci\u00f3n Avanzada en Oncolog\u00eda &#8211; aecc<\/a><\/p>\n<p><a href=\"https:\/\/otri.umh.es\/2013\/12\/16\/becas-de-la-caixa-para-estudios-de-posgrado-en-america-del-norte\/\">Becas de &#8220;la Caixa&#8221; para estudios de posgrado en Am\u00e9rica del Norte &#8211; Fundaci\u00f3n La Caixa<\/a><\/p>\n<p><a href=\"https:\/\/otri.umh.es\/2013\/12\/16\/becas-de-la-caixa-para-estudios-de-posgrado-en-la-zona-asia-pacifico\/\">Becas de &#8220;la Caixa&#8221; para estudios de posgrado en la zona Asia-Pac\u00edfico &#8211; Fundaci\u00f3n La Caixa<\/a><\/p>","protected":false},"excerpt":{"rendered":"<p>CRIS OUT-BACK FELLOWSHIP PROGRAMME _ Fundaci\u00f3n CRIS contra el c\u00e1ncer<br \/>\nBecas de investigaci\u00f3n en universidades o centros en el extranjero &#8211; Fundaci\u00f3n Alfonso Mart\u00edn Escudero<br \/>\nPrograma de estancias de investigaci\u00f3n _ UDIMA<br \/>\nProyecto DEEP BLUE _ UPM<br \/>\nBecas de la Real Academia de Medicina de la Comunidad Valenciana<br \/>\nBecas Iberoam\u00e9rica. J\u00f3venes Profesores e Investigadores y Alumnos de doctorado &#8211; Santander [&#8230;]<\/p>\n","protected":false},"author":475,"featured_media":0,"parent":164,"menu_order":0,"comment_status":"closed","ping_status":"closed","template":"","meta":{"_links_to":"","_links_to_target":""},"_links":{"self":[{"href":"https:\/\/sgi.umh.es\/en\/wp-json\/wp\/v2\/pages\/1526"}],"collection":[{"href":"https:\/\/sgi.umh.es\/en\/wp-json\/wp\/v2\/pages"}],"about":[{"href":"https:\/\/sgi.umh.es\/en\/wp-json\/wp\/v2\/types\/page"}],"author":[{"embeddable":true,"href":"https:\/\/sgi.umh.es\/en\/wp-json\/wp\/v2\/users\/475"}],"replies":[{"embeddable":true,"href":"https:\/\/sgi.umh.es\/en\/wp-json\/wp\/v2\/comments?post=1526"}],"version-history":[{"count":0,"href":"https:\/\/sgi.umh.es\/en\/wp-json\/wp\/v2\/pages\/1526\/revisions"}],"up":[{"embeddable":true,"href":"https:\/\/sgi.umh.es\/en\/wp-json\/wp\/v2\/pages\/164"}],"wp:attachment":[{"href":"https:\/\/sgi.umh.es\/en\/wp-json\/wp\/v2\/media?parent=1526"}],"curies":[{"name":"wp","href":"https:\/\/api.w.org\/{rel}","templated":true}]}}