{"id":13628,"date":"2020-06-04T11:14:53","date_gmt":"2020-06-04T09:14:53","guid":{"rendered":"https:\/\/otri.umh.es\/?page_id=13628"},"modified":"2026-02-27T14:51:30","modified_gmt":"2026-02-27T13:51:30","slug":"proyectos-de-la-comunidad-valenciana-cofinanciados-con-fondos-feader","status":"publish","type":"page","link":"https:\/\/sgi.umh.es\/en\/financiacion-idi\/proyectos-de-investigacion\/ayudas-nacionales-idi\/proyectos-de-la-comunidad-valenciana-cofinanciados-con-fondos-feader\/","title":{"rendered":"<span lang=\"es\">(Espa\u00f1ol) Publicidad de las subvenciones cofinanciadas por la Uni\u00f3n Europea a trav\u00e9s del P.O. FEADER de la Comunidad Valenciana<\/span>"},"content":{"rendered":"<p class=\"qtranxs-available-languages-message qtranxs-available-languages-message-en\">Sorry, this entry is only available in <a href=\"https:\/\/sgi.umh.es\/es\/wp-json\/wp\/v2\/pages\/13628\" class=\"qtranxs-available-language-link qtranxs-available-language-link-es\" title=\"Espa\u00f1ol\">European Spanish<\/a>.<\/p>","protected":false},"excerpt":{"rendered":"<p>Sorry, this entry is only available in European Spanish.<\/p>\n","protected":false},"author":479,"featured_media":0,"parent":61,"menu_order":0,"comment_status":"closed","ping_status":"closed","template":"","meta":{"_links_to":"","_links_to_target":""},"_links":{"self":[{"href":"https:\/\/sgi.umh.es\/en\/wp-json\/wp\/v2\/pages\/13628"}],"collection":[{"href":"https:\/\/sgi.umh.es\/en\/wp-json\/wp\/v2\/pages"}],"about":[{"href":"https:\/\/sgi.umh.es\/en\/wp-json\/wp\/v2\/types\/page"}],"author":[{"embeddable":true,"href":"https:\/\/sgi.umh.es\/en\/wp-json\/wp\/v2\/users\/479"}],"replies":[{"embeddable":true,"href":"https:\/\/sgi.umh.es\/en\/wp-json\/wp\/v2\/comments?post=13628"}],"version-history":[{"count":0,"href":"https:\/\/sgi.umh.es\/en\/wp-json\/wp\/v2\/pages\/13628\/revisions"}],"up":[{"embeddable":true,"href":"https:\/\/sgi.umh.es\/en\/wp-json\/wp\/v2\/pages\/61"}],"wp:attachment":[{"href":"https:\/\/sgi.umh.es\/en\/wp-json\/wp\/v2\/media?parent=13628"}],"curies":[{"name":"wp","href":"https:\/\/api.w.org\/{rel}","templated":true}]}}