{"id":13359,"date":"2020-04-27T09:08:46","date_gmt":"2020-04-27T07:08:46","guid":{"rendered":"https:\/\/otri.umh.es\/?page_id=13359"},"modified":"2022-04-01T12:21:48","modified_gmt":"2022-04-01T10:21:48","slug":"proyectos-de-id-plan-estatal-de-investigacion-cientifica-y-tecnica-y-de-innovacion-2013-2016","status":"publish","type":"page","link":"https:\/\/sgi.umh.es\/en\/financiacion-idi\/proyectos-de-investigacion\/ayudas-nacionales-idi\/proyectos-de-id-plan-estatal-de-investigacion-cientifica-y-tecnica-y-de-innovacion-2013-2016\/","title":{"rendered":"<span lang=\"es\">(Espa\u00f1ol) Proyectos de I+D &#8211; Plan Estatal de Investigaci\u00f3n Cient\u00edfica y T\u00e9cnica y de Innovaci\u00f3n 2013-2016<\/span>"},"content":{"rendered":"<p class=\"qtranxs-available-languages-message qtranxs-available-languages-message-en\">Sorry, this entry is only available in <a href=\"https:\/\/sgi.umh.es\/es\/wp-json\/wp\/v2\/pages\/13359\" class=\"qtranxs-available-language-link qtranxs-available-language-link-es\" title=\"Espa\u00f1ol\">European Spanish<\/a>.<\/p>","protected":false},"excerpt":{"rendered":"<p>Sorry, this entry is only available in European Spanish.<\/p>\n","protected":false},"author":4007,"featured_media":0,"parent":61,"menu_order":0,"comment_status":"closed","ping_status":"closed","template":"","meta":{"_links_to":"","_links_to_target":""},"_links":{"self":[{"href":"https:\/\/sgi.umh.es\/en\/wp-json\/wp\/v2\/pages\/13359"}],"collection":[{"href":"https:\/\/sgi.umh.es\/en\/wp-json\/wp\/v2\/pages"}],"about":[{"href":"https:\/\/sgi.umh.es\/en\/wp-json\/wp\/v2\/types\/page"}],"author":[{"embeddable":true,"href":"https:\/\/sgi.umh.es\/en\/wp-json\/wp\/v2\/users\/4007"}],"replies":[{"embeddable":true,"href":"https:\/\/sgi.umh.es\/en\/wp-json\/wp\/v2\/comments?post=13359"}],"version-history":[{"count":0,"href":"https:\/\/sgi.umh.es\/en\/wp-json\/wp\/v2\/pages\/13359\/revisions"}],"up":[{"embeddable":true,"href":"https:\/\/sgi.umh.es\/en\/wp-json\/wp\/v2\/pages\/61"}],"wp:attachment":[{"href":"https:\/\/sgi.umh.es\/en\/wp-json\/wp\/v2\/media?parent=13359"}],"curies":[{"name":"wp","href":"https:\/\/api.w.org\/{rel}","templated":true}]}}