{"id":1230,"date":"2011-01-25T09:51:39","date_gmt":"2011-01-25T08:51:39","guid":{"rendered":"http:\/\/otri.zeus.umh.es\/?page_id=1230"},"modified":"2012-05-24T11:05:38","modified_gmt":"2012-05-24T11:05:38","slug":"fpu-2","status":"publish","type":"page","link":"https:\/\/sgi.umh.es\/en\/financiacion-idi\/rrhh-de-investigacion\/formacion-pi\/programa-nacional-de-formacion-de-recursos-humanos-de-investigacion\/fpu-2\/","title":{"rendered":"FPU"},"content":{"rendered":"<p><\/p>\n<p><p style=\"text-align: justify\">Estas ayudas\u00a0tienen el prop\u00f3sito de promover la formaci\u00f3n espec\u00edfica para aqu\u00e9llos que deseen orientar su actividad profesional hacia la investigaci\u00f3n y\/o la docencia universitaria, en el marco del Estatuto del Personal Investigador en Formaci\u00f3n (EPIF), aprobado por Real Decreto 63\/2006, de 27 de enero.<\/p>\n<p style=\"text-align: justify\">La finalidad es la formaci\u00f3n del profesorado universitario en programas de doctorado de solvencia formativa e investigadora, en cualquier \u00e1rea de conocimiento cient\u00edfico, que facilite su futura incorporaci\u00f3n al sistema espa\u00f1ol de educaci\u00f3n superior e investigaci\u00f3n cient\u00edfica.<\/p>\n<p style=\"text-align: justify\">Este Programa financia adem\u00e1s estancias breves y traslados temporales al extranjero, as\u00ed como los precios p\u00fablicos de la matr\u00edcula de Doctorado.<\/p>\n<p style=\"text-align: justify\"><a href=\"https:\/\/otri.umh.es\/2011\/01\/25\/fpu-boe-24012011\/\" target=\"_self\">Convocatoria 2010<\/a><\/p>\n<p style=\"text-align: justify\"><a href=\"http:\/\/www.educacion.es\/educacion\/universidades\/convocatorias\/titulados-doctores-profesores\/fpu\/estancias-breves.html\" target=\"_blank\">Estancias Breves<\/a><\/p>\n<p style=\"text-align: justify\"><a href=\"http:\/\/www.educacion.es\/educacion\/universidades\/convocatorias\/titulados-doctores-profesores\/fpu\/traslados-temporales.html\" target=\"_blank\">Traslados Temporales<\/a><\/p>\n<p style=\"text-align: justify\"><a href=\"http:\/\/www.educacion.es\/educacion\/universidades\/convocatorias\/titulados-doctores-profesores\/fpu\/cuaderno-impresos-ayuda.html\" target=\"_blank\">Cuaderno de impresos durante la vigencia de la ayuda<\/a><\/p>\n<p style=\"text-align: justify\"><a href=\"http:\/\/www.educacion.es\/educacion\/universidades\/convocatorias\/titulados-doctores-profesores\/fpu\/convocatorias-anteriores.html\" target=\"_blank\">Convocatorias anteriores<\/a><\/p>\n<\/p>\n<p><\/p>","protected":false},"excerpt":{"rendered":"<p>Estas ayudas\u00a0tienen el prop\u00f3sito de promover la formaci\u00f3n espec\u00edfica para aqu\u00e9llos que deseen orientar su actividad profesional hacia la investigaci\u00f3n y\/o la docencia universitaria, en el marco del Estatuto del Personal Investigador en Formaci\u00f3n (EPIF), aprobado por Real Decreto 63\/2006, de 27 de enero.<br \/>\nLa finalidad es la formaci\u00f3n del profesorado universitario en programas de doctorado [&#8230;]<\/p>\n","protected":false},"author":475,"featured_media":0,"parent":194,"menu_order":0,"comment_status":"closed","ping_status":"closed","template":"","meta":{"_links_to":"","_links_to_target":""},"_links":{"self":[{"href":"https:\/\/sgi.umh.es\/en\/wp-json\/wp\/v2\/pages\/1230"}],"collection":[{"href":"https:\/\/sgi.umh.es\/en\/wp-json\/wp\/v2\/pages"}],"about":[{"href":"https:\/\/sgi.umh.es\/en\/wp-json\/wp\/v2\/types\/page"}],"author":[{"embeddable":true,"href":"https:\/\/sgi.umh.es\/en\/wp-json\/wp\/v2\/users\/475"}],"replies":[{"embeddable":true,"href":"https:\/\/sgi.umh.es\/en\/wp-json\/wp\/v2\/comments?post=1230"}],"version-history":[{"count":0,"href":"https:\/\/sgi.umh.es\/en\/wp-json\/wp\/v2\/pages\/1230\/revisions"}],"up":[{"embeddable":true,"href":"https:\/\/sgi.umh.es\/en\/wp-json\/wp\/v2\/pages\/194"}],"wp:attachment":[{"href":"https:\/\/sgi.umh.es\/en\/wp-json\/wp\/v2\/media?parent=1230"}],"curies":[{"name":"wp","href":"https:\/\/api.w.org\/{rel}","templated":true}]}}