{"id":83,"date":"2010-02-23T08:11:21","date_gmt":"2010-02-23T07:11:21","guid":{"rendered":"http:\/\/otri.zeus.umh.es\/?page_id=83"},"modified":"2022-10-10T15:13:25","modified_gmt":"2022-10-10T13:13:25","slug":"procedimiento","status":"publish","type":"page","link":"https:\/\/sgi.umh.es\/ca\/proteccion-resultados\/procedimiento\/","title":{"rendered":"Procediment"},"content":{"rendered":"<p><\/p>\n<p style=\"text-align: justify\">Els investigadors de la\u00a0UMH estan obligats a comunicar a la universitat l&#8217;obtenci\u00f3 de resultats susceptibles de protecci\u00f3, que sorgisquen com a conseq\u00fc\u00e8ncia de la realitzaci\u00f3 de les seues activitats d&#8217;investigaci\u00f3, tant finan\u00e7ada amb fons p\u00fablics com amb fons privats. Rebuda la comunicaci\u00f3 s&#8217;examinen tant els aspectes formals com els de fons i es comencen els tr\u00e0mits de protecci\u00f3 dels mateixos.<\/p>\n<p style=\"text-align: justify\"><strong>PROCEDIMENT A SEGUIR<\/strong><\/p>\n<p><strong>PROPIETAT INDUSTRIAL<\/strong><\/p>\n<p><a href=\"https:\/\/otri.umh.es\/ca\/proteccion-resultados\/procedimiento\/comunicacion-de-resultados-a-la-OTRI\/\" target=\"_self\" rel=\"noopener noreferrer\">1. Comunicaci\u00f3 de resultats a la OTRI<\/a><\/p>\n<p><a href=\"https:\/\/otri.umh.es\/ca\/proteccion-resultados\/procedimiento\/comunicacion-a-la-comision-delegada\/\" target=\"_self\" rel=\"noopener noreferrer\">2. Comunicaci\u00f3 a la Comissi\u00f3 Delegada del Consell de Govern en mat\u00e8ria de Propietat Intel\u00b7lectual i Industrial<\/a><\/p>\n<p><a href=\"https:\/\/otri.umh.es\/ca\/proteccion-resultados\/procedimiento\/solicitud-de-patente\/\" target=\"_self\" rel=\"noopener noreferrer\">3. Preparaci\u00f3 de mem\u00f2ria i presentaci\u00f3 de sol\u00b7licitud de patent<\/a><\/p>\n<p><a href=\"https:\/\/otri.umh.es\/ca\/proteccion-resultados\/procedimiento\/acciones-de-seguimiento\/\" target=\"_self\" rel=\"noopener noreferrer\">4. Accions de seguiment<\/a><\/p>\n<p><a href=\"https:\/\/otri.umh.es\/ca\/proteccion-resultados\/procedimiento\/extension-internacional\/\" target=\"_self\" rel=\"noopener noreferrer\">5. Comunicaci\u00f3 de possibilitat d&#8217;extensi\u00f3 internacional de patent<\/a><\/p>\n<p><strong>PROPIETAT INTEL\u00b7LECTUAL<\/strong><\/p>\n<p><a href=\"https:\/\/otri.umh.es\/ca\/proteccion-resultados\/procedimiento\/comunicacion-resultados-pintelectual\/\" target=\"_self\" rel=\"noopener noreferrer\">1. Comunicaci\u00f3 de resultats a la OTRI<\/a><\/p>\n<p><a href=\"https:\/\/otri.umh.es\/ca\/proteccion-resultados\/procedimiento\/comision-delegada-pintelectual\/\" target=\"_self\" rel=\"noopener noreferrer\">2. Comunicaci\u00f3 a la Comissi\u00f3 Delegada del Consell de Govern en mat\u00e8ria de Propietat Intel\u00b7lectual i Industrial<\/a><\/p>\n<p><a href=\"https:\/\/otri.umh.es\/ca\/proteccion-resultados\/procedimiento\/documentacion\/\" target=\"_self\" rel=\"noopener noreferrer\">3. Preparaci\u00f3 de la documentaci\u00f3 necess\u00e0ria<\/a><\/p>\n<p><a href=\"https:\/\/otri.umh.es\/ca\/proteccion-resultados\/procedimiento\/registro-de-la-propiedad-intelectual\/\" target=\"_self\" rel=\"noopener noreferrer\">4. Presentaci\u00f3 davant el Registre de la Propietat Intel\u00b7lectual<\/a><\/p>\n<p><a href=\"https:\/\/otri.umh.es\/ca\/proteccion-resultados\/procedimiento\/acciones-de-seguimiento-pintelectual\/\" target=\"_self\" rel=\"noopener noreferrer\">5. Accions de seguiment<\/a><\/p>","protected":false},"excerpt":{"rendered":"<p>Els investigadors de la\u00a0UMH estan obligats a comunicar a la universitat l&#8217;obtenci\u00f3 de resultats susceptibles de protecci\u00f3, que sorgisquen com a conseq\u00fc\u00e8ncia de la realitzaci\u00f3 de les seues activitats d&#8217;investigaci\u00f3, tant finan\u00e7ada amb fons p\u00fablics com amb fons privats. Rebuda la comunicaci\u00f3 s&#8217;examinen tant els aspectes formals com els de fons i es comencen els [&#8230;]<\/p>\n","protected":false},"author":482,"featured_media":0,"parent":82,"menu_order":10,"comment_status":"closed","ping_status":"open","template":"","meta":{"_links_to":"","_links_to_target":""},"_links":{"self":[{"href":"https:\/\/sgi.umh.es\/ca\/wp-json\/wp\/v2\/pages\/83"}],"collection":[{"href":"https:\/\/sgi.umh.es\/ca\/wp-json\/wp\/v2\/pages"}],"about":[{"href":"https:\/\/sgi.umh.es\/ca\/wp-json\/wp\/v2\/types\/page"}],"author":[{"embeddable":true,"href":"https:\/\/sgi.umh.es\/ca\/wp-json\/wp\/v2\/users\/482"}],"replies":[{"embeddable":true,"href":"https:\/\/sgi.umh.es\/ca\/wp-json\/wp\/v2\/comments?post=83"}],"version-history":[{"count":0,"href":"https:\/\/sgi.umh.es\/ca\/wp-json\/wp\/v2\/pages\/83\/revisions"}],"up":[{"embeddable":true,"href":"https:\/\/sgi.umh.es\/ca\/wp-json\/wp\/v2\/pages\/82"}],"wp:attachment":[{"href":"https:\/\/sgi.umh.es\/ca\/wp-json\/wp\/v2\/media?parent=83"}],"curies":[{"name":"wp","href":"https:\/\/api.w.org\/{rel}","templated":true}]}}