{"id":81,"date":"2010-02-23T08:08:55","date_gmt":"2010-02-23T07:08:55","guid":{"rendered":"http:\/\/otri.zeus.umh.es\/?page_id=81"},"modified":"2023-11-09T12:23:44","modified_gmt":"2023-11-09T11:23:44","slug":"otros-contratos-y-convenios","status":"publish","type":"page","link":"https:\/\/sgi.umh.es\/ca\/contratos-y-convenios\/otros-contratos-y-convenios\/","title":{"rendered":"Altres contractes i convenis"},"content":{"rendered":"<p><\/p>\n<p style=\"text-align: justify\">En l&#8217;\u00e0mbit de la investigaci\u00f3, a m\u00e9s dels documents que permeten la formalitzaci\u00f3 dels enc\u00e0rrecs d&#8217;activitats de R+D a la universitat, s\u00f3n necessaris freq\u00fcentment altres tipus de contractes que permeten regular diversos aspectes i situacions (diverses possibilitats de col\u00b7laboraci\u00f3 entre les parts en mat\u00e8ria de R+D, la confidencialitat, la transfer\u00e8ncia de material, etc). Tots ells es gestionen des d&#8217;el SGI-OTRI. A continuaci\u00f3 s&#8217;indiquen els m\u00e9s habituals:<\/p>\n<p style=\"text-align: justify\"><strong>CONTRACTES\/CONVENIS EN PROJECTES COL\u00b7LABORATIUS.<\/strong> Els projectes de R+D col\u00b7laborativa s\u00f3n els desenvolupats conjuntament entre empreses i investigadors de la nostra universitat en el marc dels programes nacionals i internacionals que afavoreixen aquesta col\u00b7laboraci\u00f3, i que s\u00f3n cada vegada m\u00e9s freq\u00fcents. En aquests projectes, i depenent de la convocat\u00f2ria concreta, la UMH podr\u00e0 participar tant com a entitat contractada per l&#8217;empresa (modalitat de subcontractaci\u00f3) com en el paper de s\u00f2cia de les entitats privades (projectes en col\u00b7laboraci\u00f3). En tots dos casos \u00e9s necessari subscriure un contracte (una o diverses empreses encarreguen la realitzaci\u00f3 de part del projecte a la UMH) o un conveni entre socis (mitjan\u00e7ant el qual es regulen els drets i obligacions dels socis participants en el consorci). Pot obtenir <a href=\"https:\/\/otri.umh.es\/ca\/financiacion-idi\/proyectos-de-investigacion\/ayudas-nacionales-idi\/convocatorias\/\" target=\"_blank\" rel=\"noopener noreferrer\">m\u00e9s informaci\u00f3 sobre aquest tipus de projectes en aquest mateix blog.<\/a> En tot cas, si participa en un projecte d&#8217;aquesta naturalesa, pose&#8217;s en contacte amb el SGI-OTRI per a subscriure el contracte o conveni m\u00e9s adequat.<\/p>\n<p style=\"text-align: justify\"><strong>ACORDS DE CONFIDENCIALITAT.<\/strong> Contracte que regula les condicions de la relaci\u00f3 jur\u00eddica entre una part que divulga informaci\u00f3 confidencial i una altra que rep aqueixa informaci\u00f3. Aquesta situaci\u00f3 \u00e9s freq\u00fcent en l&#8217;etapa de discussi\u00f3 i disseny de possibles col\u00b7laboracions amb empreses per al desenvolupament de projectes d&#8217;investigaci\u00f3, quan existeixen resultats i\/o coneixements procedents d&#8217;investigacions pr\u00e8vies que encara no estan adequadament protegits i que, per tant, \u00e9s necessari mantenir en secret per a evitar la p\u00e8rdua del seu valor. <a href=\"https:\/\/otri.umh.es\/files\/2019\/02\/Acuerdo-de-Confidencialidad_modelo.doc\" target=\"_blank\" rel=\"noopener noreferrer\">Accedisca al model.<\/a><\/p>\n<p style=\"text-align: justify\"><strong>ACORDS DE TRANSFER\u00c8NCIA DE MATERIAL (MTA).<\/strong> Acord que regeix la transfer\u00e8ncia de la possessi\u00f3 de material biol\u00f2gic entre dues parts. En general, el material biol\u00f2gic que es transfereix incorpora propietat intel\u00b7lectual i\/o industrial que ha de ser protegida. A m\u00e9s, els acords d&#8217;aquest tipus solen imposar restriccions a els qui poden posseir-ho, entre altres coses, per a protegir el valor comercial del material en q\u00fcesti\u00f3. En cas de requerir la signatura d&#8217;un acord d&#8217;aquest tipus, per favor pose&#8217;s en contacte amb el SGI-OTRI.<\/p>\n<p style=\"text-align: justify\"><strong>CONTRACTES D&#8217;EXPLOTACI\u00d3 DE RESULTATS.<\/strong> Ens referim a diversos instruments contractuals relacionats amb l&#8217;explotaci\u00f3 dels drets de propietat industrial i intel\u00b7lectual de la UMH, servint d&#8217;aquesta manera com a mitj\u00e0 per a transferir a la societat els coneixements generats en la universitat. Estan dins d&#8217;aquest tipus de contractes els acords de prova de concepte, de llic\u00e8ncia de patents, llic\u00e8ncia de know-how, etc. Pot obtenir <a href=\"https:\/\/otri.umh.es\/ca\/proteccion-resultados\/explotacion-resultados\/\" target=\"_blank\" rel=\"noopener noreferrer\">m\u00e9s informaci\u00f3 sobre aquest tipus de contractes en aquest mateix blog<\/a>.<\/p>\n<p><\/p>","protected":false},"excerpt":{"rendered":"<p>En l&#8217;\u00e0mbit de la investigaci\u00f3, a m\u00e9s dels documents que permeten la formalitzaci\u00f3 dels enc\u00e0rrecs d&#8217;activitats de R+D a la universitat, s\u00f3n necessaris freq\u00fcentment altres tipus de contractes que permeten regular diversos aspectes i situacions (diverses possibilitats de col\u00b7laboraci\u00f3 entre les parts en mat\u00e8ria de R+D, la confidencialitat, la transfer\u00e8ncia de material, etc). Tots ells [&#8230;]<\/p>\n","protected":false},"author":483,"featured_media":0,"parent":76,"menu_order":30,"comment_status":"closed","ping_status":"open","template":"","meta":{"_links_to":"","_links_to_target":""},"_links":{"self":[{"href":"https:\/\/sgi.umh.es\/ca\/wp-json\/wp\/v2\/pages\/81"}],"collection":[{"href":"https:\/\/sgi.umh.es\/ca\/wp-json\/wp\/v2\/pages"}],"about":[{"href":"https:\/\/sgi.umh.es\/ca\/wp-json\/wp\/v2\/types\/page"}],"author":[{"embeddable":true,"href":"https:\/\/sgi.umh.es\/ca\/wp-json\/wp\/v2\/users\/483"}],"replies":[{"embeddable":true,"href":"https:\/\/sgi.umh.es\/ca\/wp-json\/wp\/v2\/comments?post=81"}],"version-history":[{"count":0,"href":"https:\/\/sgi.umh.es\/ca\/wp-json\/wp\/v2\/pages\/81\/revisions"}],"up":[{"embeddable":true,"href":"https:\/\/sgi.umh.es\/ca\/wp-json\/wp\/v2\/pages\/76"}],"wp:attachment":[{"href":"https:\/\/sgi.umh.es\/ca\/wp-json\/wp\/v2\/media?parent=81"}],"curies":[{"name":"wp","href":"https:\/\/api.w.org\/{rel}","templated":true}]}}