{"id":80,"date":"2010-02-23T08:08:33","date_gmt":"2010-02-23T07:08:33","guid":{"rendered":"http:\/\/otri.zeus.umh.es\/?page_id=80"},"modified":"2023-05-11T14:12:46","modified_gmt":"2023-05-11T12:12:46","slug":"normativa-aplicacion","status":"publish","type":"page","link":"https:\/\/sgi.umh.es\/ca\/contratos-y-convenios\/normativa-aplicacion\/","title":{"rendered":"Normativa i legislaci\u00f3"},"content":{"rendered":"<p>La normativa que \u00e9s aplicable a la formalitzaci\u00f3 de contractes i convenis \u00e9s la seg\u00fcent:<\/p>\n<p><strong>NORMATIVA UMH<\/strong><\/p>\n<p><a href=\"https:\/\/otri.umh.es\/files\/2022\/12\/20220628_RCOGO-186-22-Not-acu.-modificacion-Reglamento-Contratacion.pdf\" target=\"_blank\" rel=\"noopener noreferrer\">Reglament per a la contractaci\u00f3 de treballs de car\u00e0cter cient\u00edfic, t\u00e8cnic o art\u00edstic<\/a><\/p>\n<p><a href=\"https:\/\/otri.umh.es\/files\/2010\/02\/Normativa-provisional-gesti\u00f3n-econ\u00f3mico-administrativa.pdf\" target=\"_blank\" rel=\"noopener noreferrer\">Normativa provisional sobre la gesti\u00f3 econ\u00f2mic-administrativa d&#8217;acords d&#8217;investigaci\u00f3 i prestacions de servei<\/a><\/p>\n<p><a href=\"https:\/\/otri.umh.es\/files\/2021\/05\/RCOGO-099-21-Not-acu-modificaci\u00f3n-del-Reglamento-Marco-de-C\u00e1tedras-de-la-UMH.pdf\">Reglament Marque de les C\u00e0tedres de la Universitat Miguel Hern\u00e1ndez d\u2019Elx<\/a><\/p>\n<p><strong>LEGISLACI\u00d3 I NORMATIVA GENERAL<\/strong><\/p>\n<p><a href=\"https:\/\/otri.umh.es\/files\/2010\/04\/lou.pdf\" target=\"_blank\" rel=\"noopener noreferrer\">Llei Org\u00e0nica 6\/2001, de 21 de desembre, d&#8217;Universitats<\/a><\/p>\n<p><a href=\"https:\/\/otri.umh.es\/files\/2010\/04\/lomlou.pdf\" target=\"_blank\" rel=\"noopener noreferrer\">Llei Org\u00e0nica 4\/2007, de 12 d&#8217;abril, per la qual es modifica la Llei Org\u00e0nica 6\/2001, de 21 de desembre, d&#8217;Universitats<\/a><\/p>","protected":false},"excerpt":{"rendered":"<p>La normativa que \u00e9s aplicable a la formalitzaci\u00f3 de contractes i convenis \u00e9s la seg\u00fcent:<br \/>\nNORMATIVA UMH<br \/>\nReglament per a la contractaci\u00f3 de treballs de car\u00e0cter cient\u00edfic, t\u00e8cnic o art\u00edstic<br \/>\nNormativa provisional sobre la gesti\u00f3 econ\u00f2mic-administrativa d&#8217;acords d&#8217;investigaci\u00f3 i prestacions de servei<br \/>\nReglament Marque de les C\u00e0tedres de la Universitat Miguel Hern\u00e1ndez d\u2019Elx<br \/>\nLEGISLACI\u00d3 I NORMATIVA GENERAL<br \/>\nLlei Org\u00e0nica 6\/2001, de [&#8230;]<\/p>\n","protected":false},"author":482,"featured_media":0,"parent":76,"menu_order":50,"comment_status":"closed","ping_status":"open","template":"","meta":{"_links_to":"","_links_to_target":""},"_links":{"self":[{"href":"https:\/\/sgi.umh.es\/ca\/wp-json\/wp\/v2\/pages\/80"}],"collection":[{"href":"https:\/\/sgi.umh.es\/ca\/wp-json\/wp\/v2\/pages"}],"about":[{"href":"https:\/\/sgi.umh.es\/ca\/wp-json\/wp\/v2\/types\/page"}],"author":[{"embeddable":true,"href":"https:\/\/sgi.umh.es\/ca\/wp-json\/wp\/v2\/users\/482"}],"replies":[{"embeddable":true,"href":"https:\/\/sgi.umh.es\/ca\/wp-json\/wp\/v2\/comments?post=80"}],"version-history":[{"count":0,"href":"https:\/\/sgi.umh.es\/ca\/wp-json\/wp\/v2\/pages\/80\/revisions"}],"up":[{"embeddable":true,"href":"https:\/\/sgi.umh.es\/ca\/wp-json\/wp\/v2\/pages\/76"}],"wp:attachment":[{"href":"https:\/\/sgi.umh.es\/ca\/wp-json\/wp\/v2\/media?parent=80"}],"curies":[{"name":"wp","href":"https:\/\/api.w.org\/{rel}","templated":true}]}}