{"id":796,"date":"2010-09-08T21:43:15","date_gmt":"2010-09-08T20:43:15","guid":{"rendered":"http:\/\/otri.zeus.umh.es\/?page_id=796"},"modified":"2025-05-02T10:55:59","modified_gmt":"2025-05-02T08:55:59","slug":"ayudas-economicas-para-el-desarrollo-de-proyectos-de-investigacion-sobre-drogodepencias-msyps","status":"publish","type":"page","link":"https:\/\/sgi.umh.es\/ca\/financiacion-idi\/proyectos-de-investigacion\/ayudas-nacionales-idi\/convocatorias\/programas-nacionales\/ayudas-economicas-para-el-desarrollo-de-proyectos-de-investigacion-sobre-drogodepencias-msyps\/","title":{"rendered":"Ajudes econ\u00f2miques per al desenvolupament de projectes d&#8217;investigaci\u00f3 sobre addiccions &#8211; MS"},"content":{"rendered":"<p><\/p>\n<p style=\"text-align: justify\">El Ministeri de Sanitat publica anualment una convocat\u00f2ria d&#8217;ajudes econ\u00f2miques per al desenvolupament de projectes de recerca sobre addiccions realitzats per entitats p\u00fabliques o privades sense finalitats de lucre, en el marc de l&#8217;Estrat\u00e8gia Nacional sobre Addiccions.<\/p>\n<p><a href=\"https:\/\/sgi.umh.es\/ca\/2025\/05\/02\/ayudas-a-la-investigacion-sobre-adicciones-pnsd2025\/\">Convocat\u00f2ria 2025<\/a><\/p>\n<p style=\"text-align: justify\">\n<p><\/p>","protected":false},"excerpt":{"rendered":"<p>El Ministeri de Sanitat publica anualment una convocat\u00f2ria d&#8217;ajudes econ\u00f2miques per al desenvolupament de projectes de recerca sobre addiccions realitzats per entitats p\u00fabliques o privades sense finalitats de lucre, en el marc de l&#8217;Estrat\u00e8gia Nacional sobre Addiccions.<br \/>\nConvocat\u00f2ria 2025<\/p>\n","protected":false},"author":486,"featured_media":0,"parent":253,"menu_order":0,"comment_status":"closed","ping_status":"closed","template":"","meta":{"_links_to":"","_links_to_target":""},"_links":{"self":[{"href":"https:\/\/sgi.umh.es\/ca\/wp-json\/wp\/v2\/pages\/796"}],"collection":[{"href":"https:\/\/sgi.umh.es\/ca\/wp-json\/wp\/v2\/pages"}],"about":[{"href":"https:\/\/sgi.umh.es\/ca\/wp-json\/wp\/v2\/types\/page"}],"author":[{"embeddable":true,"href":"https:\/\/sgi.umh.es\/ca\/wp-json\/wp\/v2\/users\/486"}],"replies":[{"embeddable":true,"href":"https:\/\/sgi.umh.es\/ca\/wp-json\/wp\/v2\/comments?post=796"}],"version-history":[{"count":0,"href":"https:\/\/sgi.umh.es\/ca\/wp-json\/wp\/v2\/pages\/796\/revisions"}],"up":[{"embeddable":true,"href":"https:\/\/sgi.umh.es\/ca\/wp-json\/wp\/v2\/pages\/253"}],"wp:attachment":[{"href":"https:\/\/sgi.umh.es\/ca\/wp-json\/wp\/v2\/media?parent=796"}],"curies":[{"name":"wp","href":"https:\/\/api.w.org\/{rel}","templated":true}]}}