{"id":79,"date":"2010-02-23T08:08:11","date_gmt":"2010-02-23T07:08:11","guid":{"rendered":"http:\/\/otri.zeus.umh.es\/?page_id=79"},"modified":"2023-09-19T11:47:46","modified_gmt":"2023-09-19T09:47:46","slug":"contratos","status":"publish","type":"page","link":"https:\/\/sgi.umh.es\/ca\/contratos-y-convenios\/contratacion-art-60-losu\/contratos\/","title":{"rendered":"Contractes"},"content":{"rendered":"<p><\/p>\n<p style=\"text-align: justify\">Mitjan\u00e7ant la formalitzaci\u00f3 d&#8217;un contracte es regula la realitzaci\u00f3, a petici\u00f3 d&#8217;una empresa, d&#8217;un treball de car\u00e0cter cient\u00edfic, t\u00e8cnic o art\u00edstic,\u00a0o el desenvolupament d&#8217;activitats espec\u00edfiques de formaci\u00f3,\u00a0per part d&#8217;un equip de treball de la Universitat. El contracte estableix els objectius, pla de treball, termini d&#8217;execuci\u00f3, condicions econ\u00f2miques i, en aquells casos en els quals procedisca, les condicions relatives a la propietat i l&#8217;explotaci\u00f3 dels resultats de la investigaci\u00f3.<\/p>\n<p>Es formalitzar\u00e0 un contracte sempre que es complisca alguna de les condicions seg\u00fcents: contraprestaci\u00f3 econ\u00f2mica superior a 12.000 \u20ac, per\u00edode d&#8217;execuci\u00f3 superior a 12 mesos, o quan calga regular expressament les condicions relatives a propietat de resultats, publicacions o responsabilitats de les parts.<\/p>\n<p><strong>TIPUS DE CONTRACTES<\/strong><\/p>\n<p>El tipus de contracte a formalitzar dependr\u00e0 de la naturalesa de les activitats que s&#8217;estan encarregant als investigadors de la UMH. Els tipus m\u00e9s freq\u00fcents s\u00f3n els seg\u00fcents:<\/p>\n<p><strong>Contracte d&#8217;Assessorament i Assist\u00e8ncia T\u00e8cnica<\/strong><\/p>\n<p style=\"text-align: justify\">Contracte mitjan\u00e7ant el qual es compromet la realitzaci\u00f3 d&#8217;un servei de consultoria, l&#8217;emissi\u00f3 d&#8217;una opini\u00f3 o l&#8217;exposici\u00f3 d&#8217;un diagn\u00f2stic per part d&#8217;un investigador -o d&#8217;un equip d&#8217;investigaci\u00f3- especialitzat en la mat\u00e8ria d&#8217;inter\u00e8s del tercer contractant. No es preveu la generaci\u00f3 de nou coneixement. <a href=\"https:\/\/otri.umh.es\/files\/2021\/03\/Modelo-2-Contrato-para-actividades-de-Asesoramiento-y-Asistencia-Tecnica.docx\" target=\"_blank\" rel=\"noopener noreferrer\">Contracte d&#8217;Assessorament i Assist\u00e8ncia T\u00e8cnica<\/a><\/p>\n<p><strong>Contracte de Suport Tecnol\u00f2gic<\/strong><\/p>\n<p style=\"text-align: justify\">Contracte mitjan\u00e7ant el qual es compromet l&#8217;aplicaci\u00f3 de coneixements cient\u00edfics ja existents i mitjans de la universitat a la resoluci\u00f3 d&#8217;una necessitat pr\u00e0ctica del tercer contractant. No es preveu la generaci\u00f3 de nou coneixement. <a href=\"https:\/\/otri.umh.es\/files\/2021\/03\/Modelo-1-Contrato-para-actividades-de-Apoyo-Tecnologico.docx\" target=\"_blank\" rel=\"noopener noreferrer\">Contracte de Suport Tecnol\u00f2gic<\/a><\/p>\n<p><strong>Contracte per a la realitzaci\u00f3 d&#8217;un Projecte de R+D+i<\/strong><\/p>\n<p style=\"text-align: justify\">Contracte mitjan\u00e7ant el qual es compromet la realitzaci\u00f3 d&#8217;activitats fruit de les quals es preveu la generaci\u00f3 de nou coneixement i\/o la resoluci\u00f3 d&#8217;una incertesa cient\u00edfica\/tecnol\u00f2gica d&#8217;inter\u00e8s per a un tercer contractant. (Si necessita aquest model, per favor pose&#8217;s directament en contacte amb el SGI-OTRI).<\/p>\n<p><strong>COM ES FORMALITZEN ELS CONTRACTES I CONVENIS?<\/strong><\/p>\n<p>1. <a href=\"https:\/\/otri.umh.es\/ca\/contratos-y-convenios\/contratacion-art-83-lou\/contratos\/elaboracion-del-contratoconvenio\/\" target=\"_self\" rel=\"noopener noreferrer\">Elaboraci\u00f3 del Contracte\/Conveni<\/a><\/p>\n<p>2. <a href=\"https:\/\/otri.umh.es\/ca\/contratos-y-convenios\/contratacion-art-83-lou\/contratos\/aprobacion-y-firma-del-contratoconvenio\/\" target=\"_self\" rel=\"noopener noreferrer\">Aprovaci\u00f3 i signatura del Contracte\/Conveni<\/a><\/p>\n<p>3. Realitzaci\u00f3 de l&#8217;activitat per part de l&#8217;equip de treball i facturaci\u00f3 al tercer en les condicions arreplegades en el contracte\/conveni.<\/p>\n<p><strong>CONTRACTACI\u00d3 PER PART DE L&#8217;ADMINISTRACI\u00d3 P\u00daBLICA<\/strong><\/p>\n<p style=\"text-align: justify\">Quan qui contracta \u00e9s l&#8217;Administraci\u00f3 P\u00fablica, s\u00f3n habituals les formes de contractaci\u00f3 mitjan\u00e7ant l&#8217;adjudicaci\u00f3 d&#8217;un contracte menor o la convocat\u00f2ria d&#8217;una licitaci\u00f3, procediments que tamb\u00e9 s&#8217;emmarquen en l&#8217;art. 83 de la LOU i als quals aplica igualment el <a href=\"https:\/\/otri.umh.es\/files\/2022\/12\/20220628_RCOGO-186-22-Not-acu.-modificacion-Reglamento-Contratacion.pdf\" target=\"_blank\" rel=\"noopener noreferrer\">Reglament per a la contractaci\u00f3 de treballs de car\u00e0cter cient\u00edfic, t\u00e8cnic o art\u00edstic<\/a> i les restants normatives associades.<\/p>\n<p style=\"text-align: justify\">En aquests casos, l&#8217;expedient s&#8217;iniciar\u00e0 amb l&#8217;aportaci\u00f3 per part de l&#8217;Investigador Responsable d&#8217;un document descriptiu de l&#8217;activitat. <a href=\"https:\/\/otri.umh.es\/files\/2013\/09\/Doc-Descriptivo-Contrato-menor.doc\" target=\"_blank\" rel=\"noopener noreferrer\">Document descriptiu<\/a>.<\/p>\n<p style=\"text-align: justify\">&#8211; En el cas d&#8217;expedients que impliquen la participaci\u00f3 en una licitaci\u00f3 p\u00fablica, el document descriptiu esmentat s&#8217;acompanyar\u00e0 de la documentaci\u00f3 necess\u00e0ria per a la preparaci\u00f3 de la proposta, segons es relaciona a continuaci\u00f3:<\/p>\n<ul>\n<li>\n<div style=\"text-align: justify\">C\u00f2pia de la publicaci\u00f3 oficial de la convocat\u00f2ria<\/div>\n<\/li>\n<li>\n<div style=\"text-align: justify\">Plegue de cl\u00e0usules administratives<\/div>\n<\/li>\n<li>\n<div style=\"text-align: justify\">Plegue de prescripcions t\u00e8cniques<\/div>\n<\/li>\n<li>\n<div style=\"text-align: justify\">Proposta t\u00e8cnica<\/div>\n<\/li>\n<\/ul>\n<p style=\"text-align: justify\">Totes les ofertes hauran de ser signades per la Vicerectora de Transfer\u00e8ncia i Intercanvi de Coneiximent, pr\u00e8via obtenci\u00f3 de la documentaci\u00f3 complement\u00e0ria per part de les diverses unitats administratives de la universitat en el marc de les seues compet\u00e8ncies.<\/p>\n<p>En el cas que la universitat resulte adjudicat\u00e0ria del contracte,\u00a0el SGI-OTRI realitzar\u00e0 les gestions necess\u00e0ries per a recaptar la signatura del representant legal de la universitat.<\/p>\n<p>&#8211; En el cas dels contractes menors, el document descriptiu esmentat s&#8217;acompanyar\u00e0 de la certificaci\u00f3 d&#8217;aprovaci\u00f3 de la despesa per part de l&#8217;entitat contractant, o document substitutiu.<\/p>","protected":false},"excerpt":{"rendered":"<p>Mitjan\u00e7ant la formalitzaci\u00f3 d&#8217;un contracte es regula la realitzaci\u00f3, a petici\u00f3 d&#8217;una empresa, d&#8217;un treball de car\u00e0cter cient\u00edfic, t\u00e8cnic o art\u00edstic,\u00a0o el desenvolupament d&#8217;activitats espec\u00edfiques de formaci\u00f3,\u00a0per part d&#8217;un equip de treball de la Universitat. El contracte estableix els objectius, pla de treball, termini d&#8217;execuci\u00f3, condicions econ\u00f2miques i, en aquells casos en els quals procedisca, [&#8230;]<\/p>\n","protected":false},"author":483,"featured_media":0,"parent":77,"menu_order":0,"comment_status":"closed","ping_status":"open","template":"","meta":{"_links_to":"","_links_to_target":""},"_links":{"self":[{"href":"https:\/\/sgi.umh.es\/ca\/wp-json\/wp\/v2\/pages\/79"}],"collection":[{"href":"https:\/\/sgi.umh.es\/ca\/wp-json\/wp\/v2\/pages"}],"about":[{"href":"https:\/\/sgi.umh.es\/ca\/wp-json\/wp\/v2\/types\/page"}],"author":[{"embeddable":true,"href":"https:\/\/sgi.umh.es\/ca\/wp-json\/wp\/v2\/users\/483"}],"replies":[{"embeddable":true,"href":"https:\/\/sgi.umh.es\/ca\/wp-json\/wp\/v2\/comments?post=79"}],"version-history":[{"count":0,"href":"https:\/\/sgi.umh.es\/ca\/wp-json\/wp\/v2\/pages\/79\/revisions"}],"up":[{"embeddable":true,"href":"https:\/\/sgi.umh.es\/ca\/wp-json\/wp\/v2\/pages\/77"}],"wp:attachment":[{"href":"https:\/\/sgi.umh.es\/ca\/wp-json\/wp\/v2\/media?parent=79"}],"curies":[{"name":"wp","href":"https:\/\/api.w.org\/{rel}","templated":true}]}}