{"id":7805,"date":"2017-11-08T13:27:51","date_gmt":"2017-11-08T12:27:51","guid":{"rendered":"http:\/\/otri.umh.es\/?page_id=7805"},"modified":"2017-11-13T12:58:29","modified_gmt":"2017-11-13T11:58:29","slug":"subvenciones-del-programa-para-la-promocion-de-la-investigacion-cientifica-el-desarrollo-tecnologico-y-la-innovacion-en-la-comunidad-valenciana-_-2018","status":"publish","type":"page","link":"https:\/\/sgi.umh.es\/ca\/subvenciones-del-programa-para-la-promocion-de-la-investigacion-cientifica-el-desarrollo-tecnologico-y-la-innovacion-en-la-comunidad-valenciana-_-2018\/","title":{"rendered":"<span lang=\"es\">(Espa\u00f1ol) SUBVENCIONES DEL PROGRAMA PARA LA PROMOCI\u00d3N DE LA INVESTIGACI\u00d3N CIENT\u00cdFICA, EL DESARROLLO TECNOL\u00d3GICO Y LA INNOVACI\u00d3N EN LA COMUNIDAD VALENCIANA _ 2018<\/span>"},"content":{"rendered":"<p class=\"qtranxs-available-languages-message qtranxs-available-languages-message-ca\">Ho sentim, aquesta entrada es troba disponible \u00fanicament en <a href=\"https:\/\/sgi.umh.es\/es\/wp-json\/wp\/v2\/pages\/7805\" class=\"qtranxs-available-language-link qtranxs-available-language-link-es\" title=\"Espa\u00f1ol\">Espanyol Europeu<\/a>.<\/p>","protected":false},"excerpt":{"rendered":"<p>Ho sentim, aquesta entrada es troba disponible \u00fanicament en Espanyol Europeu.<\/p>\n","protected":false},"author":475,"featured_media":0,"parent":0,"menu_order":0,"comment_status":"closed","ping_status":"closed","template":"","meta":{"_links_to":"","_links_to_target":""},"_links":{"self":[{"href":"https:\/\/sgi.umh.es\/ca\/wp-json\/wp\/v2\/pages\/7805"}],"collection":[{"href":"https:\/\/sgi.umh.es\/ca\/wp-json\/wp\/v2\/pages"}],"about":[{"href":"https:\/\/sgi.umh.es\/ca\/wp-json\/wp\/v2\/types\/page"}],"author":[{"embeddable":true,"href":"https:\/\/sgi.umh.es\/ca\/wp-json\/wp\/v2\/users\/475"}],"replies":[{"embeddable":true,"href":"https:\/\/sgi.umh.es\/ca\/wp-json\/wp\/v2\/comments?post=7805"}],"version-history":[{"count":0,"href":"https:\/\/sgi.umh.es\/ca\/wp-json\/wp\/v2\/pages\/7805\/revisions"}],"wp:attachment":[{"href":"https:\/\/sgi.umh.es\/ca\/wp-json\/wp\/v2\/media?parent=7805"}],"curies":[{"name":"wp","href":"https:\/\/api.w.org\/{rel}","templated":true}]}}