{"id":78,"date":"2010-02-23T08:07:55","date_gmt":"2010-02-23T07:07:55","guid":{"rendered":"http:\/\/otri.zeus.umh.es\/?page_id=78"},"modified":"2022-05-24T11:18:46","modified_gmt":"2022-05-24T09:18:46","slug":"prestaciones-de-servicio","status":"publish","type":"page","link":"https:\/\/sgi.umh.es\/ca\/contratos-y-convenios\/contratacion-art-60-losu\/prestaciones-de-servicio\/","title":{"rendered":"Prestacions de servei"},"content":{"rendered":"<p>Les <em>prestacions de servei<\/em> constitueixen una modalitat simplificada de contractaci\u00f3 amb la UMH de treballs eminentment t\u00e8cnics i puntuals (assajos, informes t\u00e8cnics, dict\u00e0mens jur\u00eddics, peritatges&#8230;). Es pot utilitzar aquesta modalitat de contractaci\u00f3 quan es complisquen tots els requisits seg\u00fcents:<\/p>\n<ul>\n<li>la contraprestaci\u00f3 econ\u00f2mica prevista \u00e9s inferior o igual a 12.000 \u20ac (IVA no incl\u00f2s);<\/li>\n<li>el per\u00edode d&#8217;execuci\u00f3 previst \u00e9s inferior o igual a 12 mesos;<\/li>\n<li>no cal regular expressament propietat de resultats, publicacions o responsabilitats de les parts.<\/li>\n<\/ul>\n<p><strong>COM ES FORMALITZEN LES PRESTACIONS DE SERVEI?<\/strong><\/p>\n<p>El procediment a seguir consta de les seg\u00fcents etapes:<\/p>\n<p>1. <a href=\"https:\/\/otri.umh.es\/ca\/contratos-y-convenios\/contratacion-art-83-lou\/prestaciones-de-servicio\/hoja-de-encargo\/\" target=\"_self\" rel=\"noopener noreferrer\">Emplenament de la Fulla per enc\u00e0rrec<\/a><\/p>\n<div id=\"attachment_2952\" style=\"width: 160px\" class=\"wp-caption alignright\"><a href=\"https:\/\/otri.umh.es\/files\/2010\/02\/Flujograma_PS_dic12.pdf\"><img aria-describedby=\"caption-attachment-2952\" loading=\"lazy\" class=\"size-thumbnail wp-image-2952\" title=\"Flujograma_PS_dic12\" src=\"https:\/\/otri.umh.es\/files\/2010\/02\/Flujograma_PS_dic12-150x150.jpg\" alt=\"\" width=\"150\" height=\"150\" srcset=\"https:\/\/sgi.umh.es\/files\/2010\/02\/Flujograma_PS_dic12-150x150.jpg 150w, https:\/\/sgi.umh.es\/files\/2010\/02\/Flujograma_PS_dic12.jpg 567w\" sizes=\"(max-width: 150px) 100vw, 150px\" \/><\/a><p id=\"caption-attachment-2952\" class=\"wp-caption-text\">Flujograma PS<\/p><\/div>\n<p>2. <a href=\"https:\/\/otri.umh.es\/ca\/contratos-y-convenios\/contratacion-art-83-lou\/prestaciones-de-servicio\/tramitacion\/\" target=\"_self\" rel=\"noopener noreferrer\">Tramitaci\u00f3<\/a><\/p>\n<p>3. Realitzaci\u00f3 de l&#8217;activitat per part de l&#8217;Investigador Responsable<\/p>\n<p>4. <a href=\"https:\/\/otri.umh.es\/ca\/contratos-y-convenios\/contratacion-art-83-lou\/prestaciones-de-servicio\/nota-de-entrega\/\" target=\"_self\" rel=\"noopener noreferrer\">Emplenament de la Nota de Lliurament<\/a><\/p>","protected":false},"excerpt":{"rendered":"<p>Les prestacions de servei constitueixen una modalitat simplificada de contractaci\u00f3 amb la UMH de treballs eminentment t\u00e8cnics i puntuals (assajos, informes t\u00e8cnics, dict\u00e0mens jur\u00eddics, peritatges&#8230;). Es pot utilitzar aquesta modalitat de contractaci\u00f3 quan es complisquen tots els requisits seg\u00fcents:<\/p>\n<p>la contraprestaci\u00f3 econ\u00f2mica prevista \u00e9s inferior o igual a 12.000 \u20ac (IVA no incl\u00f2s);<br \/>\nel per\u00edode d&#8217;execuci\u00f3 previst [&#8230;]<\/p>\n","protected":false},"author":483,"featured_media":0,"parent":77,"menu_order":0,"comment_status":"closed","ping_status":"open","template":"","meta":{"_links_to":"","_links_to_target":""},"_links":{"self":[{"href":"https:\/\/sgi.umh.es\/ca\/wp-json\/wp\/v2\/pages\/78"}],"collection":[{"href":"https:\/\/sgi.umh.es\/ca\/wp-json\/wp\/v2\/pages"}],"about":[{"href":"https:\/\/sgi.umh.es\/ca\/wp-json\/wp\/v2\/types\/page"}],"author":[{"embeddable":true,"href":"https:\/\/sgi.umh.es\/ca\/wp-json\/wp\/v2\/users\/483"}],"replies":[{"embeddable":true,"href":"https:\/\/sgi.umh.es\/ca\/wp-json\/wp\/v2\/comments?post=78"}],"version-history":[{"count":0,"href":"https:\/\/sgi.umh.es\/ca\/wp-json\/wp\/v2\/pages\/78\/revisions"}],"up":[{"embeddable":true,"href":"https:\/\/sgi.umh.es\/ca\/wp-json\/wp\/v2\/pages\/77"}],"wp:attachment":[{"href":"https:\/\/sgi.umh.es\/ca\/wp-json\/wp\/v2\/media?parent=78"}],"curies":[{"name":"wp","href":"https:\/\/api.w.org\/{rel}","templated":true}]}}