{"id":77,"date":"2010-02-23T08:06:46","date_gmt":"2010-02-23T07:06:46","guid":{"rendered":"http:\/\/otri.zeus.umh.es\/?page_id=77"},"modified":"2023-06-22T11:03:54","modified_gmt":"2023-06-22T09:03:54","slug":"contratacion-art-60-losu","status":"publish","type":"page","link":"https:\/\/sgi.umh.es\/ca\/contratos-y-convenios\/contratacion-art-60-losu\/","title":{"rendered":"Contractaci\u00f3 art. 83 LOU"},"content":{"rendered":"<p><\/p>\n<p style=\"text-align: justify\">L&#8217;art. 83 de la LOU (Llei Org\u00e0nica 6\/2001, de 21 de desembre, d&#8217;Universitats) faculta als Departaments i els Instituts Universitaris d&#8217;Investigaci\u00f3, i el seu professorat a trav\u00e9s dels mateixos, per a celebrar contractes amb persones, Universitats o entitats p\u00fabliques i privades per a la realitzaci\u00f3 de treballs de car\u00e0cter cient\u00edfic, t\u00e8cnic o art\u00edstic.<\/p>\n<p style=\"text-align: justify\">D&#8217;acord al <a href=\"https:\/\/otri.umh.es\/files\/2022\/12\/20220628_RCOGO-186-22-Not-acu.-modificacion-Reglamento-Contratacion.pdf\" target=\"_blank\" rel=\"noopener\">Reglament per a la contractaci\u00f3 de treballs de car\u00e0cter cient\u00edfic, t\u00e8cnic o art\u00edstic<\/a> de la UMH, existeixen dues modalitats de contractaci\u00f3 d&#8217;activitats en el marc de l&#8217;art. 83 de la LOU: les <a href=\"https:\/\/otri.umh.es\/ca\/contratos-y-convenios\/contratacion-art-83-lou\/prestaciones-de-servicio\/\" target=\"_self\" rel=\"noopener\">prestacions de servei<\/a> i els <a href=\"https:\/\/otri.umh.es\/ca\/contratos-y-convenios\/contratacion-art-83-lou\/contratos\/\" target=\"_self\" rel=\"noopener\">contractes<\/a>. Utilitzarem una o una altra modalitat depenent de les caracter\u00edstiques del treball a realitzar i les condicions de contractaci\u00f3.<\/p>\n<p style=\"text-align: justify\">Les prestacions de servei corresponen a treballs eminentment t\u00e8cnics i puntuals (assajos, informes t\u00e8cnics, dict\u00e0mens jur\u00eddics, peritatges&#8230;). Es pot utilitzar aquesta modalitat quan es complisca que la contraprestaci\u00f3 econ\u00f2mica siga inferior a 12.000 \u20ac, el per\u00edode d&#8217;execuci\u00f3 inferior a 12 mesos, i no siga necessari regular expressament les condicions referents a la propietat de resultats, publicacions o responsabilitats de les parts.<\/p>\n<p style=\"text-align: justify\">Quan no es complisca alguna de les circumst\u00e0ncies anteriors, la modalitat a utilitzar ser\u00e0 la de contracte.<\/p>\n<p style=\"text-align: justify\">Per a elaborar el pressupost en el marc d&#8217;aquestes activitats, li recomanem que llegeixi la <a href=\"https:\/\/otri.umh.es\/files\/2015\/11\/Guia-elaboraci\u00f3n-presupuesto-en-contratos-y-convenios.pdf\" target=\"_blank\" rel=\"noopener\">Guia per a l&#8217;elaboraci\u00f3 d&#8217;un pressupost en contractes i convenis.<\/a><\/p>\n<p style=\"text-align: justify\">Per a una major informaci\u00f3 sobre la contractaci\u00f3 d&#8217;activitats de l&#8217;art. 83 de la LOU, consulte <a href=\"https:\/\/otri.umh.es\/files\/2017\/10\/10_cosas_contratos_convenios_oct17.pdf\" target=\"_blank\" rel=\"noopener\">Les 10 coses que vost\u00e8 ha de saber sobre la contractaci\u00f3 de treballs per empreses o altres entitats.<\/a><\/p>\n<p><\/p>","protected":false},"excerpt":{"rendered":"<p>L&#8217;art. 83 de la LOU (Llei Org\u00e0nica 6\/2001, de 21 de desembre, d&#8217;Universitats) faculta als Departaments i els Instituts Universitaris d&#8217;Investigaci\u00f3, i el seu professorat a trav\u00e9s dels mateixos, per a celebrar contractes amb persones, Universitats o entitats p\u00fabliques i privades per a la realitzaci\u00f3 de treballs de car\u00e0cter cient\u00edfic, t\u00e8cnic o art\u00edstic.<br \/>\nD&#8217;acord al Reglament [&#8230;]<\/p>\n","protected":false},"author":482,"featured_media":0,"parent":76,"menu_order":10,"comment_status":"closed","ping_status":"open","template":"","meta":{"_links_to":"","_links_to_target":""},"_links":{"self":[{"href":"https:\/\/sgi.umh.es\/ca\/wp-json\/wp\/v2\/pages\/77"}],"collection":[{"href":"https:\/\/sgi.umh.es\/ca\/wp-json\/wp\/v2\/pages"}],"about":[{"href":"https:\/\/sgi.umh.es\/ca\/wp-json\/wp\/v2\/types\/page"}],"author":[{"embeddable":true,"href":"https:\/\/sgi.umh.es\/ca\/wp-json\/wp\/v2\/users\/482"}],"replies":[{"embeddable":true,"href":"https:\/\/sgi.umh.es\/ca\/wp-json\/wp\/v2\/comments?post=77"}],"version-history":[{"count":0,"href":"https:\/\/sgi.umh.es\/ca\/wp-json\/wp\/v2\/pages\/77\/revisions"}],"up":[{"embeddable":true,"href":"https:\/\/sgi.umh.es\/ca\/wp-json\/wp\/v2\/pages\/76"}],"wp:attachment":[{"href":"https:\/\/sgi.umh.es\/ca\/wp-json\/wp\/v2\/media?parent=77"}],"curies":[{"name":"wp","href":"https:\/\/api.w.org\/{rel}","templated":true}]}}