{"id":71,"date":"2010-02-23T08:03:05","date_gmt":"2010-02-23T07:03:05","guid":{"rendered":"http:\/\/otri.zeus.umh.es\/?page_id=71"},"modified":"2023-12-12T12:47:04","modified_gmt":"2023-12-12T11:47:04","slug":"enlaces","status":"publish","type":"page","link":"https:\/\/sgi.umh.es\/ca\/financiacion-idi\/enlaces\/","title":{"rendered":"Enlla\u00e7os d\u2019inter\u00e8s"},"content":{"rendered":"<p><\/p>\n<div>Enlla\u00e7os a les principals p\u00e0gines que contenen la informaci\u00f3 sobre les diferents convocat\u00f2ries d&#8217;ajudes:<\/div>\n<div><\/div>\n<div><a href=\"https:\/\/www.aei.gob.es\/\">Ag\u00e8ncia Estatal d&#8217;Investigaci\u00f3<\/a><\/div>\n<div><\/div>\n<div><a href=\"http:\/\/www.educacion.es\/educacion\/universidades\/convocatorias.html\" target=\"_blank\" rel=\"noopener noreferrer\">Ministeri d&#8217;Educaci\u00f3, Cultura i Esport<\/a><\/div>\n<div><\/div>\n<div><a href=\"http:\/\/www.edu.gva.es\/poci\/index_es.asp\" target=\"_blank\" rel=\"noopener noreferrer\">Conselleria d&#8217;Educaci\u00f3<\/a><\/div>\n<div><\/div>\n<div><a href=\"http:\/\/www.san.gva.es\/cas\/prof\/homeprof.html\" target=\"_blank\" rel=\"noopener noreferrer\">Conselleria de Sanitat<\/a><\/div>\n<p><\/p>","protected":false},"excerpt":{"rendered":"<p>Enlla\u00e7os a les principals p\u00e0gines que contenen la informaci\u00f3 sobre les diferents convocat\u00f2ries d&#8217;ajudes:<\/p>\n<p>Ag\u00e8ncia Estatal d&#8217;Investigaci\u00f3<\/p>\n<p>Ministeri d&#8217;Educaci\u00f3, Cultura i Esport<\/p>\n<p>Conselleria d&#8217;Educaci\u00f3<\/p>\n<p>Conselleria de Sanitat<\/p>\n","protected":false},"author":482,"featured_media":0,"parent":57,"menu_order":1000,"comment_status":"closed","ping_status":"open","template":"","meta":{"_links_to":"","_links_to_target":""},"_links":{"self":[{"href":"https:\/\/sgi.umh.es\/ca\/wp-json\/wp\/v2\/pages\/71"}],"collection":[{"href":"https:\/\/sgi.umh.es\/ca\/wp-json\/wp\/v2\/pages"}],"about":[{"href":"https:\/\/sgi.umh.es\/ca\/wp-json\/wp\/v2\/types\/page"}],"author":[{"embeddable":true,"href":"https:\/\/sgi.umh.es\/ca\/wp-json\/wp\/v2\/users\/482"}],"replies":[{"embeddable":true,"href":"https:\/\/sgi.umh.es\/ca\/wp-json\/wp\/v2\/comments?post=71"}],"version-history":[{"count":0,"href":"https:\/\/sgi.umh.es\/ca\/wp-json\/wp\/v2\/pages\/71\/revisions"}],"up":[{"embeddable":true,"href":"https:\/\/sgi.umh.es\/ca\/wp-json\/wp\/v2\/pages\/57"}],"wp:attachment":[{"href":"https:\/\/sgi.umh.es\/ca\/wp-json\/wp\/v2\/media?parent=71"}],"curies":[{"name":"wp","href":"https:\/\/api.w.org\/{rel}","templated":true}]}}