{"id":68,"date":"2010-02-23T08:02:58","date_gmt":"2010-02-23T07:02:58","guid":{"rendered":"http:\/\/otri.zeus.umh.es\/?page_id=68"},"modified":"2025-07-04T09:57:08","modified_gmt":"2025-07-04T07:57:08","slug":"ayudas-a-congresos","status":"publish","type":"page","link":"https:\/\/sgi.umh.es\/ca\/financiacion-idi\/ayudas-a-congresos\/","title":{"rendered":"Ajudes a jornades i congressos"},"content":{"rendered":"<p><\/p>\n<p style=\"text-align: justify\"><span style=\"color: #888888\">Si desitja <strong>rebre informaci\u00f3 actualitzada sobre les noves convocat\u00f2ries d&#8217;ajudes a Jornades i Congressos<\/strong> que es vagen publicant en aquest apartat, ha de fer-ho a trav\u00e9s de la font de continguts <strong>RSS<\/strong> situada en la part inferior esquerra de la pantalla, en la qual es mostren totes les <strong>categories<\/strong>, en les quals est\u00e0 classificat aquest blog, <strong>a les quals pot subscriure&#8217;s<\/strong>.<\/span><\/p>\n<p style=\"text-align: justify\"><span style=\"color: #888888\">______________________________________________________________________________________\u00a0<\/span><\/p>\n<p style=\"text-align: justify\"><span style=\"color: #888888\">En aquesta secci\u00f3 s&#8217;arrepleguen les convocat\u00f2ries que financen activitats que tenen a veure amb l&#8217;<strong>organitzaci\u00f3 i\/o difusi\u00f3 de congressos, jornades, reunions o similars<\/strong>, de car\u00e0cter cient\u00edfic, tecnol\u00f2gic, human\u00edstic o art\u00edstic, com a labor de disseminaci\u00f3 &#8211; a la societat en general i, en particular als sectors acad\u00e8mics i empresarials &#8211; dels resultats de les activitats d&#8217;investigaci\u00f3 i desenvolupament tecnol\u00f2gic.\u00a0\u00a0<\/span>\u00a0\u00a0<span style=\"color: #888888\">\u00a0\u00a0\u00a0\u00a0<\/span><\/p>\n<div style=\"text-align: justify\">\n<h5 style=\"text-align: justify\">CONSELLERIA DE INNOVACI\u00d3N, UNIVERSIDADES, CIENCIA Y SOCIEDAD DIGITAL- GENERALITAT VALENCIANA<\/h5>\n<p style=\"text-align: justify\">Esta convocatoria tiene por objeto la concesi\u00f3n de ayudas a los centros de investigaci\u00f3n para la organizaci\u00f3n y difusi\u00f3n de congresos, jornadas y reuniones de car\u00e1cter internacional y de objeto\u00a0cient\u00edfico, tecnol\u00f3gico, human\u00edstico o art\u00edstico, como labor de diseminaci\u00f3n de los resultados de las investigaciones realizadas en el marco de las actividades primarias de car\u00e1cter no econ\u00f3mico de los centros de investigaci\u00f3n.<\/p>\n<p style=\"text-align: justify\"><a href=\"https:\/\/sgi.umh.es\/2024\/12\/02\/subvenciones-para-la-organizacion-y-difusion-de-congresos-jornadas-y-reuniones-cientificas-tecnologicas-humanisticas-o-artisticas-de-caracter-internacional-2025\/\"><span style=\"color: #000080\">Subvenciones CIAORG 2025<\/span><\/a><\/p>\n<h5 style=\"text-align: justify\"><span style=\"color: #000000\">CONSELLERIA DE PARTICIPACI\u00d3N, TRANSPARENCIA, COOPERACI\u00d3N y CALIDAD DEMOCR\u00c1TICA<\/span><\/h5>\n<p><a href=\"https:\/\/otri.umh.es\/2023\/03\/14\/subvenciones-para-proyectos-e-iniciativas-en-materia-de-memoria-historica-y-democratica-valenciana-2023\/\">Subvenciones destinadas a universidades p\u00fablicas de la Comunitat Valenciana para proyectos e iniciativas en materia de memoria hist\u00f3rica y democr\u00e1tica valenciana _ 2023<\/a><\/p>\n<p>PRESIDENCIA GVA<\/p>\n<p><a href=\"https:\/\/otri.umh.es\/2024\/07\/15\/subvenciones-actuaciones-fomento-autogobierno-despliegue-estatuto-autonomia-derecho-foral-civil-valenciano-2024\/\">Subvenciones destinadas en las universidades de la Comunitat Valenciana para la realizaci\u00f3n de actuaciones en materia de fomento del autogobierno, despliegue del Estatuto de Autonom\u00eda, Derecho Foral Civil Valenciano y se\u00f1ales de identidad del Pueblo Valenciano durante el ejercicio 2024<\/a><\/p>\n<p><a href=\"https:\/\/otri.umh.es\/2023\/04\/03\/resolucion-de-27-de-marzo-de-2023-de-la-presidencia-de-la-generalitat-por-la-que-se-convocan-para-el-ano-2023-subvenciones-para-la-realizacion-de-actividades-de-formacion-y-difusion-en-materia-de\/\">Subvenciones para la realizaci\u00f3n de actividades de formaci\u00f3n y difusi\u00f3n en materia de la UE y acci\u00f3n exterior 2023<\/a><\/p>\n<\/div>\n<p><\/p>","protected":false},"excerpt":{"rendered":"<p>Si desitja rebre informaci\u00f3 actualitzada sobre les noves convocat\u00f2ries d&#8217;ajudes a Jornades i Congressos que es vagen publicant en aquest apartat, ha de fer-ho a trav\u00e9s de la font de continguts RSS situada en la part inferior esquerra de la pantalla, en la qual es mostren totes les categories, en les quals est\u00e0 classificat aquest [&#8230;]<\/p>\n","protected":false},"author":482,"featured_media":0,"parent":57,"menu_order":500,"comment_status":"closed","ping_status":"open","template":"","meta":{"_links_to":"","_links_to_target":""},"_links":{"self":[{"href":"https:\/\/sgi.umh.es\/ca\/wp-json\/wp\/v2\/pages\/68"}],"collection":[{"href":"https:\/\/sgi.umh.es\/ca\/wp-json\/wp\/v2\/pages"}],"about":[{"href":"https:\/\/sgi.umh.es\/ca\/wp-json\/wp\/v2\/types\/page"}],"author":[{"embeddable":true,"href":"https:\/\/sgi.umh.es\/ca\/wp-json\/wp\/v2\/users\/482"}],"replies":[{"embeddable":true,"href":"https:\/\/sgi.umh.es\/ca\/wp-json\/wp\/v2\/comments?post=68"}],"version-history":[{"count":0,"href":"https:\/\/sgi.umh.es\/ca\/wp-json\/wp\/v2\/pages\/68\/revisions"}],"up":[{"embeddable":true,"href":"https:\/\/sgi.umh.es\/ca\/wp-json\/wp\/v2\/pages\/57"}],"wp:attachment":[{"href":"https:\/\/sgi.umh.es\/ca\/wp-json\/wp\/v2\/media?parent=68"}],"curies":[{"name":"wp","href":"https:\/\/api.w.org\/{rel}","templated":true}]}}