{"id":67,"date":"2010-02-23T08:03:20","date_gmt":"2010-02-23T07:03:20","guid":{"rendered":"http:\/\/otri.zeus.umh.es\/?page_id=67"},"modified":"2022-05-20T11:10:35","modified_gmt":"2022-05-20T09:10:35","slug":"movilidad","status":"publish","type":"page","link":"https:\/\/sgi.umh.es\/ca\/financiacion-idi\/movilidad\/","title":{"rendered":"Mobilitat"},"content":{"rendered":"<p><\/p>\n<p style=\"text-align: justify\">Aquesta secci\u00f3 arreplega les principals convocat\u00f2ries d&#8217;ajudes a la mobilitat dirigides a professors i investigadors doctors que desitgen realitzar estades en altres universitats, instal\u00b7lacions cient\u00edfiques, laboratoris, centres d&#8217;investigaci\u00f3, etc., preferentment en l&#8217;estranger, amb objectius com a ampliaci\u00f3 o actualitzaci\u00f3 de coneixements, millora de la seua compet\u00e8ncia acad\u00e8mica i\/o investigadora, aprenentatge de noves t\u00e8cniques i m\u00e8todes, consulta de fons bibliogr\u00e0fics o documentals, establir o enfortir relacions amb altres investigadors de la seua \u00e0rea de coneixement o altres activitats significatives que contribu\u00efsquen a millorar la seua labor docent i investigadora.<\/p>\n<p style=\"text-align: justify\">Existeixen aix\u00ed mateix programes que atenen la cooperaci\u00f3 de professors i investigadors, doctors, estrangers o espanyols, per\u00f2 que desenvolupen la seua labor cient\u00edfica f\u00f3ra d&#8217;Espanya, mitjan\u00e7ant el finan\u00e7ament d&#8217;estades d&#8217;aquests en universitats o centres d&#8217;investigaci\u00f3 espanyols, amb l&#8217;objecte d&#8217;incorporar-los temporalment a grups d&#8217;investigaci\u00f3 pertanyents a aquests \u00faltims.<\/p>\n<p style=\"text-align: justify\">Si desitja informaci\u00f3 i assessorament respecte a realitzar una estada en l&#8217;estranger, la Xarxa d&#8217;Universitats Valencianes per al foment de la Investigaci\u00f3, el Desenvolupament i la Innovaci\u00f3 (RUVID) ofereix un servei de suport a la mobilitat que pot consultar en l&#8217;adre\u00e7a: <span style=\"color: #000000\"><a style=\"color: #000000\" href=\"http:\/\/www.ruvid.org\" target=\"_blank\" rel=\"noopener noreferrer\">http:\/\/www.ruvid.org<\/a>.<\/span><\/p>\n<p><span style=\"color: #000000\"><a style=\"color: #000000\" href=\"https:\/\/otri.umh.es\/ca\/financiacion-idi\/movilidad\/movilidad-internacional\/\" rel=\"noopener noreferrer\">Mobilitat internacional<\/a><\/span><\/p>\n<p><span style=\"color: #000000\"><a style=\"color: #000000\" href=\"https:\/\/otri.umh.es\/financiacion-idi\/movilidad\/programas-nacionales\/\" target=\"_self\" rel=\"noopener noreferrer\">Programes Nacionals<\/a><\/span><\/p>\n<p><span style=\"color: #000000\"><a style=\"color: #000000\" href=\"https:\/\/otri.umh.es\/financiacion-idi\/movilidad\/programas-regionales\/\" target=\"_self\" rel=\"noopener noreferrer\">Programes Regionals<\/a><\/span><\/p>","protected":false},"excerpt":{"rendered":"<p>Aquesta secci\u00f3 arreplega les principals convocat\u00f2ries d&#8217;ajudes a la mobilitat dirigides a professors i investigadors doctors que desitgen realitzar estades en altres universitats, instal\u00b7lacions cient\u00edfiques, laboratoris, centres d&#8217;investigaci\u00f3, etc., preferentment en l&#8217;estranger, amb objectius com a ampliaci\u00f3 o actualitzaci\u00f3 de coneixements, millora de la seua compet\u00e8ncia acad\u00e8mica i\/o investigadora, aprenentatge de noves t\u00e8cniques i m\u00e8todes, [&#8230;]<\/p>\n","protected":false},"author":482,"featured_media":0,"parent":57,"menu_order":400,"comment_status":"closed","ping_status":"open","template":"","meta":{"_links_to":"","_links_to_target":""},"_links":{"self":[{"href":"https:\/\/sgi.umh.es\/ca\/wp-json\/wp\/v2\/pages\/67"}],"collection":[{"href":"https:\/\/sgi.umh.es\/ca\/wp-json\/wp\/v2\/pages"}],"about":[{"href":"https:\/\/sgi.umh.es\/ca\/wp-json\/wp\/v2\/types\/page"}],"author":[{"embeddable":true,"href":"https:\/\/sgi.umh.es\/ca\/wp-json\/wp\/v2\/users\/482"}],"replies":[{"embeddable":true,"href":"https:\/\/sgi.umh.es\/ca\/wp-json\/wp\/v2\/comments?post=67"}],"version-history":[{"count":0,"href":"https:\/\/sgi.umh.es\/ca\/wp-json\/wp\/v2\/pages\/67\/revisions"}],"up":[{"embeddable":true,"href":"https:\/\/sgi.umh.es\/ca\/wp-json\/wp\/v2\/pages\/57"}],"wp:attachment":[{"href":"https:\/\/sgi.umh.es\/ca\/wp-json\/wp\/v2\/media?parent=67"}],"curies":[{"name":"wp","href":"https:\/\/api.w.org\/{rel}","templated":true}]}}