{"id":668,"date":"2010-07-27T15:44:44","date_gmt":"2010-07-27T14:44:44","guid":{"rendered":"http:\/\/otri.zeus.umh.es\/?page_id=668"},"modified":"2012-01-18T07:35:48","modified_gmt":"2012-01-18T07:35:48","slug":"ayudas-predoctorales-de-la-generalitat-valenciana","status":"publish","type":"page","link":"https:\/\/sgi.umh.es\/ca\/financiacion-idi\/rrhh-de-investigacion\/formacion-pi\/ayudas-predoctorales-de-la-generalitat-valenciana\/","title":{"rendered":"Ayudas predoctorales de la Generalitat Valenciana"},"content":{"rendered":"<p><\/p>\n<p style=\"text-align: justify\">La Orden \u00danica de convocatoria de becas y ayudas de la Generalitat Valenciana, que gestiona la Conselleria de Educaci\u00f3n, incluye el Anexo II, que regula la concesi\u00f3n de ayudas dirigidas a la contrataci\u00f3n de personal investigador en formaci\u00f3n por parte de los organismos de investigaci\u00f3n de la Comunidad Valenciana.<\/p>\n<p style=\"text-align: justify\"><a href=\"https:\/\/otri.umh.es\/2010\/07\/27\/programa-valid-para-investigadores-en-formacion\/\" target=\"_self\">Programa VALi+d para investigadores en formaci\u00f3n<\/a><\/p>\n<p><\/p>","protected":false},"excerpt":{"rendered":"<p>La Orden \u00danica de convocatoria de becas y ayudas de la Generalitat Valenciana, que gestiona la Conselleria de Educaci\u00f3n, incluye el Anexo II, que regula la concesi\u00f3n de ayudas dirigidas a la contrataci\u00f3n de personal investigador en formaci\u00f3n por parte de los organismos de investigaci\u00f3n de la Comunidad Valenciana.<br \/>\nPrograma VALi+d para investigadores en formaci\u00f3n<\/p>\n","protected":false},"author":475,"featured_media":0,"parent":64,"menu_order":0,"comment_status":"closed","ping_status":"closed","template":"","meta":{"_links_to":"","_links_to_target":""},"_links":{"self":[{"href":"https:\/\/sgi.umh.es\/ca\/wp-json\/wp\/v2\/pages\/668"}],"collection":[{"href":"https:\/\/sgi.umh.es\/ca\/wp-json\/wp\/v2\/pages"}],"about":[{"href":"https:\/\/sgi.umh.es\/ca\/wp-json\/wp\/v2\/types\/page"}],"author":[{"embeddable":true,"href":"https:\/\/sgi.umh.es\/ca\/wp-json\/wp\/v2\/users\/475"}],"replies":[{"embeddable":true,"href":"https:\/\/sgi.umh.es\/ca\/wp-json\/wp\/v2\/comments?post=668"}],"version-history":[{"count":0,"href":"https:\/\/sgi.umh.es\/ca\/wp-json\/wp\/v2\/pages\/668\/revisions"}],"up":[{"embeddable":true,"href":"https:\/\/sgi.umh.es\/ca\/wp-json\/wp\/v2\/pages\/64"}],"wp:attachment":[{"href":"https:\/\/sgi.umh.es\/ca\/wp-json\/wp\/v2\/media?parent=668"}],"curies":[{"name":"wp","href":"https:\/\/api.w.org\/{rel}","templated":true}]}}