{"id":65,"date":"2010-02-23T08:33:23","date_gmt":"2010-02-23T07:33:23","guid":{"rendered":"http:\/\/otri.zeus.umh.es\/?page_id=65"},"modified":"2026-01-14T09:29:43","modified_gmt":"2026-01-14T08:29:43","slug":"contratacion","status":"publish","type":"page","link":"https:\/\/sgi.umh.es\/ca\/financiacion-idi\/rrhh-de-investigacion\/contratacion\/","title":{"rendered":"Contractaci\u00f3 i incorporaci\u00f3 de RRHH"},"content":{"rendered":"<p><\/p>\n<address><span style=\"color: #888888\"><span style=\"color: #888888\">Si desitja <strong>rebre informaci\u00f3 actualitzada sobre les noves convocat\u00f2ries d&#8217;ajudes destinades a contractaci\u00f3 o incorporaci\u00f3 de Recursos Humans d&#8217;investigaci\u00f3<\/strong> que es vagen publicant en aquest apartat, ha de fer-ho a trav\u00e9s de la font de continguts <strong>RSS<\/strong> situada en la part inferior dreta de la pantalla, en la qual es mostren totes les <strong>categories<\/strong>, en les quals est\u00e0 classificat aquest blog, <strong>a les quals pot subscriure&#8217;s<\/strong>.<\/span><\/span>\u00a0<\/address>\n<p><span style=\"color: #808080\">________________________________________________________________________________________<\/span><\/p>\n<p><a href=\"https:\/\/sgi.umh.es\/financiacion-idi\/rrhh-de-investigacion\/programa-estatal-de-recursos-humanos-plan-estatal-de-investigacion-cientifica-tecnica-y-de-innovacion-para-el-periodo-2024-2027\/\">Programa Estatal de Recursos Humanos &#8211; Plan Estatal de Investigaci\u00f3n Cient\u00edfica, T\u00e9cnica y de Innovaci\u00f3n para el per\u00edodo 2024-2027<\/a><\/p>\n<p><span style=\"color: #000080\"><a style=\"color: #000080\" href=\"https:\/\/otri.umh.es\/financiacion-idi\/rrhh-de-investigacion\/contratacion\/programa-estatal-para-desarrollar-atraer-y-retener-talento-plan-estatal-de-investigacion-cientifica-tecnica-y-de-innovacion-2021-2023\/\">Programa Estatal para Desarrollar, Atraer y Retener Talento &#8211; Plan Estatal de Investigaci\u00f3n Cient\u00edfica, T\u00e9cnica y de Innovaci\u00f3n 2021-2023<\/a><\/span><\/p>\n<p style=\"text-align: justify\"><span style=\"color: #000080\"><a style=\"color: #000080\" href=\"https:\/\/otri.umh.es\/programa-estatal-de-promocion-del-talento-y-su-empleabilidad-en-el-marco-del-plan-estatal-de-investigacion-cientifica-y-tecnica-y-de-innovacion-2013-2016\/\">Programa Estatal de Promoci\u00f3n del Talento y su Empleabilidad &#8211; Plan Estatal de Investigaci\u00f3n Cient\u00edfica y T\u00e9cnica y de Innovaci\u00f3n 2017-2020<\/a><\/span><\/p>\n<p><a href=\"https:\/\/sgi.umh.es\/2026\/01\/14\/ayudas-beatriz-galindo-2025\/\">Ayudas Beatriz Galindo 2025<\/a><\/p>\n<p><span style=\"color: #000080\"><a style=\"color: #000080\" href=\"https:\/\/otri.umh.es\/2021\/12\/07\/programa-para-el-apoyo-a-personas-investigadoras-con-talento-_-plan-gent\/\">Plan GenT_ Generalitat Valenciana<\/a><\/span><\/p>\n<p><span style=\"color: #000080\"><a style=\"color: #000080\" href=\"https:\/\/otri.umh.es\/2021\/05\/10\/subvenciones-para-mejorar-la-formacion-y-empleabilidad-de-personal-tecnico-y-de-gestion-de-la-idi-a-traves-de-su-contratacion-laboral-por-entidades-publicas-de-investigacion-en-el-marco-del-sngj-y\/\">Formaci\u00f3n apoyo t\u00e9cnico y de Gesti\u00f3n I+D+i. Garant\u00eda Juvenil _ Generalitat Valenciana<\/a><\/span><\/p>\n<p><span style=\"color: #000080\"><a style=\"color: #000080\" href=\"https:\/\/otri.umh.es\/2022\/02\/11\/programa-investigo-_-convocatoria-gva\/\">PROGRAMA INVESTIGO _ Convocatoria GVA<\/a><\/span><\/p>\n<h5 style=\"text-align: justify\"><span style=\"color: #008000\">Otras ayudas para la contrataci\u00f3n\/incorporaci\u00f3n de personal:<\/span><\/h5>\n<p><a href=\"https:\/\/sgi.umh.es\/2025\/09\/12\/ayudas-funcacion-cientifica-aecc-para-impulsar-el-talento-investigador-2026\/\">Ayudas Fundaci\u00f3n Cient\u00edfica AECC para impulsar el talento investigador 2026<\/a><\/p>\n<p><a href=\"https:\/\/sgi.umh.es\/2025\/01\/24\/daniel-carasso-felowship-2025\/\">Daniel Carasso Felowship 2025<\/a><\/p>\n<p><a href=\"https:\/\/otri.umh.es\/2024\/01\/08\/23374\/\">Ayudas Torres Quevedo 2023<\/a><\/p>\n<p><a href=\"https:\/\/otri.umh.es\/2024\/05\/03\/programas-cris-de-investigacion-2024\/\"><span style=\"color: #000080\">Programas CRIS de Investigaci\u00f3n 2024 _ Fundaci\u00f3n CRIS contra el C\u00e1ncer<\/span><\/a><\/p>\n<p><a href=\"https:\/\/sgi.umh.es\/2025\/07\/15\/programa-becas-postdoctorado-junior-leader\/\"><span style=\"color: #000080\">Becas Postdoctorales Junior Leader _ Fundaci\u00f3n Bancaria &#8220;La Caixa&#8221;<\/span><\/a><\/p>","protected":false},"excerpt":{"rendered":"<p>Si desitja rebre informaci\u00f3 actualitzada sobre les noves convocat\u00f2ries d&#8217;ajudes destinades a contractaci\u00f3 o incorporaci\u00f3 de Recursos Humans d&#8217;investigaci\u00f3 que es vagen publicant en aquest apartat, ha de fer-ho a trav\u00e9s de la font de continguts RSS situada en la part inferior dreta de la pantalla, en la qual es mostren totes les categories, en [&#8230;]<\/p>\n","protected":false},"author":482,"featured_media":0,"parent":63,"menu_order":10,"comment_status":"closed","ping_status":"open","template":"","meta":{"_links_to":"","_links_to_target":""},"_links":{"self":[{"href":"https:\/\/sgi.umh.es\/ca\/wp-json\/wp\/v2\/pages\/65"}],"collection":[{"href":"https:\/\/sgi.umh.es\/ca\/wp-json\/wp\/v2\/pages"}],"about":[{"href":"https:\/\/sgi.umh.es\/ca\/wp-json\/wp\/v2\/types\/page"}],"author":[{"embeddable":true,"href":"https:\/\/sgi.umh.es\/ca\/wp-json\/wp\/v2\/users\/482"}],"replies":[{"embeddable":true,"href":"https:\/\/sgi.umh.es\/ca\/wp-json\/wp\/v2\/comments?post=65"}],"version-history":[{"count":0,"href":"https:\/\/sgi.umh.es\/ca\/wp-json\/wp\/v2\/pages\/65\/revisions"}],"up":[{"embeddable":true,"href":"https:\/\/sgi.umh.es\/ca\/wp-json\/wp\/v2\/pages\/63"}],"wp:attachment":[{"href":"https:\/\/sgi.umh.es\/ca\/wp-json\/wp\/v2\/media?parent=65"}],"curies":[{"name":"wp","href":"https:\/\/api.w.org\/{rel}","templated":true}]}}