{"id":640,"date":"2010-07-23T17:27:53","date_gmt":"2010-07-23T16:27:53","guid":{"rendered":"http:\/\/otri.zeus.umh.es\/?page_id=640"},"modified":"2024-06-20T12:36:12","modified_gmt":"2024-06-20T10:36:12","slug":"movilidad-internacional","status":"publish","type":"page","link":"https:\/\/sgi.umh.es\/ca\/movilidad-internacional\/","title":{"rendered":"Mobilitat Internacional"},"content":{"rendered":"<p><span style=\"color: #000000\"><a style=\"color: #000000\" href=\"https:\/\/otri.umh.es\/ca\/convocatorias-movilidad-internacional\/\"><strong>Convocat\u00f2ries Mobilitat Internacional<\/strong><\/a><\/span><\/p>\n<p><img loading=\"lazy\" class=\"aligncenter wp-image-25305\" src=\"https:\/\/otri.umh.es\/files\/2024\/06\/accionesmariesklodowskacuriemsca-300x96.png\" alt=\"\" width=\"410\" height=\"131\" srcset=\"https:\/\/sgi.umh.es\/files\/2024\/06\/accionesmariesklodowskacuriemsca-300x96.png 300w, https:\/\/sgi.umh.es\/files\/2024\/06\/accionesmariesklodowskacuriemsca-768x245.png 768w, https:\/\/sgi.umh.es\/files\/2024\/06\/accionesmariesklodowskacuriemsca.png 940w\" sizes=\"(max-width: 410px) 100vw, 410px\" \/><\/p>\n<p><strong>Accions Marie<\/strong>\u00a0<strong>Sk\u0142odowska-Curie:<\/strong><\/p>\n<p>Les Accions Marie Sklodowska-Curie<strong>\u00a0<\/strong>cerquen garantir el desenvolupament \u00f2ptim i l&#8217;\u00fas din\u00e0mic del capital intel\u00b7lectual d&#8217;Europa, amb la finalitat de generar noves capacitats i innovaci\u00f3 i, d&#8217;aquesta manera, realitzar plenament el seu potencial en tots els sectors i regions.<\/p>\n<p>Encara que Europa alberga un conjunt gran i diversificat de recursos humans capacitats en recerca i innovaci\u00f3, ha de renovar-ho, millorar-ho i adaptar-ho constantment a les necessitats del mercat laboral, que canvien r\u00e0pidament.<\/p>\n<p>La necess\u00e0ria reforma ha de comen\u00e7ar en les primeres fases de la traject\u00f2ria professional dels investigadors, durant els seus estudis de doctorat o formaci\u00f3 de postgrau i \u00e9s necess\u00e0ria la implicaci\u00f3 de les empreses, incloses les PIME i altres agents socioecon\u00f2mics, per a formar als investigadors amb les aptituds d&#8217;innovaci\u00f3 que exigeixen les ocupacions del mat\u00ed.<\/p>\n<p>\u00c9s indispensable augmentar la mobilitat dels investigadors a tots els nivells, inclosa la mobilitat intervinguda la carrera, no solament entre pa\u00efsos, sin\u00f3 tamb\u00e9 entre el sector p\u00fablic i el privat ja que \u00e9s un element que estimula fortament l&#8217;aprenentatge i el desenvolupament de noves compet\u00e8ncies, aix\u00ed com un factor clau per a la cooperaci\u00f3 entre el m\u00f3n acad\u00e8mic, els centres de recerca i la ind\u00fastria en diferents pa\u00efsos.<\/p>\n<p>Per a a\u00e7\u00f2 es desenvolupen les seg\u00fcents l\u00ednies:<\/p>\n<ul>\n<li>Foment de noves aptituds mitjan\u00e7ant una formaci\u00f3 inicial excel\u00b7lent dels investigadors per mitj\u00e0 de l&#8217;Acci\u00f3\u00a0<em>Marie Sklodowska Curie Innovative Training Networks (ITN)<\/em><\/li>\n<li>Nodrir l&#8217;excel\u00b7l\u00e8ncia mitjan\u00e7ant la mobilitat transfronterera i intersectorial a trav\u00e9s de l&#8217;Acci\u00f3\u00a0<em>Marie Sklodowska-Curie Individual Fellowships<\/em>\u00a0(IF)<\/li>\n<li>Estimular la innovaci\u00f3 mitjan\u00e7ant la transfer\u00e8ncia de coneixement per mitj\u00e0 de l&#8217;intercanvi de personal gr\u00e0cies a l&#8217;Acci\u00f3\u00a0<em>Marie Sklodowska-Curie Research and Innovation Staff Exchange<\/em>\u00a0(RISE)<\/li>\n<li>Intensificaci\u00f3 de l&#8217;impacte estructural mitjan\u00e7ant el cofinan\u00e7ament d&#8217;activitats mitjan\u00e7ant el desenvolupament de l&#8217;Acci\u00f3\u00a0<em>Marie-Sklodowska Curie Co-funding of regional, national and International Programmes<\/em>\u00a0(COFUND)<\/li>\n<\/ul>\n<p><\/p>","protected":false},"excerpt":{"rendered":"<p>Convocat\u00f2ries Mobilitat Internacional<\/p>\n<p>Accions Marie\u00a0Sk\u0142odowska-Curie:<br \/>\nLes Accions Marie Sklodowska-Curie\u00a0cerquen garantir el desenvolupament \u00f2ptim i l&#8217;\u00fas din\u00e0mic del capital intel\u00b7lectual d&#8217;Europa, amb la finalitat de generar noves capacitats i innovaci\u00f3 i, d&#8217;aquesta manera, realitzar plenament el seu potencial en tots els sectors i regions.<br \/>\nEncara que Europa alberga un conjunt gran i diversificat de recursos humans capacitats en recerca [&#8230;]<\/p>\n","protected":false},"author":479,"featured_media":0,"parent":0,"menu_order":100,"comment_status":"closed","ping_status":"closed","template":"","meta":{"_links_to":"","_links_to_target":""},"_links":{"self":[{"href":"https:\/\/sgi.umh.es\/ca\/wp-json\/wp\/v2\/pages\/640"}],"collection":[{"href":"https:\/\/sgi.umh.es\/ca\/wp-json\/wp\/v2\/pages"}],"about":[{"href":"https:\/\/sgi.umh.es\/ca\/wp-json\/wp\/v2\/types\/page"}],"author":[{"embeddable":true,"href":"https:\/\/sgi.umh.es\/ca\/wp-json\/wp\/v2\/users\/479"}],"replies":[{"embeddable":true,"href":"https:\/\/sgi.umh.es\/ca\/wp-json\/wp\/v2\/comments?post=640"}],"version-history":[{"count":0,"href":"https:\/\/sgi.umh.es\/ca\/wp-json\/wp\/v2\/pages\/640\/revisions"}],"wp:attachment":[{"href":"https:\/\/sgi.umh.es\/ca\/wp-json\/wp\/v2\/media?parent=640"}],"curies":[{"name":"wp","href":"https:\/\/api.w.org\/{rel}","templated":true}]}}