{"id":64,"date":"2010-02-23T08:33:34","date_gmt":"2010-02-23T07:33:34","guid":{"rendered":"http:\/\/otri.zeus.umh.es\/?page_id=64"},"modified":"2026-01-27T14:22:16","modified_gmt":"2026-01-27T13:22:16","slug":"formacion-pi","status":"publish","type":"page","link":"https:\/\/sgi.umh.es\/ca\/financiacion-idi\/rrhh-de-investigacion\/formacion-pi\/","title":{"rendered":"Formaci\u00f3 Predoctoral"},"content":{"rendered":"<p><\/p>\n<div style=\"text-align: justify\"><span style=\"color: #808080\"><em>Si desitja rebre <strong>informaci\u00f3 actualitzada sobre les noves convocat\u00f2ries d&#8217;ajudes a la formaci\u00f3 de Recursos Humans d&#8217;investigaci\u00f3<\/strong> que es vagen publicant en aquest apartat, ha de fer-ho a trav\u00e9s de la font de continguts <strong>RSS<\/strong> situada en la part inferior dreta de la pantalla, en la qual es mostren totes les <strong>categories<\/strong>, en les quals est\u00e0 classificat aquest blog, <strong>a les quals pot subscriure&#8217;s<\/strong>.<\/em><\/span><\/div>\n<div><span style=\"color: #808080\"><em>________________________________________________________________________________________<\/em><\/span><\/div>\n<div>\n<address>\u00a0<\/address>\n<p>&nbsp;<\/p>\n<p><a href=\"https:\/\/sgi.umh.es\/financiacion-idi\/rrhh-de-investigacion\/formacion-pi\/ayudas-para-la-formacion-de-personal-investigador-predoctoral-vinculadas-a-proyectos-de-generacion-de-conocimiento-fpi-convocatoria-umh\/\">Ayudas para contratos predoctorales para la formaci\u00f3n de doctores asociadas a Proyectos de Generaci\u00f3n de Conocimiento (FPI) \u2013 CONVOCATORIA UMH<\/a><\/p>\n<address><strong><em><a href=\"https:\/\/otri.umh.es\/2024\/04\/15\/ayudas-para-la-formacion-de-doctores-en-empresas-doctorados-industriales-2024\/\">Ayudas de formaci\u00f3n de &#8220;Doctorados Industriales&#8221; 2024<\/a><\/em><\/strong><\/address>\n<p><span style=\"color: #000080\"><a style=\"color: #000080\" href=\"https:\/\/otri.umh.es\/2023\/01\/10\/ayudas-para-contratos-predoctorales-para-la-formacion-de-doctores-fpi-convocatoria-2022\/\">Ayudas para contratos predoctorales para la formaci\u00f3n de doctores &#8211; FPI &#8211; Convocatoria 2022- Ministerio de Ciencia e Innovaci\u00f3n<\/a><\/span><\/p>\n<p><a href=\"https:\/\/sgi.umh.es\/2026\/01\/27\/contratos-predoctorales-de-formacion-en-investigacion-en-salud-pfis-_-2026\/\"><span style=\"color: #000080\">Ayudas para contratos predoctorales de formaci\u00f3n en investigaci\u00f3n en salud _ PFIS 2026_ ISCIII<\/span><\/a><br \/>\n<a href=\"https:\/\/sgi.umh.es\/2026\/01\/14\/ayudas-fpu-2025\/\"><span style=\"color: #000080\">Ayudas para la Formaci\u00f3n de Profesorado Universitario &#8211; FPU &#8211; Convocatoria 2025<\/span><\/a><\/p>\n<p style=\"text-align: justify\"><a href=\"https:\/\/sgi.umh.es\/2024\/12\/02\/subvenciones-para-la-contratacion-de-personal-investigador-predoctoral-de-la-generalitat-valenciana-para-2025\/\"><span style=\"color: #000080\">Subvenciones para la contrataci\u00f3n de personal investigador predoctoral de la Generalitat Valenciana<\/span><\/a><\/p>\n<p><span style=\"color: #000000\">Otras ayudas para la formaci\u00f3n predoctoral:<\/span><\/p>\n<p><a href=\"https:\/\/sgi.umh.es\/2025\/09\/12\/subvenciones-para-el-fomento-de-la-formacion-la-investigacion-y-la-transferencia-de-conocimiento-entre-el-sistema-universitario-valenciano-y-la-administracion-publica-valenciana-en-el-ambito-de-la-e-2\/\">Subvenciones para el fomento de la formaci\u00f3n, la investigaci\u00f3n y la transferencia de conocimiento entre el Sistema Universitario Valenciano y la AAPP valenciana en el \u00e1mbito de la Econom\u00eda P\u00fablica &#8211; Conselleria de Hacienda y Econom\u00eda<\/a><\/p>\n<\/div>\n<div>\n<p><a href=\"https:\/\/otri.umh.es\/2024\/01\/08\/ayudas-para-contratos-predoctorales-del-programa-salvador-de-madariaga-en-el-instituto-universitario-europeo-2024\/\">Ayudas para contratos predoctorales Salvador de Madariaga<\/a><\/p>\n<p><a href=\"https:\/\/sgi.umh.es\/2025\/12\/09\/programa-becas-doctorado-inphinit-fundacion-la-caixa-2026\/\"><span style=\"color: #000080\">Programa Becas Doctorado INPHINIT &#8211; La Caixa<\/span><\/a><br \/>\n<a href=\"https:\/\/otri.umh.es\/2024\/07\/01\/becas-contratos-predoctorales-en-neurociencia-2024\/\">Contratos predoctorales en Neurociencia &#8211; Fundaci\u00f3n Tatiana<\/a><\/p>\n<p><a href=\"https:\/\/otri.umh.es\/2024\/09\/27\/ayudas-fundacion-cientifica-de-la-aecc-a-proyectos-de-investigacion-en-cancer-_-predoctoral-aecc-2025\/\">Ayudas Predoctorales AECC 2025<\/a><\/p>\n<p><span style=\"color: #000000\"><a style=\"color: #000000\" href=\"https:\/\/otri.umh.es\/2021\/12\/15\/ayudas-torres-quevedo-2022\/\"><span style=\"color: #000080\">Ayudas Torres Quevedo 2022<\/span><\/a><\/span><\/p>\n<p><span style=\"color: #000080\"><a style=\"color: #000080\" href=\"https:\/\/otri.umh.es\/2021\/11\/04\/ayudas-umh-para-la-formacion-predoctoral-en-colaboracion-con-empresas-en-el-curso-2021-2022\/?preview_id=16643&amp;preview_nonce=a656eab652&amp;preview=true\">Convocatoria UMH de ayudas para la formaci\u00f3n predoctoral en colaboraci\u00f3n con empresas en el curso 2021\/2022.<\/a><\/span><\/p>\n<p>&nbsp;<\/p>\n<p>&nbsp;<\/p>\n<\/div>\n<p><\/p>","protected":false},"excerpt":{"rendered":"<p>Si desitja rebre informaci\u00f3 actualitzada sobre les noves convocat\u00f2ries d&#8217;ajudes a la formaci\u00f3 de Recursos Humans d&#8217;investigaci\u00f3 que es vagen publicant en aquest apartat, ha de fer-ho a trav\u00e9s de la font de continguts RSS situada en la part inferior dreta de la pantalla, en la qual es mostren totes les categories, en les quals [&#8230;]<\/p>\n","protected":false},"author":482,"featured_media":0,"parent":63,"menu_order":20,"comment_status":"closed","ping_status":"open","template":"","meta":{"_links_to":"","_links_to_target":""},"_links":{"self":[{"href":"https:\/\/sgi.umh.es\/ca\/wp-json\/wp\/v2\/pages\/64"}],"collection":[{"href":"https:\/\/sgi.umh.es\/ca\/wp-json\/wp\/v2\/pages"}],"about":[{"href":"https:\/\/sgi.umh.es\/ca\/wp-json\/wp\/v2\/types\/page"}],"author":[{"embeddable":true,"href":"https:\/\/sgi.umh.es\/ca\/wp-json\/wp\/v2\/users\/482"}],"replies":[{"embeddable":true,"href":"https:\/\/sgi.umh.es\/ca\/wp-json\/wp\/v2\/comments?post=64"}],"version-history":[{"count":0,"href":"https:\/\/sgi.umh.es\/ca\/wp-json\/wp\/v2\/pages\/64\/revisions"}],"up":[{"embeddable":true,"href":"https:\/\/sgi.umh.es\/ca\/wp-json\/wp\/v2\/pages\/63"}],"wp:attachment":[{"href":"https:\/\/sgi.umh.es\/ca\/wp-json\/wp\/v2\/media?parent=64"}],"curies":[{"name":"wp","href":"https:\/\/api.w.org\/{rel}","templated":true}]}}