{"id":63,"date":"2010-02-22T15:00:31","date_gmt":"2010-02-22T14:00:31","guid":{"rendered":"http:\/\/otri.zeus.umh.es\/?page_id=63"},"modified":"2024-03-20T14:45:21","modified_gmt":"2024-03-20T13:45:21","slug":"rrhh-de-investigacion","status":"publish","type":"page","link":"https:\/\/sgi.umh.es\/ca\/financiacion-idi\/rrhh-de-investigacion\/","title":{"rendered":"RRHH d&#8217;investigaci\u00f3"},"content":{"rendered":"<p><\/p>\n<p style=\"text-align: justify\">Aquesta secci\u00f3 arreplega les principals convocat\u00f2ries que tenen a veure amb els recursos humans d&#8217;investigaci\u00f3, tant les destinades a la contractaci\u00f3 laboral de doctors o de personal t\u00e8cnic de suport, com les quals tenen per objecte la formaci\u00f3 de personal docent i\/o investigador, de car\u00e0cter predoctoral, dirigides a promoure una formaci\u00f3 espec\u00edfica per a els qui desitgen orientar la seua activitat professional cap a la investigaci\u00f3 i\/o la doc\u00e8ncia universit\u00e0ria.<\/p>\n<p>Aix\u00ed mateix, cont\u00e9 tota la informaci\u00f3 d&#8217;inter\u00e8s sobre les beques d&#8217;investigaci\u00f3 de convocat\u00f2ria interna de la UMH.<\/p>","protected":false},"excerpt":{"rendered":"<p>Aquesta secci\u00f3 arreplega les principals convocat\u00f2ries que tenen a veure amb els recursos humans d&#8217;investigaci\u00f3, tant les destinades a la contractaci\u00f3 laboral de doctors o de personal t\u00e8cnic de suport, com les quals tenen per objecte la formaci\u00f3 de personal docent i\/o investigador, de car\u00e0cter predoctoral, dirigides a promoure una formaci\u00f3 espec\u00edfica per a els [&#8230;]<\/p>\n","protected":false},"author":482,"featured_media":0,"parent":57,"menu_order":500,"comment_status":"closed","ping_status":"open","template":"","meta":{"_links_to":"","_links_to_target":""},"_links":{"self":[{"href":"https:\/\/sgi.umh.es\/ca\/wp-json\/wp\/v2\/pages\/63"}],"collection":[{"href":"https:\/\/sgi.umh.es\/ca\/wp-json\/wp\/v2\/pages"}],"about":[{"href":"https:\/\/sgi.umh.es\/ca\/wp-json\/wp\/v2\/types\/page"}],"author":[{"embeddable":true,"href":"https:\/\/sgi.umh.es\/ca\/wp-json\/wp\/v2\/users\/482"}],"replies":[{"embeddable":true,"href":"https:\/\/sgi.umh.es\/ca\/wp-json\/wp\/v2\/comments?post=63"}],"version-history":[{"count":0,"href":"https:\/\/sgi.umh.es\/ca\/wp-json\/wp\/v2\/pages\/63\/revisions"}],"up":[{"embeddable":true,"href":"https:\/\/sgi.umh.es\/ca\/wp-json\/wp\/v2\/pages\/57"}],"wp:attachment":[{"href":"https:\/\/sgi.umh.es\/ca\/wp-json\/wp\/v2\/media?parent=63"}],"curies":[{"name":"wp","href":"https:\/\/api.w.org\/{rel}","templated":true}]}}