{"id":61,"date":"2010-02-22T14:59:06","date_gmt":"2010-02-22T13:59:06","guid":{"rendered":"http:\/\/otri.zeus.umh.es\/?page_id=61"},"modified":"2025-03-26T13:33:50","modified_gmt":"2025-03-26T12:33:50","slug":"ayudas-nacionales-idi","status":"publish","type":"page","link":"https:\/\/sgi.umh.es\/ca\/financiacion-idi\/proyectos-de-investigacion\/ayudas-nacionales-idi\/","title":{"rendered":"Projectes Nacionals R+D+i"},"content":{"rendered":"<p><\/p>\n<p style=\"text-align: justify\"><span style=\"color: #000000\"><a style=\"color: #000000\" href=\"https:\/\/otri.umh.es\/ca\/financiacion-idi\/proyectos-de-investigacion\/ayudas-nacionales-idi\/convocatorias\/\" target=\"_self\" rel=\"noopener noreferrer\"><strong>OPORTUNITATS DE FINAN\u00c7AMENT<\/strong><\/a>: En aquest apartat pot obtenir informaci\u00f3 sobre les diferents <strong>convocat\u00f2ries<\/strong> d&#8217;ajudes <strong>que financen la realitzaci\u00f3 de Projectes de R+D d&#8217;\u00e0mbit nacional i regional<\/strong>, ja siguen d&#8217;investigaci\u00f3 fonamental, aplicada o experimental. S&#8217;arrepleguen tant les oportunitats de finan\u00e7ament dirigides a projectes individuals i coordinats com aquelles que tenen per objecte la realitzaci\u00f3 de projectes en col\u00b7laboraci\u00f3 p\u00fablic-privada.<\/span><\/p>\n<p style=\"text-align: justify\"><span style=\"color: #000000\"><strong><a style=\"color: #000000\" href=\"https:\/\/otri.umh.es\/ca\/financiacion-idi\/proyectos-de-investigacion\/ayudas-nacionales-idi\/informacion-general\/\" target=\"_self\" rel=\"noopener noreferrer\">GUIES PER A l&#8217;ELABORACI\u00d3 I SEGUIMENT DE PROJECTES<\/a><\/strong>: En aquesta secci\u00f3 t\u00e9 a la seua disposici\u00f3 una s\u00e8rie de <strong>guies <\/strong>que tenen per objecte servir-li de <strong>suport<\/strong> tant en l&#8217;elaboraci\u00f3 de les propostes de Projectes de R+D com en el seguiment de les actuacions aprovades.<\/span><\/p>\n<p style=\"text-align: justify\"><span style=\"color: #000000\"><a style=\"color: #000000\" href=\"https:\/\/otri.umh.es\/financiacion-idi\/proyectos-de-investigacion\/ayudas-nacionales-idi\/enlaces-de-interes\/\" rel=\"noopener noreferrer\"><strong>ENLLA\u00c7OS D&#8217;INTER\u00c8S<\/strong><\/a>: Informaci\u00f3 sobre els diferents organismes que disposen de programes d&#8217;ajudes que financen la realitzaci\u00f3 de projectes d&#8217;investigaci\u00f3.<\/span><\/p>\n<p><span style=\"color: #000000\"><a style=\"color: #000000\" href=\"https:\/\/otri.umh.es\/financiacion-idi\/proyectos-de-investigacion\/ayudas-nacionales-idi\/proyectos-financiados-con-pge\/\">Projectes finan\u00e7ats amb PGE<\/a>:<\/span> Publicitat de les ajudes finan\u00e7ades amb Pressupostos Generals de l&#8217;Estat.<\/p>\n<p style=\"text-align: justify\"><span style=\"color: #000000\"><strong>PROJECTES COFINAN\u00c7ATS AMB FONS FEDER:<\/strong><\/span><\/p>\n<ul>\n<li><span style=\"color: #000000\"><a style=\"color: #000000\" href=\"https:\/\/otri.umh.es\/financiacion-idi\/proyectos-de-investigacion\/ayudas-nacionales-idi\/proyectos-id-convocatoria-2004-plan-nacional\/\">Publicitat de les ajudes finan\u00e7ades amb Pressupostos Generals de l&#8217;Estat i pel Fons Europeu de Desenvolupament Regional (FERDER)<\/a><\/span><\/li>\n<li><span style=\"color: #000000\"><a style=\"color: #000000\" href=\"https:\/\/otri.umh.es\/financiacion-idi\/proyectos-de-investigacion\/ayudas-nacionales-idi\/proyectos-de-la-comunidad-valenciana-cofinanciados-con-fondos-feder\/\">Publicitat de les ajudes de la Comunitat Valenciana cofinan\u00e7ades amb fons FEDER<\/a><\/span><\/li>\n<\/ul>\n<p><span style=\"color: #000000\"><strong>PROJECTES COFINAN\u00c7ATS AMB FONS FEADER :<\/strong><\/span><\/p>\n<ul>\n<li><span style=\"color: #000000\"><a style=\"color: #000000\" href=\"https:\/\/otri.umh.es\/financiacion-idi\/proyectos-de-investigacion\/ayudas-nacionales-idi\/proyectos-de-la-comunidad-valenciana-cofinanciados-con-fondos-feader\/\">Publicitat de les subvencions cofinan\u00e7ades per la Uni\u00f3 Europea a trav\u00e9s del P.O. FEADER de la Comunitat Valenciana 2014-2020<\/a><\/span><\/li>\n<\/ul>\n<p><\/p>","protected":false},"excerpt":{"rendered":"<p>OPORTUNITATS DE FINAN\u00c7AMENT: En aquest apartat pot obtenir informaci\u00f3 sobre les diferents convocat\u00f2ries d&#8217;ajudes que financen la realitzaci\u00f3 de Projectes de R+D d&#8217;\u00e0mbit nacional i regional, ja siguen d&#8217;investigaci\u00f3 fonamental, aplicada o experimental. S&#8217;arrepleguen tant les oportunitats de finan\u00e7ament dirigides a projectes individuals i coordinats com aquelles que tenen per objecte la realitzaci\u00f3 de projectes [&#8230;]<\/p>\n","protected":false},"author":482,"featured_media":0,"parent":59,"menu_order":200,"comment_status":"closed","ping_status":"closed","template":"","meta":{"_links_to":"","_links_to_target":""},"_links":{"self":[{"href":"https:\/\/sgi.umh.es\/ca\/wp-json\/wp\/v2\/pages\/61"}],"collection":[{"href":"https:\/\/sgi.umh.es\/ca\/wp-json\/wp\/v2\/pages"}],"about":[{"href":"https:\/\/sgi.umh.es\/ca\/wp-json\/wp\/v2\/types\/page"}],"author":[{"embeddable":true,"href":"https:\/\/sgi.umh.es\/ca\/wp-json\/wp\/v2\/users\/482"}],"replies":[{"embeddable":true,"href":"https:\/\/sgi.umh.es\/ca\/wp-json\/wp\/v2\/comments?post=61"}],"version-history":[{"count":0,"href":"https:\/\/sgi.umh.es\/ca\/wp-json\/wp\/v2\/pages\/61\/revisions"}],"up":[{"embeddable":true,"href":"https:\/\/sgi.umh.es\/ca\/wp-json\/wp\/v2\/pages\/59"}],"wp:attachment":[{"href":"https:\/\/sgi.umh.es\/ca\/wp-json\/wp\/v2\/media?parent=61"}],"curies":[{"name":"wp","href":"https:\/\/api.w.org\/{rel}","templated":true}]}}