{"id":60,"date":"2010-02-22T14:58:35","date_gmt":"2010-02-22T13:58:35","guid":{"rendered":"http:\/\/otri.zeus.umh.es\/?page_id=60"},"modified":"2026-01-21T14:07:35","modified_gmt":"2026-01-21T13:07:35","slug":"proyectos-europeos","status":"publish","type":"page","link":"https:\/\/sgi.umh.es\/ca\/financiacion-idi\/proyectos-de-investigacion\/proyectos-europeos\/","title":{"rendered":"\u00c0rea de projectes internacionals d&#8217;investigaci\u00f3"},"content":{"rendered":"<p><span style=\"color: #000000\">Personal \u00e0rea de projectes internacionals d&#8217;investigaci\u00f3<\/span><\/p>\n<p><a href=\"https:\/\/sgi.umh.es\/files\/2026\/01\/Personal-area-PI-scaled.jpg\"><img loading=\"lazy\" class=\"alignnone wp-image-28862 size-medium\" src=\"https:\/\/sgi.umh.es\/files\/2026\/01\/Personal-area-PI-300x212.jpg\" alt=\"\" width=\"300\" height=\"212\" srcset=\"https:\/\/sgi.umh.es\/files\/2026\/01\/Personal-area-PI-300x212.jpg 300w, https:\/\/sgi.umh.es\/files\/2026\/01\/Personal-area-PI-1024x724.jpg 1024w, https:\/\/sgi.umh.es\/files\/2026\/01\/Personal-area-PI-768x543.jpg 768w, https:\/\/sgi.umh.es\/files\/2026\/01\/Personal-area-PI-1536x1086.jpg 1536w, https:\/\/sgi.umh.es\/files\/2026\/01\/Personal-area-PI-2048x1448.jpg 2048w\" sizes=\"(max-width: 300px) 100vw, 300px\" \/><\/a><\/p>\n<p><strong>Oportunitats de Finan\u00e7ament:<\/strong><\/p>\n<p>En els seg\u00fcents enlla\u00e7os podran trobar informaci\u00f3 sobre les oportunitats de finan\u00e7ament actuals i ajuda per al desenvolupament de la seua proposta.<\/p>\n<ul>\n<li><span style=\"color: #000000\"><a style=\"color: #000000\" href=\"https:\/\/otri.umh.es\/ca\/programa-horizon-europe\/\">Horizon Europe<\/a>\u00a0 (2021-2027)<\/span><\/li>\n<li><span style=\"color: #000000\"><a style=\"color: #000000\" href=\"https:\/\/otri.umh.es\/ca\/horizon-2020\/\">HORIZON 2020<\/a>\u00a0 (2014-2020)<\/span><\/li>\n<li><span style=\"color: #000000\"><a style=\"color: #000000\" href=\"https:\/\/otri.umh.es\/ca\/otros-programas-de-idi\/\" rel=\"noopener noreferrer\">Altres Programes i Convocat\u00f2ries de R+D+i<\/a><\/span><\/li>\n<li><span style=\"color: #000000\"><a style=\"color: #000000\" href=\"https:\/\/otri.umh.es\/ca\/financiacion-idi\/movilidad\/movilidad-internacional\/\">Mobilitat Internacional<\/a><\/span><\/li>\n<li><span style=\"color: #000000\"><a style=\"color: #000000\" href=\"https:\/\/otri.umh.es\/ca\/financiacion-idi\/proyectos-de-investigacion\/normativas-relacionadas\/\">Normativa d&#8217;aplicaci\u00f3 a Projectes Europeus i Internacionals<\/a><\/span><\/li>\n<\/ul>\n<p>Tots els projectes han de comptar amb l&#8217;aprovaci\u00f3 de l&#8217;Oficina d&#8217;Investigaci\u00f3 Responsable de la Universitat. La petici\u00f3 d&#8217;avaluaci\u00f3 s&#8217;ha de realitzar en fase de sol\u00b7licitud del projecte, d&#8217;acord amb el procediment que es detalla en la seua <span style=\"color: #000000\"><a style=\"color: #000000\" href=\"https:\/\/oir.umh.es\/solicitud-de-evaluacion\/\" target=\"_blank\" rel=\"noopener noreferrer\">p\u00e0gina Web<\/a>\u00a0 <img loading=\"lazy\" class=\"alignnone size-full wp-image-21020\" src=\"https:\/\/otri.umh.es\/files\/2023\/03\/abre-en-nueva-ventana-e1727339339203.png\" alt=\"Abre en ventana nueva\" width=\"10\" height=\"10\" \/><\/span><\/p>\n<div id=\"traduccio\" class=\"texte\"><img loading=\"lazy\" class=\" wp-image-15015 alignleft\" src=\"https:\/\/sgi.umh.es\/files\/2021\/03\/logo_strategy_hr_0-300x203.jpg\" alt=\"\" width=\"142\" height=\"96\" srcset=\"https:\/\/sgi.umh.es\/files\/2021\/03\/logo_strategy_hr_0-300x203.jpg 300w, https:\/\/sgi.umh.es\/files\/2021\/03\/logo_strategy_hr_0-768x520.jpg 768w, https:\/\/sgi.umh.es\/files\/2021\/03\/logo_strategy_hr_0-1024x694.jpg 1024w, https:\/\/sgi.umh.es\/files\/2021\/03\/logo_strategy_hr_0.jpg 1423w\" sizes=\"(max-width: 142px) 100vw, 142px\" \/><\/div>\n<div class=\"texte\">En la UMH apostem per la millora cont\u00ednua i ens comprometem al fet que la nostra Estrat\u00e8gia de Recursos Humans complisca amb els 40 principis de la Carta Europea de l&#8217;Investigador i el Codi de Conducta per a la Contractaci\u00f3 d&#8217;Investigadors i aconseguir el reconeixement de la Comissi\u00f3 Europea a la millora cont\u00ednua de la UMH mitjan\u00e7ant el distintiu HRS4R:\u00a0 <span style=\"color: #000000\"><a style=\"color: #000000\" href=\"http:\/\/hrs4r.edu.umh.es\/es\/\" target=\"_blank\" rel=\"noopener\">Estrat\u00e8gia de Recursos Humans HRS4R en la UMH<\/a>\u00a0 <img loading=\"lazy\" class=\"alignnone wp-image-21020 size-full\" src=\"https:\/\/otri.umh.es\/files\/2023\/03\/abre-en-nueva-ventana-e1727339339203.png\" alt=\"Abre en ventana nueva\" width=\"10\" height=\"10\" \/><\/span><\/div>\n<p><\/p>","protected":false},"excerpt":{"rendered":"<p>Personal \u00e0rea de projectes internacionals d&#8217;investigaci\u00f3<\/p>\n<p>Oportunitats de Finan\u00e7ament:<br \/>\nEn els seg\u00fcents enlla\u00e7os podran trobar informaci\u00f3 sobre les oportunitats de finan\u00e7ament actuals i ajuda per al desenvolupament de la seua proposta.<\/p>\n<p>Horizon Europe\u00a0 (2021-2027)<br \/>\nHORIZON 2020\u00a0 (2014-2020)<br \/>\nAltres Programes i Convocat\u00f2ries de R+D+i<br \/>\nMobilitat Internacional<br \/>\nNormativa d&#8217;aplicaci\u00f3 a Projectes Europeus i Internacionals<\/p>\n<p>Tots els projectes han de comptar amb l&#8217;aprovaci\u00f3 de l&#8217;Oficina d&#8217;Investigaci\u00f3 [&#8230;]<\/p>\n","protected":false},"author":481,"featured_media":0,"parent":59,"menu_order":100,"comment_status":"closed","ping_status":"open","template":"","meta":{"_links_to":"","_links_to_target":""},"_links":{"self":[{"href":"https:\/\/sgi.umh.es\/ca\/wp-json\/wp\/v2\/pages\/60"}],"collection":[{"href":"https:\/\/sgi.umh.es\/ca\/wp-json\/wp\/v2\/pages"}],"about":[{"href":"https:\/\/sgi.umh.es\/ca\/wp-json\/wp\/v2\/types\/page"}],"author":[{"embeddable":true,"href":"https:\/\/sgi.umh.es\/ca\/wp-json\/wp\/v2\/users\/481"}],"replies":[{"embeddable":true,"href":"https:\/\/sgi.umh.es\/ca\/wp-json\/wp\/v2\/comments?post=60"}],"version-history":[{"count":0,"href":"https:\/\/sgi.umh.es\/ca\/wp-json\/wp\/v2\/pages\/60\/revisions"}],"up":[{"embeddable":true,"href":"https:\/\/sgi.umh.es\/ca\/wp-json\/wp\/v2\/pages\/59"}],"wp:attachment":[{"href":"https:\/\/sgi.umh.es\/ca\/wp-json\/wp\/v2\/media?parent=60"}],"curies":[{"name":"wp","href":"https:\/\/api.w.org\/{rel}","templated":true}]}}