{"id":59,"date":"2010-02-22T14:58:00","date_gmt":"2010-02-22T13:58:00","guid":{"rendered":"http:\/\/otri.zeus.umh.es\/?page_id=59"},"modified":"2012-11-16T11:24:40","modified_gmt":"2012-11-16T10:24:40","slug":"proyectos-de-investigacion","status":"publish","type":"page","link":"https:\/\/sgi.umh.es\/ca\/financiacion-idi\/proyectos-de-investigacion\/","title":{"rendered":"Projectes d&#8217;investigaci\u00f3"},"content":{"rendered":"<p><\/p>\n<p>El terme R+D+i engloba quatre activitats:<\/p>\n<ul>\n<li>Investigaci\u00f3 fonamenta<\/li>\n<li>Investigaci\u00f3 aplicada<\/li>\n<li>Desenvolupament experimental<\/li>\n<li>Innovaci\u00f3<\/li>\n<\/ul>\n<p>A trav\u00e9s d&#8217;aquesta p\u00e0gina tindr\u00e0 acc\u00e9s a les possibilitats de finan\u00e7ament existents.<\/p>\n<p><\/p>","protected":false},"excerpt":{"rendered":"<p>El terme R+D+i engloba quatre activitats:<\/p>\n<p>Investigaci\u00f3 fonamenta<br \/>\nInvestigaci\u00f3 aplicada<br \/>\nDesenvolupament experimental<br \/>\nInnovaci\u00f3<\/p>\n<p>A trav\u00e9s d&#8217;aquesta p\u00e0gina tindr\u00e0 acc\u00e9s a les possibilitats de finan\u00e7ament existents.<\/p>\n","protected":false},"author":478,"featured_media":0,"parent":57,"menu_order":200,"comment_status":"closed","ping_status":"open","template":"","meta":{"_links_to":"","_links_to_target":""},"_links":{"self":[{"href":"https:\/\/sgi.umh.es\/ca\/wp-json\/wp\/v2\/pages\/59"}],"collection":[{"href":"https:\/\/sgi.umh.es\/ca\/wp-json\/wp\/v2\/pages"}],"about":[{"href":"https:\/\/sgi.umh.es\/ca\/wp-json\/wp\/v2\/types\/page"}],"author":[{"embeddable":true,"href":"https:\/\/sgi.umh.es\/ca\/wp-json\/wp\/v2\/users\/478"}],"replies":[{"embeddable":true,"href":"https:\/\/sgi.umh.es\/ca\/wp-json\/wp\/v2\/comments?post=59"}],"version-history":[{"count":0,"href":"https:\/\/sgi.umh.es\/ca\/wp-json\/wp\/v2\/pages\/59\/revisions"}],"up":[{"embeddable":true,"href":"https:\/\/sgi.umh.es\/ca\/wp-json\/wp\/v2\/pages\/57"}],"wp:attachment":[{"href":"https:\/\/sgi.umh.es\/ca\/wp-json\/wp\/v2\/media?parent=59"}],"curies":[{"name":"wp","href":"https:\/\/api.w.org\/{rel}","templated":true}]}}