{"id":57,"date":"2010-02-22T14:54:17","date_gmt":"2010-02-22T13:54:17","guid":{"rendered":"http:\/\/otri.zeus.umh.es\/financiacion-idi\/"},"modified":"2023-01-11T10:36:02","modified_gmt":"2023-01-11T09:36:02","slug":"financiacion-idi","status":"publish","type":"page","link":"https:\/\/sgi.umh.es\/ca\/financiacion-idi\/","title":{"rendered":"Finan\u00e7ament R+D+i"},"content":{"rendered":"<p><\/p>\n<p style=\"text-align: justify\">Les oportunitats de finan\u00e7ament per a la realitzaci\u00f3 d&#8217;activitats de R+D+i s\u00f3n molt diverses. En la OTRI, cerquem i difonem les diferents vies existents a cada moment i prestem assessorament i suport als investigadors en l&#8217;elaboraci\u00f3 i presentaci\u00f3 de les propostes de projectes a les diferents convocat\u00f2ries p\u00fabliques de finan\u00e7ament de la R+D+i:<\/p>\n<ul>\n<li>\n<div style=\"text-align: justify\">Pla Valenci\u00e0 de R+D+i<\/div>\n<\/li>\n<li>\n<div style=\"text-align: justify\">Pla Nacional de R+D+i<\/div>\n<\/li>\n<li>\n<div style=\"text-align: justify\"><span style=\"color: #000000\"><a class=\"n_p_l_h \" style=\"color: #000000\" title=\"Projectes Europeus i Internacionals\" href=\"https:\/\/otri.umh.es\/ca\/financiacion-idi\/proyectos-de-investigacion\/proyectos-europeos\/\">Projectes Europeus i Internacionals<\/a><\/span><\/div>\n<\/li>\n<\/ul>\n<p style=\"text-align: justify\">A m\u00e9s, col\u00b7laborem en la gesti\u00f3 de les ajudes a la investigaci\u00f3 promogudes pel Vicerectorat d&#8217;Investigaci\u00f3 i Innovaci\u00f3.<\/p>\n<p><\/p>","protected":false},"excerpt":{"rendered":"<p>Les oportunitats de finan\u00e7ament per a la realitzaci\u00f3 d&#8217;activitats de R+D+i s\u00f3n molt diverses. En la OTRI, cerquem i difonem les diferents vies existents a cada moment i prestem assessorament i suport als investigadors en l&#8217;elaboraci\u00f3 i presentaci\u00f3 de les propostes de projectes a les diferents convocat\u00f2ries p\u00fabliques de finan\u00e7ament de la R+D+i:<\/p>\n<p>Pla Valenci\u00e0 de [&#8230;]<\/p>\n","protected":false},"author":482,"featured_media":0,"parent":0,"menu_order":20,"comment_status":"closed","ping_status":"open","template":"","meta":{"_links_to":"","_links_to_target":""},"_links":{"self":[{"href":"https:\/\/sgi.umh.es\/ca\/wp-json\/wp\/v2\/pages\/57"}],"collection":[{"href":"https:\/\/sgi.umh.es\/ca\/wp-json\/wp\/v2\/pages"}],"about":[{"href":"https:\/\/sgi.umh.es\/ca\/wp-json\/wp\/v2\/types\/page"}],"author":[{"embeddable":true,"href":"https:\/\/sgi.umh.es\/ca\/wp-json\/wp\/v2\/users\/482"}],"replies":[{"embeddable":true,"href":"https:\/\/sgi.umh.es\/ca\/wp-json\/wp\/v2\/comments?post=57"}],"version-history":[{"count":0,"href":"https:\/\/sgi.umh.es\/ca\/wp-json\/wp\/v2\/pages\/57\/revisions"}],"wp:attachment":[{"href":"https:\/\/sgi.umh.es\/ca\/wp-json\/wp\/v2\/media?parent=57"}],"curies":[{"name":"wp","href":"https:\/\/api.w.org\/{rel}","templated":true}]}}