{"id":468,"date":"2010-07-14T12:52:31","date_gmt":"2010-07-14T11:52:31","guid":{"rendered":"http:\/\/otri.zeus.umh.es\/?page_id=468"},"modified":"2025-07-30T11:30:57","modified_gmt":"2025-07-30T09:30:57","slug":"tramites-on-line","status":"publish","type":"page","link":"https:\/\/sgi.umh.es\/ca\/tramites-on-line\/","title":{"rendered":"Tr\u00e0mits on-line"},"content":{"rendered":"<p>Des d&#8217;aquesta secci\u00f3 li oferim la possibilitat de realitzar els seg\u00fcents tr\u00e0mits on-line:<\/p>\n<p><a href=\"https:\/\/otri.umh.es\/solicitudes-a-la-otri\/\" target=\"_blank\" rel=\"noopener\">Sol\u00b7licitud de Certificats al SGI<\/a><\/p>\n<p><a href=\"http:\/\/universite.umh.es\/investigacionPDI\/form_areas_interes.asp\" target=\"_blank\" rel=\"noopener\">Sol\u00b7licitud d&#8217;alta\/baixa en les Llistes de Distribuci\u00f3 de les \u00c0rees d&#8217;Inter\u00e8s<\/a><\/p>\n<p><a href=\"https:\/\/otri.umh.es\/financiacion-idi\/solicitud-de-autorizacion-de-participacion-en-proyectos-externos\/\" target=\"_blank\" rel=\"noopener\">Sol\u00b7licitud d\u2019autoritzaci\u00f3 de participaci\u00f3 en projectes externs<\/a><\/p>\n<p><a href=\"https:\/\/otri.umh.es\/ca\/financiacion-idi\/comunicacion-de-participacion-en-proyectos-externos\/\" target=\"_blank\" rel=\"noopener\">Comunicaci\u00f3 de participaci\u00f3 en projectes externs<\/a><\/p>","protected":false},"excerpt":{"rendered":"<p>Des d&#8217;aquesta secci\u00f3 li oferim la possibilitat de realitzar els seg\u00fcents tr\u00e0mits on-line:<br \/>\nSol\u00b7licitud de Certificats al SGI<br \/>\nSol\u00b7licitud d&#8217;alta\/baixa en les Llistes de Distribuci\u00f3 de les \u00c0rees d&#8217;Inter\u00e8s<br \/>\nSol\u00b7licitud d\u2019autoritzaci\u00f3 de participaci\u00f3 en projectes externs<br \/>\nComunicaci\u00f3 de participaci\u00f3 en projectes externs<\/p>\n","protected":false},"author":3,"featured_media":0,"parent":0,"menu_order":0,"comment_status":"closed","ping_status":"closed","template":"","meta":{"_links_to":"","_links_to_target":""},"_links":{"self":[{"href":"https:\/\/sgi.umh.es\/ca\/wp-json\/wp\/v2\/pages\/468"}],"collection":[{"href":"https:\/\/sgi.umh.es\/ca\/wp-json\/wp\/v2\/pages"}],"about":[{"href":"https:\/\/sgi.umh.es\/ca\/wp-json\/wp\/v2\/types\/page"}],"author":[{"embeddable":true,"href":"https:\/\/sgi.umh.es\/ca\/wp-json\/wp\/v2\/users\/3"}],"replies":[{"embeddable":true,"href":"https:\/\/sgi.umh.es\/ca\/wp-json\/wp\/v2\/comments?post=468"}],"version-history":[{"count":0,"href":"https:\/\/sgi.umh.es\/ca\/wp-json\/wp\/v2\/pages\/468\/revisions"}],"wp:attachment":[{"href":"https:\/\/sgi.umh.es\/ca\/wp-json\/wp\/v2\/media?parent=468"}],"curies":[{"name":"wp","href":"https:\/\/api.w.org\/{rel}","templated":true}]}}