{"id":467,"date":"2010-07-14T12:48:57","date_gmt":"2010-07-14T11:48:57","guid":{"rendered":"http:\/\/otri.zeus.umh.es\/?page_id=467"},"modified":"2026-01-21T13:30:57","modified_gmt":"2026-01-21T12:30:57","slug":"solicitudes-al-sgi","status":"publish","type":"page","link":"https:\/\/sgi.umh.es\/ca\/solicitudes-al-sgi\/","title":{"rendered":"Sol\u00b7licitud de Certificats al Servici de Gesti\u00f3 de la Investigaci\u00f3"},"content":{"rendered":"<p>A trav\u00e9s del present formulari pot realitzar la seua sol\u00b7licitud al Servici de Gesti\u00f3 de la Investigaci\u00f3.<\/p>\n<p>Els documents m\u00e9s habituals s\u00f3n els que apareixen en el desplegable de l&#8217;apartat &#8220;sol\u00b7licitud&#8221;. Per a qualsevol altra q\u00fcesti\u00f3 diferent de les recollides ac\u00ed, o b\u00e9 realitzar algun aclariment sobre la seua sol\u00b7licitud, disposa del camp &#8220;observacions&#8221; per a a\u00e7\u00f2.<\/p>\n<p>Els certificats podran arreplegar-se en un termini aproximat de sis dies h\u00e0bils des del seu enviament al SGI. Tamb\u00e9 pot indicar-nos on remetre-ho; aix\u00ed com, obtenir informaci\u00f3 telef\u00f2nica sobre la seua tramitaci\u00f3 en el n\u00famero 96 665 <strong>8782<\/strong>.<\/p>\n<p>Una vegada emplenat el seg\u00fcent formulari prema a <strong>Envia<\/strong> per a fer arribar la sol\u00b7licitud al Servici de Gesti\u00f3 de la Investigaci\u00f3.<\/p>\n<p>Gr\u00e0cies per la seua col\u00b7laboraci\u00f3.<\/p>\n<hr \/>\n<p><div role=\"form\" class=\"wpcf7\" id=\"wpcf7-f8690-o2\" lang=\"en-US\" dir=\"ltr\">\n<div class=\"screen-reader-response\"><p role=\"status\" aria-live=\"polite\" aria-atomic=\"true\"><\/p> <ul><\/ul><\/div>\n<form action=\"\/ca\/wp-json\/wp\/v2\/pages\/467#wpcf7-f8690-o2\" method=\"post\" class=\"wpcf7-form init\" novalidate=\"novalidate\" data-status=\"init\">\n<div style=\"display: none;\">\n<input type=\"hidden\" name=\"_wpcf7\" value=\"8690\" \/>\n<input type=\"hidden\" name=\"_wpcf7_version\" value=\"5.5.2\" \/>\n<input type=\"hidden\" name=\"_wpcf7_locale\" value=\"en_US\" \/>\n<input type=\"hidden\" name=\"_wpcf7_unit_tag\" value=\"wpcf7-f8690-o2\" \/>\n<input type=\"hidden\" name=\"_wpcf7_container_post\" value=\"0\" \/>\n<input type=\"hidden\" name=\"_wpcf7_posted_data_hash\" value=\"\" \/>\n<input type=\"hidden\" name=\"_wpcf7_recaptcha_response\" value=\"\" \/>\n<\/div>\n<p>Nombre (*)<br \/>\n    <span class=\"wpcf7-form-control-wrap your-name\"><input type=\"text\" name=\"your-name\" value=\"\" size=\"40\" class=\"wpcf7-form-control wpcf7-text wpcf7-validates-as-required\" aria-required=\"true\" aria-invalid=\"false\" \/><\/span> <\/p>\n<p>Apellidos (*)<br \/>\n    <span class=\"wpcf7-form-control-wrap apellidos\"><input type=\"text\" name=\"apellidos\" value=\"\" size=\"40\" class=\"wpcf7-form-control wpcf7-text wpcf7-validates-as-required\" aria-required=\"true\" aria-invalid=\"false\" \/><\/span> <\/p>\n<p>DNI (*)<br \/>\n    <span class=\"wpcf7-form-control-wrap dni\"><input type=\"text\" name=\"dni\" value=\"\" size=\"40\" class=\"wpcf7-form-control wpcf7-text wpcf7-validates-as-required\" aria-required=\"true\" aria-invalid=\"false\" \/><\/span> <\/p>\n<p>Departamento o Instituto (*)<br \/>\n    <span class=\"wpcf7-form-control-wrap deparinsti\"><input type=\"text\" name=\"deparinsti\" value=\"\" size=\"40\" class=\"wpcf7-form-control wpcf7-text wpcf7-validates-as-required\" aria-required=\"true\" aria-invalid=\"false\" \/><\/span> <\/p>\n<p>Tel\u00e9fono de contacto (*)<br \/>\n    <span class=\"wpcf7-form-control-wrap telefono\"><input type=\"tel\" name=\"telefono\" value=\"\" size=\"40\" class=\"wpcf7-form-control wpcf7-text wpcf7-tel wpcf7-validates-as-required wpcf7-validates-as-tel\" aria-required=\"true\" aria-invalid=\"false\" \/><\/span> <\/p>\n<p>Correo Electr\u00f3nico (*)<br \/>\n    <span class=\"wpcf7-form-control-wrap your-email\"><input type=\"email\" name=\"your-email\" value=\"\" size=\"40\" class=\"wpcf7-form-control wpcf7-text wpcf7-email wpcf7-validates-as-required wpcf7-validates-as-email\" aria-required=\"true\" aria-invalid=\"false\" \/><\/span> <\/p>\n<p>Observaciones:<br \/>\n   <span class=\"wpcf7-form-control-wrap Observaciones\"><textarea name=\"Observaciones\" cols=\"40\" rows=\"10\" class=\"wpcf7-form-control wpcf7-textarea\" aria-invalid=\"false\"><\/textarea><\/span> <\/p>\n<p>Solicitud (*):<br \/>\n   <span class=\"wpcf7-form-control-wrap Solicitudcertificado\"><select name=\"Solicitudcertificado\" class=\"wpcf7-form-control wpcf7-select wpcf7-validates-as-required\" aria-required=\"true\" aria-invalid=\"false\"><option value=\"Emisi\u00f3n Certificado Actividades Investigaci\u00f3n\">Emisi\u00f3n Certificado Actividades Investigaci\u00f3n<\/option><option value=\"Emisi\u00f3n Certificado Becas y otras Ayudas\">Emisi\u00f3n Certificado Becas y otras Ayudas<\/option><option value=\"OTROS\">OTROS<\/option><\/select><\/span> <\/p>\n<span class=\"wpcf7-form-control-wrap recaptcha\" data-name=\"recaptcha\"><span data-sitekey=\"6LdoYCckAAAAAPgmKlpU5rIrxI6dbPh9xkctj6p2\" class=\"wpcf7-form-control g-recaptcha wpcf7-recaptcha\"><\/span>\r\n<noscript>\r\n\t<div class=\"grecaptcha-noscript\">\r\n\t\t<iframe src=\"https:\/\/www.google.com\/recaptcha\/api\/fallback?k=6LdoYCckAAAAAPgmKlpU5rIrxI6dbPh9xkctj6p2\" frameborder=\"0\" scrolling=\"no\" width=\"310\" height=\"430\">\r\n\t\t<\/iframe>\r\n\t\t<textarea name=\"g-recaptcha-response\" rows=\"3\" cols=\"40\" placeholder=\"reCaptcha Response Here\">\r\n\t\t<\/textarea>\r\n\t<\/div>\r\n<\/noscript>\r\n<\/span>\n<p><\/p>\n<p><input type=\"submit\" value=\"Enviar\" class=\"wpcf7-form-control has-spinner wpcf7-submit\" \/><\/p>\n<p>(*) Campos requeridos<\/p>\n<div class=\"wpcf7-response-output\" aria-hidden=\"true\"><\/div><\/form><\/div><\/p>","protected":false},"excerpt":{"rendered":"<p>A trav\u00e9s del present formulari pot realitzar la seua sol\u00b7licitud al Servici de Gesti\u00f3 de la Investigaci\u00f3.<br \/>\nEls documents m\u00e9s habituals s\u00f3n els que apareixen en el desplegable de l&#8217;apartat &#8220;sol\u00b7licitud&#8221;. Per a qualsevol altra q\u00fcesti\u00f3 diferent de les recollides ac\u00ed, o b\u00e9 realitzar algun aclariment sobre la seua sol\u00b7licitud, disposa del camp &#8220;observacions&#8221; per a [&#8230;]<\/p>\n","protected":false},"author":3,"featured_media":0,"parent":0,"menu_order":0,"comment_status":"closed","ping_status":"closed","template":"","meta":{"_links_to":"","_links_to_target":""},"_links":{"self":[{"href":"https:\/\/sgi.umh.es\/ca\/wp-json\/wp\/v2\/pages\/467"}],"collection":[{"href":"https:\/\/sgi.umh.es\/ca\/wp-json\/wp\/v2\/pages"}],"about":[{"href":"https:\/\/sgi.umh.es\/ca\/wp-json\/wp\/v2\/types\/page"}],"author":[{"embeddable":true,"href":"https:\/\/sgi.umh.es\/ca\/wp-json\/wp\/v2\/users\/3"}],"replies":[{"embeddable":true,"href":"https:\/\/sgi.umh.es\/ca\/wp-json\/wp\/v2\/comments?post=467"}],"version-history":[{"count":0,"href":"https:\/\/sgi.umh.es\/ca\/wp-json\/wp\/v2\/pages\/467\/revisions"}],"wp:attachment":[{"href":"https:\/\/sgi.umh.es\/ca\/wp-json\/wp\/v2\/media?parent=467"}],"curies":[{"name":"wp","href":"https:\/\/api.w.org\/{rel}","templated":true}]}}