{"id":3968,"date":"2014-01-28T15:25:35","date_gmt":"2014-01-28T14:25:35","guid":{"rendered":"http:\/\/otri.umh.es\/?page_id=3968"},"modified":"2023-12-12T12:32:05","modified_gmt":"2023-12-12T11:32:05","slug":"ayudas-para-equipamiento","status":"publish","type":"page","link":"https:\/\/sgi.umh.es\/ca\/financiacion-idi\/ayudas-para-equipamiento\/","title":{"rendered":"Equipament"},"content":{"rendered":"<p><\/p>\n<p style=\"text-align: justify\"><span style=\"color: #888888\">Si desitja <strong>rebre informaci\u00f3 actualitzada sobre les noves convocat\u00f2ries d&#8217;ajudes per a equipament <\/strong>que es vagen publicant en aquest apartat, ha de fer-ho a trav\u00e9s de la font de continguts <strong>RSS<\/strong> situada en la part inferior esquerra de la pantalla, en la qual es mostren totes les <strong>categories<\/strong>, en les quals est\u00e0 classificat aquest blog, <strong>a les quals pot subscriure&#8217;s<\/strong>.\u00a0\u00a0\u00a0\u00a0<\/span><\/p>\n<p style=\"text-align: justify\">____________________________________________________________________________<\/p>\n<p style=\"text-align: justify\">\n<p><\/p>","protected":false},"excerpt":{"rendered":"<p>Si desitja rebre informaci\u00f3 actualitzada sobre les noves convocat\u00f2ries d&#8217;ajudes per a equipament que es vagen publicant en aquest apartat, ha de fer-ho a trav\u00e9s de la font de continguts RSS situada en la part inferior esquerra de la pantalla, en la qual es mostren totes les categories, en les quals est\u00e0 classificat aquest blog, [&#8230;]<\/p>\n","protected":false},"author":486,"featured_media":0,"parent":57,"menu_order":550,"comment_status":"closed","ping_status":"open","template":"","meta":{"_links_to":"","_links_to_target":""},"_links":{"self":[{"href":"https:\/\/sgi.umh.es\/ca\/wp-json\/wp\/v2\/pages\/3968"}],"collection":[{"href":"https:\/\/sgi.umh.es\/ca\/wp-json\/wp\/v2\/pages"}],"about":[{"href":"https:\/\/sgi.umh.es\/ca\/wp-json\/wp\/v2\/types\/page"}],"author":[{"embeddable":true,"href":"https:\/\/sgi.umh.es\/ca\/wp-json\/wp\/v2\/users\/486"}],"replies":[{"embeddable":true,"href":"https:\/\/sgi.umh.es\/ca\/wp-json\/wp\/v2\/comments?post=3968"}],"version-history":[{"count":0,"href":"https:\/\/sgi.umh.es\/ca\/wp-json\/wp\/v2\/pages\/3968\/revisions"}],"up":[{"embeddable":true,"href":"https:\/\/sgi.umh.es\/ca\/wp-json\/wp\/v2\/pages\/57"}],"wp:attachment":[{"href":"https:\/\/sgi.umh.es\/ca\/wp-json\/wp\/v2\/media?parent=3968"}],"curies":[{"name":"wp","href":"https:\/\/api.w.org\/{rel}","templated":true}]}}