{"id":374,"date":"2010-06-14T11:40:38","date_gmt":"2010-06-14T10:40:38","guid":{"rendered":"http:\/\/otri.zeus.umh.es\/?page_id=374"},"modified":"2023-06-02T13:03:42","modified_gmt":"2023-06-02T11:03:42","slug":"aprobacion-y-firma-del-contratoconvenio","status":"publish","type":"page","link":"https:\/\/sgi.umh.es\/ca\/contratos-y-convenios\/contratacion-art-60-losu\/contratos\/aprobacion-y-firma-del-contratoconvenio\/","title":{"rendered":"2. Aprovaci\u00f3 i signatura del Contracte\/Conveni"},"content":{"rendered":"<p><\/p>\n<p style=\"text-align: justify\">Una vegada es disposa d&#8217;un text consensuat per totes les parts, el SGI-OTRI sol\u00b7licita informe al director del Departament\/Institut al que est\u00e0 adscrit l&#8217;investigador.<\/p>\n<p style=\"text-align: justify\">Seguidament, l&#8217;esborrany \u00e9s rem\u00e8s al Vicerector d&#8217;Investigaci\u00f3 i Innovaci\u00f3 per a la seua aprovaci\u00f3.<\/p>\n<p style=\"text-align: justify\">Una vegada aprovat, s&#8217;inicia el proc\u00e9s de recollida de signatures. Aquest proc\u00e9s s&#8217;inicia habitualment pel tercer contractant, continua per l&#8217;investigador responsable i finalitza amb la signatura del Vicerector d&#8217;Investigaci\u00f3 i Innovaci\u00f3.<\/p>\n<p style=\"text-align: justify\">Una vegada que el contracte\/conveni ha sigut signat per totes les parts, el SGI-OTRI procedeix a donar-ho d&#8217;alta en una base de dades, arreplegant la informaci\u00f3 b\u00e0sica del mateix i assignant-li un Centre de Despesa. Un dels originals \u00e9s rem\u00e8s al tercer contractant i l&#8217;altre queda en poder de la Universitat, enviant-se c\u00f2pia del mateix al Director del Departament\/Institut, a l&#8217;investigador responsable i a l&#8217;auxiliar administratiu, comunicant als dos \u00faltims a m\u00e9s el centre de despesa assignada.<\/p>\n<p style=\"text-align: justify\"><a href=\"https:\/\/otri.umh.es\/ca\/contratos-y-convenios\/contratacion-art-83-lou\/contratos\/\" target=\"_self\" rel=\"noopener\"><strong>TORNAR<\/strong><\/a><\/p>\n<p><\/p>","protected":false},"excerpt":{"rendered":"<p>Una vegada es disposa d&#8217;un text consensuat per totes les parts, el SGI-OTRI sol\u00b7licita informe al director del Departament\/Institut al que est\u00e0 adscrit l&#8217;investigador.<br \/>\nSeguidament, l&#8217;esborrany \u00e9s rem\u00e8s al Vicerector d&#8217;Investigaci\u00f3 i Innovaci\u00f3 per a la seua aprovaci\u00f3.<br \/>\nUna vegada aprovat, s&#8217;inicia el proc\u00e9s de recollida de signatures. Aquest proc\u00e9s s&#8217;inicia habitualment pel tercer contractant, continua per [&#8230;]<\/p>\n","protected":false},"author":485,"featured_media":0,"parent":79,"menu_order":0,"comment_status":"closed","ping_status":"closed","template":"","meta":{"_links_to":"","_links_to_target":""},"_links":{"self":[{"href":"https:\/\/sgi.umh.es\/ca\/wp-json\/wp\/v2\/pages\/374"}],"collection":[{"href":"https:\/\/sgi.umh.es\/ca\/wp-json\/wp\/v2\/pages"}],"about":[{"href":"https:\/\/sgi.umh.es\/ca\/wp-json\/wp\/v2\/types\/page"}],"author":[{"embeddable":true,"href":"https:\/\/sgi.umh.es\/ca\/wp-json\/wp\/v2\/users\/485"}],"replies":[{"embeddable":true,"href":"https:\/\/sgi.umh.es\/ca\/wp-json\/wp\/v2\/comments?post=374"}],"version-history":[{"count":0,"href":"https:\/\/sgi.umh.es\/ca\/wp-json\/wp\/v2\/pages\/374\/revisions"}],"up":[{"embeddable":true,"href":"https:\/\/sgi.umh.es\/ca\/wp-json\/wp\/v2\/pages\/79"}],"wp:attachment":[{"href":"https:\/\/sgi.umh.es\/ca\/wp-json\/wp\/v2\/media?parent=374"}],"curies":[{"name":"wp","href":"https:\/\/api.w.org\/{rel}","templated":true}]}}