{"id":372,"date":"2010-06-14T11:21:38","date_gmt":"2010-06-14T10:21:38","guid":{"rendered":"http:\/\/otri.zeus.umh.es\/?page_id=372"},"modified":"2016-09-16T09:04:41","modified_gmt":"2016-09-16T07:04:41","slug":"elaboracion-del-contratoconvenio","status":"publish","type":"page","link":"https:\/\/sgi.umh.es\/ca\/contratos-y-convenios\/contratacion-art-60-losu\/contratos\/elaboracion-del-contratoconvenio\/","title":{"rendered":"1. Elaboraci\u00f3 del Contracte\/Conveni"},"content":{"rendered":"<p><\/p>\n<p style=\"text-align: justify\">En aquesta primera etapa, l&#8217;investigador haur\u00e0 de contactar amb el SGI-OTRI a fi de proporcionar la informaci\u00f3 necess\u00e0ria per a l&#8217;elaboraci\u00f3 d&#8217;un primer esborrany del contracte \/ conveni.<\/p>\n<p style=\"text-align: justify\">Aquesta informaci\u00f3 haur\u00e0 de contenir, almenys, les dades identificatives del contractant, descripci\u00f3 del treball, termini d&#8217;execuci\u00f3 de l&#8217;activitat, personal de la UMH participant i contraprestaci\u00f3 econ\u00f2mica associada.<\/p>\n<p style=\"text-align: justify\">En funci\u00f3 de les caracter\u00edstiques del treball a realitzar, el SGI-OTRI seleccionar\u00e0, entre els diferents <a href=\"https:\/\/otri.umh.es\/ca\/contratos-y-convenios\/documentos-e-impresos\/\" target=\"_self\">Models de Contractes<\/a> disponibles, el que millor s&#8217;ajuste a les necessitats de les parts i ho adapta al cas concret.<\/p>\n<p style=\"text-align: justify\">En cas que l&#8217;esborrany amb el qual es treballa no s&#8217;ajuste a cap model aprovat pel Consell de Govern, haur\u00e0 de ser rem\u00e8s a l&#8217;Assessoria Jur\u00eddica perqu\u00e8 aquesta emeta el seu informe sobre aquest tema.<\/p>\n<p style=\"text-align: justify\">Una vegada elaborat l&#8217;esborrany, aquest \u00e9s rem\u00e8s a l&#8217;investigador responsable per a la seua valoraci\u00f3. Si l&#8217;investigador d\u00f3na la seua conformitat al text, es procedeix a la negociaci\u00f3 de l&#8217;esborrany amb la part contractant.<\/p>\n<p style=\"text-align: justify\"><a href=\"https:\/\/otri.umh.es\/ca\/contratos-y-convenios\/contratacion-art-83-lou\/contratos\/\" target=\"_self\"><strong>TORNAR<\/strong><\/a><\/p>\n<p><\/p>","protected":false},"excerpt":{"rendered":"<p>En aquesta primera etapa, l&#8217;investigador haur\u00e0 de contactar amb el SGI-OTRI a fi de proporcionar la informaci\u00f3 necess\u00e0ria per a l&#8217;elaboraci\u00f3 d&#8217;un primer esborrany del contracte \/ conveni.<br \/>\nAquesta informaci\u00f3 haur\u00e0 de contenir, almenys, les dades identificatives del contractant, descripci\u00f3 del treball, termini d&#8217;execuci\u00f3 de l&#8217;activitat, personal de la UMH participant i contraprestaci\u00f3 econ\u00f2mica associada.<br \/>\nEn funci\u00f3 [&#8230;]<\/p>\n","protected":false},"author":485,"featured_media":0,"parent":79,"menu_order":0,"comment_status":"closed","ping_status":"closed","template":"","meta":{"_links_to":"","_links_to_target":""},"_links":{"self":[{"href":"https:\/\/sgi.umh.es\/ca\/wp-json\/wp\/v2\/pages\/372"}],"collection":[{"href":"https:\/\/sgi.umh.es\/ca\/wp-json\/wp\/v2\/pages"}],"about":[{"href":"https:\/\/sgi.umh.es\/ca\/wp-json\/wp\/v2\/types\/page"}],"author":[{"embeddable":true,"href":"https:\/\/sgi.umh.es\/ca\/wp-json\/wp\/v2\/users\/485"}],"replies":[{"embeddable":true,"href":"https:\/\/sgi.umh.es\/ca\/wp-json\/wp\/v2\/comments?post=372"}],"version-history":[{"count":0,"href":"https:\/\/sgi.umh.es\/ca\/wp-json\/wp\/v2\/pages\/372\/revisions"}],"up":[{"embeddable":true,"href":"https:\/\/sgi.umh.es\/ca\/wp-json\/wp\/v2\/pages\/79"}],"wp:attachment":[{"href":"https:\/\/sgi.umh.es\/ca\/wp-json\/wp\/v2\/media?parent=372"}],"curies":[{"name":"wp","href":"https:\/\/api.w.org\/{rel}","templated":true}]}}