{"id":3556,"date":"2013-09-26T13:15:35","date_gmt":"2013-09-26T11:15:35","guid":{"rendered":"http:\/\/otri.umh.es\/?page_id=3556"},"modified":"2025-02-06T14:00:08","modified_gmt":"2025-02-06T13:00:08","slug":"solicitud-de-autorizacion-de-participacion-en-proyectos-externos","status":"publish","type":"page","link":"https:\/\/sgi.umh.es\/ca\/financiacion-idi\/solicitud-de-autorizacion-de-participacion-en-proyectos-externos\/","title":{"rendered":"Sol\u00b7licitud d\u2019autoritzaci\u00f3 de participaci\u00f3 en projectes externs"},"content":{"rendered":"<p><div role=\"form\" class=\"wpcf7\" id=\"wpcf7-f3546-o1\" lang=\"en-US\" dir=\"ltr\">\n<div class=\"screen-reader-response\"><p role=\"status\" aria-live=\"polite\" aria-atomic=\"true\"><\/p> <ul><\/ul><\/div>\n<form action=\"\/ca\/wp-json\/wp\/v2\/pages\/3556#wpcf7-f3546-o1\" method=\"post\" class=\"wpcf7-form init\" novalidate=\"novalidate\" data-status=\"init\">\n<div style=\"display: none;\">\n<input type=\"hidden\" name=\"_wpcf7\" value=\"3546\" \/>\n<input type=\"hidden\" name=\"_wpcf7_version\" value=\"5.5.2\" \/>\n<input type=\"hidden\" name=\"_wpcf7_locale\" value=\"en_US\" \/>\n<input type=\"hidden\" name=\"_wpcf7_unit_tag\" value=\"wpcf7-f3546-o1\" \/>\n<input type=\"hidden\" name=\"_wpcf7_container_post\" value=\"0\" \/>\n<input type=\"hidden\" name=\"_wpcf7_posted_data_hash\" value=\"\" \/>\n<input type=\"hidden\" name=\"_wpcf7_recaptcha_response\" value=\"\" \/>\n<\/div>\n<p>DATOS DEL SOLICITANTE:<\/p>\n<p>Apellidos:<br \/>\n    <span class=\"wpcf7-form-control-wrap Apellidos\"><input type=\"text\" name=\"Apellidos\" value=\"\" size=\"40\" class=\"wpcf7-form-control wpcf7-text wpcf7-validates-as-required\" aria-required=\"true\" aria-invalid=\"false\" \/><\/span> <\/p>\n<p>Nombre:<br \/>\n    <span class=\"wpcf7-form-control-wrap Nombre\"><input type=\"text\" name=\"Nombre\" value=\"\" size=\"40\" class=\"wpcf7-form-control wpcf7-text wpcf7-validates-as-required\" aria-required=\"true\" aria-invalid=\"false\" \/><\/span> <\/p>\n<p>DNI\/NIE:<br \/>\n    <span class=\"wpcf7-form-control-wrap DNINIE\"><input type=\"text\" name=\"DNINIE\" value=\"\" size=\"40\" class=\"wpcf7-form-control wpcf7-text wpcf7-validates-as-required\" aria-required=\"true\" aria-invalid=\"false\" \/><\/span> <\/p>\n<p>Departamento\/Instituto:<br \/>\n    <span class=\"wpcf7-form-control-wrap DepartamentoInstituto\"><input type=\"text\" name=\"DepartamentoInstituto\" value=\"\" size=\"40\" class=\"wpcf7-form-control wpcf7-text wpcf7-validates-as-required\" aria-required=\"true\" aria-invalid=\"false\" \/><\/span> <\/p>\n<p>Categor\u00eda laboral:<br \/>\n    <span class=\"wpcf7-form-control-wrap Categoralaboral\"><input type=\"text\" name=\"Categoralaboral\" value=\"\" size=\"40\" class=\"wpcf7-form-control wpcf7-text wpcf7-validates-as-required\" aria-required=\"true\" aria-invalid=\"false\" \/><\/span> <\/p>\n<p>Correo electr\u00f3nico:<br \/>\n    <span class=\"wpcf7-form-control-wrap Correoelectrnico\"><input type=\"email\" name=\"Correoelectrnico\" value=\"\" size=\"40\" class=\"wpcf7-form-control wpcf7-text wpcf7-email wpcf7-validates-as-required wpcf7-validates-as-email\" aria-required=\"true\" aria-invalid=\"false\" \/><\/span> <\/p>\n<p>DATOS DEL PROYECTO:<\/p>\n<p>T\u00edtulo:<br \/>\n    <span class=\"wpcf7-form-control-wrap Ttulo\"><textarea name=\"Ttulo\" cols=\"40\" rows=\"4\" class=\"wpcf7-form-control wpcf7-textarea wpcf7-validates-as-required\" aria-required=\"true\" aria-invalid=\"false\"><\/textarea><\/span> <\/p>\n<p>Investigador\/a principal:<br \/>\n    <span class=\"wpcf7-form-control-wrap Investigadorprincipal\"><input type=\"text\" name=\"Investigadorprincipal\" value=\"\" size=\"40\" class=\"wpcf7-form-control wpcf7-text wpcf7-validates-as-required\" aria-required=\"true\" aria-invalid=\"false\" \/><\/span> <\/p>\n<p>Organismo solicitante:<br \/>\n    <span class=\"wpcf7-form-control-wrap Organismosolicitante\"><input type=\"text\" name=\"Organismosolicitante\" value=\"\" size=\"40\" class=\"wpcf7-form-control wpcf7-text wpcf7-validates-as-required\" aria-required=\"true\" aria-invalid=\"false\" \/><\/span> <\/p>\n<p>Convocatoria (nombre de la convocatoria):<br \/>\n    <span class=\"wpcf7-form-control-wrap Convocatoria\"><textarea name=\"Convocatoria\" cols=\"40\" rows=\"2\" class=\"wpcf7-form-control wpcf7-textarea wpcf7-validates-as-required\" aria-required=\"true\" aria-invalid=\"false\"><\/textarea><\/span> <\/p>\n<p>Publicaci\u00f3n oficial (lugar de publicaci\u00f3n: BOE, DOCV, P\u00e1gina Web, etc):<br \/>\n    <span class=\"wpcf7-form-control-wrap Publicacinoficial\"><textarea name=\"Publicacinoficial\" cols=\"40\" rows=\"2\" class=\"wpcf7-form-control wpcf7-textarea\" aria-invalid=\"false\"><\/textarea><\/span> <\/p>\n<p>Fecha publicaci\u00f3n:<br \/>\n    <span class=\"wpcf7-form-control-wrap Fechapublicacin\"><input type=\"text\" name=\"Fechapublicacin\" value=\"\" size=\"40\" class=\"wpcf7-form-control wpcf7-text\" aria-invalid=\"false\" \/><\/span> <\/p>\n<p>Organismo financiador:<br \/>\n    <span class=\"wpcf7-form-control-wrap Organismofinanciador\"><textarea name=\"Organismofinanciador\" cols=\"40\" rows=\"2\" class=\"wpcf7-form-control wpcf7-textarea wpcf7-validates-as-required\" aria-required=\"true\" aria-invalid=\"false\"><\/textarea><\/span> <\/p>\n<p>Dedicaci\u00f3n:<br \/>\n    <span class=\"wpcf7-form-control-wrap Dedicacin\"><select name=\"Dedicacin\" class=\"wpcf7-form-control wpcf7-select wpcf7-validates-as-required\" aria-required=\"true\" aria-invalid=\"false\"><option value=\"\u00danica\">\u00danica<\/option><option value=\"Compartida\">Compartida<\/option><option value=\"Sin distinci\u00f3n en convocatoria\">Sin distinci\u00f3n en convocatoria<\/option><\/select><\/span> <\/p>\n<p>Observaciones:<br \/>\n    <span class=\"wpcf7-form-control-wrap Observaciones\"><textarea name=\"Observaciones\" cols=\"40\" rows=\"4\" class=\"wpcf7-form-control wpcf7-textarea\" aria-invalid=\"false\"><\/textarea><\/span> <\/p>\n<span class=\"wpcf7-form-control-wrap recaptcha\" data-name=\"recaptcha\"><span data-sitekey=\"6LdoYCckAAAAAPgmKlpU5rIrxI6dbPh9xkctj6p2\" class=\"wpcf7-form-control g-recaptcha wpcf7-recaptcha\"><\/span>\r\n<noscript>\r\n\t<div class=\"grecaptcha-noscript\">\r\n\t\t<iframe src=\"https:\/\/www.google.com\/recaptcha\/api\/fallback?k=6LdoYCckAAAAAPgmKlpU5rIrxI6dbPh9xkctj6p2\" frameborder=\"0\" scrolling=\"no\" width=\"310\" height=\"430\">\r\n\t\t<\/iframe>\r\n\t\t<textarea name=\"g-recaptcha-response\" rows=\"3\" cols=\"40\" placeholder=\"reCaptcha Response Here\">\r\n\t\t<\/textarea>\r\n\t<\/div>\r\n<\/noscript>\r\n<\/span>\n<p><\/p>\n<p><input type=\"submit\" value=\"Enviar\" class=\"wpcf7-form-control has-spinner wpcf7-submit\" \/><\/p>\n<div class=\"wpcf7-response-output\" aria-hidden=\"true\"><\/div><\/form><\/div><\/p>","protected":false},"excerpt":{"rendered":"<p>DATOS DEL SOLICITANTE:<br \/>\nApellidos:<\/p>\n<p>Nombre:<\/p>\n<p>DNI\/NIE:<\/p>\n<p>Departamento\/Instituto:<\/p>\n<p>Categor\u00eda laboral:<\/p>\n<p>Correo electr\u00f3nico:<\/p>\n<p>DATOS DEL PROYECTO:<br \/>\nT\u00edtulo:<\/p>\n<p>Investigador\/a principal:<\/p>\n<p>Organismo solicitante:<\/p>\n<p>Convocatoria [&#8230;]<\/p>\n","protected":false},"author":479,"featured_media":0,"parent":57,"menu_order":0,"comment_status":"closed","ping_status":"open","template":"","meta":{"_links_to":"","_links_to_target":""},"_links":{"self":[{"href":"https:\/\/sgi.umh.es\/ca\/wp-json\/wp\/v2\/pages\/3556"}],"collection":[{"href":"https:\/\/sgi.umh.es\/ca\/wp-json\/wp\/v2\/pages"}],"about":[{"href":"https:\/\/sgi.umh.es\/ca\/wp-json\/wp\/v2\/types\/page"}],"author":[{"embeddable":true,"href":"https:\/\/sgi.umh.es\/ca\/wp-json\/wp\/v2\/users\/479"}],"replies":[{"embeddable":true,"href":"https:\/\/sgi.umh.es\/ca\/wp-json\/wp\/v2\/comments?post=3556"}],"version-history":[{"count":0,"href":"https:\/\/sgi.umh.es\/ca\/wp-json\/wp\/v2\/pages\/3556\/revisions"}],"up":[{"embeddable":true,"href":"https:\/\/sgi.umh.es\/ca\/wp-json\/wp\/v2\/pages\/57"}],"wp:attachment":[{"href":"https:\/\/sgi.umh.es\/ca\/wp-json\/wp\/v2\/media?parent=3556"}],"curies":[{"name":"wp","href":"https:\/\/api.w.org\/{rel}","templated":true}]}}