{"id":331,"date":"2010-06-03T18:01:59","date_gmt":"2010-06-03T17:01:59","guid":{"rendered":"http:\/\/otri.zeus.umh.es\/?page_id=331"},"modified":"2012-03-05T11:01:01","modified_gmt":"2012-03-05T11:01:01","slug":"comision-delegada-pintelectual","status":"publish","type":"page","link":"https:\/\/sgi.umh.es\/ca\/proteccion-resultados\/procedimiento\/comision-delegada-pintelectual\/","title":{"rendered":"2. Comunicaci\u00f3 a la Comissi\u00f3 Delegada del Consell de Govern en mat\u00e8ria de Propietat Intel\u00b7lectual i Industrial"},"content":{"rendered":"<p><\/p>\n<p style=\"text-align: justify\">Rebuda la Comunicaci\u00f3 de resultats correctament amb totes les signatures dels autors, es procedeix a la seua remissi\u00f3 a la Comissi\u00f3 Delegada del Consell de Govern en mat\u00e8ria de Propietat Intel\u00b7lectual i Industrial.<\/p>\n<p>La citada Comissi\u00f3 estudia la conveni\u00e8ncia de la protecci\u00f3 d&#8217;aquesta obra a nom de la Universitat. Aix\u00ed mateix, es pronuncia sobre la modalitat d&#8217;assumpci\u00f3 de despeses i repartiment de beneficis sobre l&#8217;obra.<\/p>\n<p>Aquesta decisi\u00f3 ser\u00e0 comunicada als autors de l&#8217;obra i al Consell de Govern.<\/p>\n<p><a href=\"https:\/\/otri.umh.es\/ca\/proteccion-resultados\/procedimiento\/\" target=\"_self\"><strong>TORNAR<\/strong><\/a><\/p>","protected":false},"excerpt":{"rendered":"<p>Rebuda la Comunicaci\u00f3 de resultats correctament amb totes les signatures dels autors, es procedeix a la seua remissi\u00f3 a la Comissi\u00f3 Delegada del Consell de Govern en mat\u00e8ria de Propietat Intel\u00b7lectual i Industrial.<br \/>\nLa citada Comissi\u00f3 estudia la conveni\u00e8ncia de la protecci\u00f3 d&#8217;aquesta obra a nom de la Universitat. Aix\u00ed mateix, es pronuncia sobre la modalitat [&#8230;]<\/p>\n","protected":false},"author":483,"featured_media":0,"parent":83,"menu_order":0,"comment_status":"closed","ping_status":"closed","template":"","meta":{"_links_to":"","_links_to_target":""},"_links":{"self":[{"href":"https:\/\/sgi.umh.es\/ca\/wp-json\/wp\/v2\/pages\/331"}],"collection":[{"href":"https:\/\/sgi.umh.es\/ca\/wp-json\/wp\/v2\/pages"}],"about":[{"href":"https:\/\/sgi.umh.es\/ca\/wp-json\/wp\/v2\/types\/page"}],"author":[{"embeddable":true,"href":"https:\/\/sgi.umh.es\/ca\/wp-json\/wp\/v2\/users\/483"}],"replies":[{"embeddable":true,"href":"https:\/\/sgi.umh.es\/ca\/wp-json\/wp\/v2\/comments?post=331"}],"version-history":[{"count":0,"href":"https:\/\/sgi.umh.es\/ca\/wp-json\/wp\/v2\/pages\/331\/revisions"}],"up":[{"embeddable":true,"href":"https:\/\/sgi.umh.es\/ca\/wp-json\/wp\/v2\/pages\/83"}],"wp:attachment":[{"href":"https:\/\/sgi.umh.es\/ca\/wp-json\/wp\/v2\/media?parent=331"}],"curies":[{"name":"wp","href":"https:\/\/api.w.org\/{rel}","templated":true}]}}