{"id":328,"date":"2010-06-03T17:47:42","date_gmt":"2010-06-03T16:47:42","guid":{"rendered":"http:\/\/otri.zeus.umh.es\/?page_id=328"},"modified":"2012-03-05T10:59:12","modified_gmt":"2012-03-05T10:59:12","slug":"acciones-de-seguimiento","status":"publish","type":"page","link":"https:\/\/sgi.umh.es\/ca\/proteccion-resultados\/procedimiento\/acciones-de-seguimiento\/","title":{"rendered":"4. Accions de seguiment"},"content":{"rendered":"<p><\/p>\n<p style=\"text-align: justify\">Presentada la sol\u00b7licitud, es duu a terme un seguiment de la mateixa, informant a l&#8217;investigador de qualsevol incid\u00e8ncia que puga sorgir en la tramitaci\u00f3 de la patent fins que arriba a ser concedida.<\/p>\n<p style=\"text-align: justify\">Al llarg d&#8217;aquesta tramitaci\u00f3 informem de la necessitat de dur a terme determinats tr\u00e0mits, que resulten obligatoris per a continuar amb el tr\u00e0mit de sol\u00b7licitud, com pot ser la petici\u00f3 de l&#8217;Informe sobre l&#8217;Estat de la T\u00e8cnica.<\/p>\n<p><a href=\"https:\/\/otri.umh.es\/ca\/proteccion-resultados\/procedimiento\/\" target=\"_self\"><strong>TORNAR<\/strong><\/a><\/p>","protected":false},"excerpt":{"rendered":"<p>Presentada la sol\u00b7licitud, es duu a terme un seguiment de la mateixa, informant a l&#8217;investigador de qualsevol incid\u00e8ncia que puga sorgir en la tramitaci\u00f3 de la patent fins que arriba a ser concedida.<br \/>\nAl llarg d&#8217;aquesta tramitaci\u00f3 informem de la necessitat de dur a terme determinats tr\u00e0mits, que resulten obligatoris per a continuar amb el tr\u00e0mit [&#8230;]<\/p>\n","protected":false},"author":483,"featured_media":0,"parent":83,"menu_order":0,"comment_status":"closed","ping_status":"closed","template":"","meta":{"_links_to":"","_links_to_target":""},"_links":{"self":[{"href":"https:\/\/sgi.umh.es\/ca\/wp-json\/wp\/v2\/pages\/328"}],"collection":[{"href":"https:\/\/sgi.umh.es\/ca\/wp-json\/wp\/v2\/pages"}],"about":[{"href":"https:\/\/sgi.umh.es\/ca\/wp-json\/wp\/v2\/types\/page"}],"author":[{"embeddable":true,"href":"https:\/\/sgi.umh.es\/ca\/wp-json\/wp\/v2\/users\/483"}],"replies":[{"embeddable":true,"href":"https:\/\/sgi.umh.es\/ca\/wp-json\/wp\/v2\/comments?post=328"}],"version-history":[{"count":0,"href":"https:\/\/sgi.umh.es\/ca\/wp-json\/wp\/v2\/pages\/328\/revisions"}],"up":[{"embeddable":true,"href":"https:\/\/sgi.umh.es\/ca\/wp-json\/wp\/v2\/pages\/83"}],"wp:attachment":[{"href":"https:\/\/sgi.umh.es\/ca\/wp-json\/wp\/v2\/media?parent=328"}],"curies":[{"name":"wp","href":"https:\/\/api.w.org\/{rel}","templated":true}]}}