{"id":327,"date":"2010-06-03T14:02:54","date_gmt":"2010-06-03T13:02:54","guid":{"rendered":"http:\/\/otri.zeus.umh.es\/?page_id=327"},"modified":"2012-03-05T10:58:36","modified_gmt":"2012-03-05T10:58:36","slug":"solicitud-de-patente","status":"publish","type":"page","link":"https:\/\/sgi.umh.es\/ca\/proteccion-resultados\/procedimiento\/solicitud-de-patente\/","title":{"rendered":"3. Preparaci\u00f3 de mem\u00f2ria i presentaci\u00f3 de sol\u00b7licitud de patent"},"content":{"rendered":"<p><\/p>\n<p style=\"text-align: justify\">Acceptada la sol\u00b7licitud per la Comissi\u00f3 Delegada, es procedeix a la redacci\u00f3 de la mem\u00f2ria de patent. Per a dur a terme aquesta redacci\u00f3, es pot acudir a un Agent de la Propietat Industrial. Durant aquesta tramitaci\u00f3 es produeix una interacci\u00f3 entre l&#8217;investigador, el personal de la OTRI i l&#8217;Agent de Propietat Industrial fins a obtenir un document de mem\u00f2ria de patent validat pels investigadors i el personal de la OTRI.<\/p>\n<p>Una vegada redactada la mem\u00f2ria es presenta la sol\u00b7licitud de Patent davant l&#8217;Oficina Espanyola de Patents i Marques.<\/p>\n<p><a href=\"https:\/\/otri.umh.es\/ca\/proteccion-resultados\/procedimiento\/\" target=\"_self\"><strong>TORNAR<\/strong><\/a><\/p>","protected":false},"excerpt":{"rendered":"<p>Acceptada la sol\u00b7licitud per la Comissi\u00f3 Delegada, es procedeix a la redacci\u00f3 de la mem\u00f2ria de patent. Per a dur a terme aquesta redacci\u00f3, es pot acudir a un Agent de la Propietat Industrial. Durant aquesta tramitaci\u00f3 es produeix una interacci\u00f3 entre l&#8217;investigador, el personal de la OTRI i l&#8217;Agent de Propietat Industrial fins a [&#8230;]<\/p>\n","protected":false},"author":483,"featured_media":0,"parent":83,"menu_order":0,"comment_status":"closed","ping_status":"closed","template":"","meta":{"_links_to":"","_links_to_target":""},"_links":{"self":[{"href":"https:\/\/sgi.umh.es\/ca\/wp-json\/wp\/v2\/pages\/327"}],"collection":[{"href":"https:\/\/sgi.umh.es\/ca\/wp-json\/wp\/v2\/pages"}],"about":[{"href":"https:\/\/sgi.umh.es\/ca\/wp-json\/wp\/v2\/types\/page"}],"author":[{"embeddable":true,"href":"https:\/\/sgi.umh.es\/ca\/wp-json\/wp\/v2\/users\/483"}],"replies":[{"embeddable":true,"href":"https:\/\/sgi.umh.es\/ca\/wp-json\/wp\/v2\/comments?post=327"}],"version-history":[{"count":0,"href":"https:\/\/sgi.umh.es\/ca\/wp-json\/wp\/v2\/pages\/327\/revisions"}],"up":[{"embeddable":true,"href":"https:\/\/sgi.umh.es\/ca\/wp-json\/wp\/v2\/pages\/83"}],"wp:attachment":[{"href":"https:\/\/sgi.umh.es\/ca\/wp-json\/wp\/v2\/media?parent=327"}],"curies":[{"name":"wp","href":"https:\/\/api.w.org\/{rel}","templated":true}]}}