{"id":26170,"date":"2025-11-21T13:35:53","date_gmt":"2025-11-21T12:35:53","guid":{"rendered":"https:\/\/sgi.umh.es\/?page_id=26170"},"modified":"2025-11-21T15:07:56","modified_gmt":"2025-11-21T14:07:56","slug":"ayudas-para-la-formacion-de-personal-investigador-predoctoral-vinculadas-a-proyectos-de-generacion-de-conocimiento-fpi-convocatoria-umh","status":"publish","type":"page","link":"https:\/\/sgi.umh.es\/ca\/financiacion-idi\/rrhh-de-investigacion\/formacion-pi\/ayudas-para-la-formacion-de-personal-investigador-predoctoral-vinculadas-a-proyectos-de-generacion-de-conocimiento-fpi-convocatoria-umh\/","title":{"rendered":"<span lang=\"es\">(Espa\u00f1ol) AYUDAS PARA LA FORMACI\u00d3N DE PERSONAL INVESTIGADOR PREDOCTORAL VINCULADAS A &#8220;PROYECTOS DE GENERACI\u00d3N DE CONOCIMIENTO&#8221; (FPI)-Convocatoria UMH<\/span>"},"content":{"rendered":"<p class=\"qtranxs-available-languages-message qtranxs-available-languages-message-ca\">Ho sentim, aquesta entrada es troba disponible \u00fanicament en <a href=\"https:\/\/sgi.umh.es\/es\/wp-json\/wp\/v2\/pages\/26170\" class=\"qtranxs-available-language-link qtranxs-available-language-link-es\" title=\"Espa\u00f1ol\">Espanyol Europeu<\/a>.<\/p>","protected":false},"excerpt":{"rendered":"<p>Ho sentim, aquesta entrada es troba disponible \u00fanicament en Espanyol Europeu.<\/p>\n","protected":false},"author":3109,"featured_media":0,"parent":64,"menu_order":0,"comment_status":"closed","ping_status":"closed","template":"","meta":{"_links_to":"","_links_to_target":""},"_links":{"self":[{"href":"https:\/\/sgi.umh.es\/ca\/wp-json\/wp\/v2\/pages\/26170"}],"collection":[{"href":"https:\/\/sgi.umh.es\/ca\/wp-json\/wp\/v2\/pages"}],"about":[{"href":"https:\/\/sgi.umh.es\/ca\/wp-json\/wp\/v2\/types\/page"}],"author":[{"embeddable":true,"href":"https:\/\/sgi.umh.es\/ca\/wp-json\/wp\/v2\/users\/3109"}],"replies":[{"embeddable":true,"href":"https:\/\/sgi.umh.es\/ca\/wp-json\/wp\/v2\/comments?post=26170"}],"version-history":[{"count":0,"href":"https:\/\/sgi.umh.es\/ca\/wp-json\/wp\/v2\/pages\/26170\/revisions"}],"up":[{"embeddable":true,"href":"https:\/\/sgi.umh.es\/ca\/wp-json\/wp\/v2\/pages\/64"}],"wp:attachment":[{"href":"https:\/\/sgi.umh.es\/ca\/wp-json\/wp\/v2\/media?parent=26170"}],"curies":[{"name":"wp","href":"https:\/\/api.w.org\/{rel}","templated":true}]}}