{"id":259,"date":"2010-05-18T12:35:56","date_gmt":"2010-05-18T11:35:56","guid":{"rendered":"http:\/\/otri.zeus.umh.es\/?page_id=259"},"modified":"2025-03-04T09:05:43","modified_gmt":"2025-03-04T08:05:43","slug":"acciones-complementarias","status":"publish","type":"page","link":"https:\/\/sgi.umh.es\/ca\/financiacion-idi\/acciones-complementarias\/","title":{"rendered":"Accions Complement\u00e0ries"},"content":{"rendered":"<p><\/p>\n<address>\n<address><span style=\"font-family: Verdana;color: #808080;font-size: 8pt\">Si desitja\u00a0<span style=\"font-family: Verdana\"><strong>rebre informaci\u00f3 actualitzada sobre les noves convocat\u00f2ries d&#8217;ajudes per a la realitzaci\u00f3 d&#8217;Accions Complement\u00e0ries<\/strong><\/span>\u00a0que es vagen publicant en aquest apartat, ha de fer-ho a trav\u00e9s de la font de continguts RSS situada en la part inferior esquerra de la pantalla, en la qual es mostren totes les categories, en les quals est\u00e0 classificat aquest blog, a les quals pot subscriure&#8217;s<strong><span style=\"font-family: Verdana\">.<\/span><\/strong><\/span><\/address>\n<p><span style=\"color: #808080\">______________________________________________________________________________________<\/span><\/p>\n<\/address>\n<p style=\"text-align: justify\">Les <strong>Accions Complement\u00e0ries\u00a0<\/strong>agrupen una s\u00e8rie d&#8217;instruments dirigits a: finan\u00e7ar actuacions de difusi\u00f3 dels resultats de les activitats de recerca i desenvolupament tecnol\u00f2gic, complementar la realitzaci\u00f3 de projectes de recerca en vigor; recolzar la preparaci\u00f3 de propostes per a la participaci\u00f3 d&#8217;equips de recerca espanyols en el Programa Marque de la UE, sufragar la publicaci\u00f3 de treballs d&#8217;inter\u00e8s cientificot\u00e8cnic, etc. En definitiva, aquest tipus d&#8217;ajudes t\u00e9 per objecte finan\u00e7ar diferents actuacions complement\u00e0ries d&#8217;especial inter\u00e8s i rellev\u00e0ncia en el marc del Sistema de Ci\u00e8ncia-Tecnologia- Empresa.<\/p>\n<p style=\"text-align: justify\"><strong>INSTITUT DE LES DONES<\/strong><\/p>\n<p style=\"text-align: justify\">L&#8217;Instituto de les dones publica anualment una convocat\u00f2ria de subvencions destinades a la realitzaci\u00f3 de Postgraus oficials d&#8217;Estudis de G\u00e8nere i Activitats de l&#8217;\u00e0mbit universitari relacionades amb la igualtat.<\/p>\n<p><a href=\"https:\/\/otri.umh.es\/ca\/2021\/06\/07\/actividades-y-postgrados-instituto-de-las-mujeres-2021\/\">Convocat\u00f2ria 2021<\/a><\/p>\n<p style=\"text-align: justify\">\n<p><\/p>","protected":false},"excerpt":{"rendered":"<p>Si desitja\u00a0rebre informaci\u00f3 actualitzada sobre les noves convocat\u00f2ries d&#8217;ajudes per a la realitzaci\u00f3 d&#8217;Accions Complement\u00e0ries\u00a0que es vagen publicant en aquest apartat, ha de fer-ho a trav\u00e9s de la font de continguts RSS situada en la part inferior esquerra de la pantalla, en la qual es mostren totes les categories, en les quals est\u00e0 classificat aquest [&#8230;]<\/p>\n","protected":false},"author":475,"featured_media":0,"parent":57,"menu_order":300,"comment_status":"closed","ping_status":"closed","template":"","meta":{"_links_to":"","_links_to_target":""},"_links":{"self":[{"href":"https:\/\/sgi.umh.es\/ca\/wp-json\/wp\/v2\/pages\/259"}],"collection":[{"href":"https:\/\/sgi.umh.es\/ca\/wp-json\/wp\/v2\/pages"}],"about":[{"href":"https:\/\/sgi.umh.es\/ca\/wp-json\/wp\/v2\/types\/page"}],"author":[{"embeddable":true,"href":"https:\/\/sgi.umh.es\/ca\/wp-json\/wp\/v2\/users\/475"}],"replies":[{"embeddable":true,"href":"https:\/\/sgi.umh.es\/ca\/wp-json\/wp\/v2\/comments?post=259"}],"version-history":[{"count":0,"href":"https:\/\/sgi.umh.es\/ca\/wp-json\/wp\/v2\/pages\/259\/revisions"}],"up":[{"embeddable":true,"href":"https:\/\/sgi.umh.es\/ca\/wp-json\/wp\/v2\/pages\/57"}],"wp:attachment":[{"href":"https:\/\/sgi.umh.es\/ca\/wp-json\/wp\/v2\/media?parent=259"}],"curies":[{"name":"wp","href":"https:\/\/api.w.org\/{rel}","templated":true}]}}