{"id":256,"date":"2010-05-18T12:28:33","date_gmt":"2010-05-18T11:28:33","guid":{"rendered":"http:\/\/otri.zeus.umh.es\/?page_id=256"},"modified":"2026-03-20T13:33:18","modified_gmt":"2026-03-20T12:33:18","slug":"otros-epsfl","status":"publish","type":"page","link":"https:\/\/sgi.umh.es\/ca\/financiacion-idi\/proyectos-de-investigacion\/ayudas-nacionales-idi\/convocatorias\/otros-epsfl\/","title":{"rendered":"Altres (EPSAL)"},"content":{"rendered":"<p><\/p>\n<p style=\"text-align: justify\">Existeixen diverses Fundacions i altres Entitats Privades sense \u00c0nim de Lucre (EPSAL) que publiquen anualment convocat\u00f2ries d&#8217;ajudes dirigides al finan\u00e7ament de Projectes d&#8217;Investigaci\u00f3 (Informaci\u00f3 disponible en <a href=\"https:\/\/otri.umh.es\/financiacion-idi\/proyectos-de-investigacion\/ayudas-nacionales-idi\/convocatorias\/otros-epsfl\/\">castell\u00e0<\/a>)<\/p>\n<p><\/p>","protected":false},"excerpt":{"rendered":"<p>Existeixen diverses Fundacions i altres Entitats Privades sense \u00c0nim de Lucre (EPSAL) que publiquen anualment convocat\u00f2ries d&#8217;ajudes dirigides al finan\u00e7ament de Projectes d&#8217;Investigaci\u00f3 (Informaci\u00f3 disponible en castell\u00e0)<\/p>\n","protected":false},"author":475,"featured_media":0,"parent":290,"menu_order":4,"comment_status":"closed","ping_status":"closed","template":"","meta":{"_links_to":"","_links_to_target":""},"_links":{"self":[{"href":"https:\/\/sgi.umh.es\/ca\/wp-json\/wp\/v2\/pages\/256"}],"collection":[{"href":"https:\/\/sgi.umh.es\/ca\/wp-json\/wp\/v2\/pages"}],"about":[{"href":"https:\/\/sgi.umh.es\/ca\/wp-json\/wp\/v2\/types\/page"}],"author":[{"embeddable":true,"href":"https:\/\/sgi.umh.es\/ca\/wp-json\/wp\/v2\/users\/475"}],"replies":[{"embeddable":true,"href":"https:\/\/sgi.umh.es\/ca\/wp-json\/wp\/v2\/comments?post=256"}],"version-history":[{"count":0,"href":"https:\/\/sgi.umh.es\/ca\/wp-json\/wp\/v2\/pages\/256\/revisions"}],"up":[{"embeddable":true,"href":"https:\/\/sgi.umh.es\/ca\/wp-json\/wp\/v2\/pages\/290"}],"wp:attachment":[{"href":"https:\/\/sgi.umh.es\/ca\/wp-json\/wp\/v2\/media?parent=256"}],"curies":[{"name":"wp","href":"https:\/\/api.w.org\/{rel}","templated":true}]}}