{"id":254,"date":"2010-05-18T12:27:07","date_gmt":"2010-05-18T11:27:07","guid":{"rendered":"http:\/\/otri.zeus.umh.es\/?page_id=254"},"modified":"2025-07-29T14:48:16","modified_gmt":"2025-07-29T12:48:16","slug":"programas-autonomicos","status":"publish","type":"page","link":"https:\/\/sgi.umh.es\/ca\/financiacion-idi\/proyectos-de-investigacion\/ayudas-nacionales-idi\/convocatorias\/programas-autonomicos\/","title":{"rendered":"Programes Auton\u00f2mics"},"content":{"rendered":"<p><\/p>\n<p style=\"text-align: justify\">En aquesta p\u00e0gina trobar\u00e0 informaci\u00f3 sobre les principals ajudes per al finan\u00e7ament de la R+D+i d&#8217;\u00e0mbit auton\u00f2mic. Entre elles, la principal convocat\u00f2ria \u00e9s la del Programa per a la promoci\u00f3 de la recerca cient\u00edfica, el desenvolupament tecnol\u00f2gic i la innovaci\u00f3 a la Comunitat Valenciana, gestionat per la Conselleria d&#8217;Educaci\u00f3, Recerca, Cultura i Esport, que integra diferents modalitats d&#8217;ajudes destinades al finan\u00e7ament tant de projectes de R+D+i com de recursos humans d&#8217;investigaci\u00f3.<\/p>\n<p><a href=\"https:\/\/otri.umh.es\/ca\/2020\/03\/30\/llamada-soluciones-innovadoras-contra-covid19\/\" target=\"_blank\" rel=\"noopener noreferrer\">Crida solucions innovadores contra COVID19<\/a><\/p>\n<p><a href=\"https:\/\/otri.umh.es\/ca\/2018\/07\/05\/agencia-valenciana-de-innovacion-avi\/\" target=\"_blank\" rel=\"noopener noreferrer\">AG\u00c8NCIA VALENCIANA D\u2019INNOVACI\u00d3 (AVI)<\/a><\/p>\n<p><a href=\"https:\/\/otri.umh.es\/2021\/10\/04\/programa-para-la-promocion-de-la-investigacion-cientifica-el-desarrollo-tecnologico-y-la-innovacion-en-la-comunitat-valenciana-2022\/\">Subvenciones del Programa para la promoci\u00f3n de la Investigaci\u00f3n cient\u00edfica, el desarrollo tecnol\u00f3gico y la innovaci\u00f3n en la Comunitat Valenciana<\/a><\/p>\n<p><a href=\"https:\/\/otri.umh.es\/2021\/12\/07\/programa-para-el-apoyo-a-personas-investigadoras-con-talento-_-plan-gent\/\">Programa para el apoyo a personas investigadoras con talento _ PLAN GENT<\/a><\/p>\n<p style=\"text-align: justify\"><a href=\"https:\/\/otri.umh.es\/2018\/03\/06\/subvenciones-para-la-realizacion-de-proyectos-e-iniciativas-en-materia-de-recuperacion-de-la-memoria-historica-y-que-promuevan-el-desarrollo-de-derechos-y-libertades-fundamentales-_-2018\/\">Subvenciones para la realizaci\u00f3n de proyectos e iniciativas en materia de recuperaci\u00f3n de la memoria hist\u00f3rica y que promuevan el desarrollo de derechos y libertades fundamentales _ Conselleria de Justicia, Administraci\u00f3n P\u00fablica, Reformas Democr\u00e1ticas y Libertades P\u00fablicas<\/a><\/p>\n<p style=\"text-align: justify\"><a href=\"https:\/\/otri.umh.es\/2020\/12\/16\/ayudas-destinadas-a-la-promocion-de-la-economia-sostenible-en-la-comunidad-valenciana-_-2021\/\">Ayudas destinadas a la promoci\u00f3n de la econom\u00eda sostenible en la Comunitat Valenciana 2021_ Conselleria de Econom\u00eda Sostenible, Sectores Productivos, Comercio y Trabajo<\/a><\/p>\n<p><a href=\"https:\/\/sgi.umh.es\/2025\/07\/17\/subvenciones-destinadas-al-apoyo-de-grupos-de-investigacion-en-economia-publica-2025\/\"><span style=\"color: #000080\">Subvenciones destinadas al apoyo a grupos de investigaci\u00f3n en Econom\u00eda P\u00fablica de los centros de investigaci\u00f3n de la Comunitat Valenciana _ Conselleria de Hacienda y Econom\u00eda<\/span><\/a><\/p>\n<p><a href=\"https:\/\/otri.umh.es\/2021\/03\/31\/ayudas-a-la-valorizacion-de-los-productos-de-calidad-agroalimentaria-diferenciada-de-la-comunitat-valenciana-2021\/\">Ayudas a la valorizaci\u00f3n de los productos de calidad agroalimentaria diferenciada de la Comunitat Valenciana _ Conselleria de Agricultura, Desarrollo Rural, Emergencia Clim\u00e1tica y Transici\u00f3n Ecol\u00f3gica<\/a><\/p>\n<p><a href=\"https:\/\/otri.umh.es\/2022\/07\/27\/ayudas-al-desarrollo-y-aplicacion-de-proyectos-de-idi-en-materia-medioambiental-de-adaptacion-mitigacion-del-cambio-climatico-y-transicion-ecologica-en-la-comunitat-valenciana-2022\/\">Ayudas al desarrollo y aplicaci\u00f3n de proyectos de I+D+i en materia medioambiental de adaptaci\u00f3n, mitigaci\u00f3n del cambio clim\u00e1tico y transici\u00f3n ecol\u00f3gica en la Comunidad Valenciana _ Conselleria de Agricultura, Desarrollo Rural, Emergencia Clim\u00e1tica y Transici\u00f3n Ecol\u00f3gica<\/a><\/p>\n<p><a href=\"https:\/\/otri.umh.es\/2023\/02\/09\/subvenciones-a-proyectos-obras-e-investigacion-aplicada-y-desarrollo-de-producto-de-impulso-a-la-transicion-ecologica-e-innovacion-en-el-entorno-construido-plan-irta-2023\/\"><span style=\"color: #000080\">Subvenciones Programa 3 &#8211; Plan IRTA _ Vicepresidencia Segunda y Conselleria de Vivienda y Arquitectura Bioclim\u00e1tica<\/span><\/a><\/p>\n<p><a href=\"https:\/\/otri.umh.es\/2021\/09\/20\/expresiones-de-interes-desarrollo-e-implementacion-de-proyectos-de-investigacion-desarrollo-tecnologico-e-innovacion-idi-que-atiendan-y-minimicen-los-efectos-estructurales-derivados-de-la-crisis\/\">Convocatoria EXPRESIONES DE INTER\u00c9S_ Proyectos de I+D+i\u00a0 que atiendan o minimices efectos estructurales derivados de la crisis sanitaria causada por COVID-19<\/a><\/p>\n<p><a href=\"https:\/\/otri.umh.es\/2021\/07\/29\/expresiones-de-interes-alineadas-con-thinkinazul-estrategia-conjunta-de-investigacion-e-innovacion-en-ciencias-marinas-plan-complementario-de-idi-plan-de-recuperacion-transformacion-y-resilienc\/\">Convocatoria EXPRESIONES DE INTER\u00c9S alineadas con THINKINAZUL<\/a><\/p>\n<p><a href=\"https:\/\/otri.umh.es\/2022\/09\/09\/convocatoria-expresiones-de-interes-comunicacion-cuantica\/\">Convocatoria EXPRESIONES DE INTER\u00c9S COMUNICACI\u00d3N CU\u00c1NTICA<\/a><\/p>","protected":false},"excerpt":{"rendered":"<p>En aquesta p\u00e0gina trobar\u00e0 informaci\u00f3 sobre les principals ajudes per al finan\u00e7ament de la R+D+i d&#8217;\u00e0mbit auton\u00f2mic. Entre elles, la principal convocat\u00f2ria \u00e9s la del Programa per a la promoci\u00f3 de la recerca cient\u00edfica, el desenvolupament tecnol\u00f2gic i la innovaci\u00f3 a la Comunitat Valenciana, gestionat per la Conselleria d&#8217;Educaci\u00f3, Recerca, Cultura i Esport, que integra [&#8230;]<\/p>\n","protected":false},"author":475,"featured_media":0,"parent":290,"menu_order":2,"comment_status":"closed","ping_status":"closed","template":"","meta":{"_links_to":"","_links_to_target":""},"_links":{"self":[{"href":"https:\/\/sgi.umh.es\/ca\/wp-json\/wp\/v2\/pages\/254"}],"collection":[{"href":"https:\/\/sgi.umh.es\/ca\/wp-json\/wp\/v2\/pages"}],"about":[{"href":"https:\/\/sgi.umh.es\/ca\/wp-json\/wp\/v2\/types\/page"}],"author":[{"embeddable":true,"href":"https:\/\/sgi.umh.es\/ca\/wp-json\/wp\/v2\/users\/475"}],"replies":[{"embeddable":true,"href":"https:\/\/sgi.umh.es\/ca\/wp-json\/wp\/v2\/comments?post=254"}],"version-history":[{"count":0,"href":"https:\/\/sgi.umh.es\/ca\/wp-json\/wp\/v2\/pages\/254\/revisions"}],"up":[{"embeddable":true,"href":"https:\/\/sgi.umh.es\/ca\/wp-json\/wp\/v2\/pages\/290"}],"wp:attachment":[{"href":"https:\/\/sgi.umh.es\/ca\/wp-json\/wp\/v2\/media?parent=254"}],"curies":[{"name":"wp","href":"https:\/\/api.w.org\/{rel}","templated":true}]}}