{"id":253,"date":"2010-05-18T12:26:38","date_gmt":"2010-05-18T11:26:38","guid":{"rendered":"http:\/\/otri.zeus.umh.es\/?page_id=253"},"modified":"2025-04-14T15:37:23","modified_gmt":"2025-04-14T13:37:23","slug":"programas-nacionales","status":"publish","type":"page","link":"https:\/\/sgi.umh.es\/ca\/financiacion-idi\/proyectos-de-investigacion\/ayudas-nacionales-idi\/convocatorias\/programas-nacionales\/","title":{"rendered":"Programes Nacionals"},"content":{"rendered":"<p><\/p>\n<p style=\"text-align: justify\"><strong>AG\u00c8NCIA ESTATAL D&#8217;INVESTIGACI\u00d3\/MINISTERI DE CI\u00c8NCIA, INNOVACI\u00d3 I UNIVERSITATS (MICIU):<\/strong><\/p>\n<p style=\"text-align: justify\">Les ajudes a <a href=\"https:\/\/otri.umh.es\/ca\/financiacion-idi\/proyectos-de-investigacion\/ayudas-nacionales-idi\/convocatorias\/programas-nacionales\/proyectos-de-id-del-programa-estatal-de-retos-de-la-sociedad\/\" target=\"_blank\" rel=\"noopener\"><strong>Projectes de generaci\u00f3 de coneixement<\/strong><\/a> del Pla Estatal es recullen en una \u00fanica convocat\u00f2ria que engloba dues modalitats de projectes: Projectes Investigaci\u00f3 No Orientada, sense orientaci\u00f3 tem\u00e0tica predefinida que tenen com a objectiu principal l&#8217;avan\u00e7 del coneixement i Projectes d&#8217;Investigaci\u00f3 Orientada que persegueixen la resoluci\u00f3 de problemes concrets i vinculats als grans desafiaments de la societat.<\/p>\n<p style=\"text-align: justify\">Dins del <strong>Programa Estatal per a Impulsar la Investigaci\u00f3 Cientifico-T\u00e8cnica i la seua Transfer\u00e8ncia<\/strong>\u00a0s&#8217;enquadren el <a href=\"https:\/\/otri.umh.es\/ca\/financiacion-idi\/proyectos-de-investigacion\/ayudas-nacionales-idi\/convocatorias\/programas-nacionales\/subprograma-de-apoyo-a-centros-y-unidades-de-excelencia-severo-ochoa\/\"><strong>Programa de Centres d&#8217;Excel\u00b7l\u00e8ncia SV i Unitats d&#8217;excel\u00b7l\u00e8ncia MDM<\/strong><\/a><strong>\u00a0<\/strong>i les <strong><a href=\"https:\/\/otri.umh.es\/ca\/financiacion-idi\/proyectos-de-investigacion\/ayudas-nacionales-idi\/convocatorias\/programas-nacionales\/acciones-de-dinamizacion-redes-de-excelencia\/\" target=\"_blank\" rel=\"noopener noreferrer\">Xarxes d&#8217;investigaci\u00f3.<\/a><\/strong><\/p>\n<p style=\"text-align: justify\"><strong>INSTITUTO DE SALUT CARLOS III (ISCIII) &#8211; MICIU:<\/strong><\/p>\n<p style=\"text-align: justify\">El Instituto de Salud Carlos III \u00e9s l&#8217;\u00f2rgan encarregat de la gesti\u00f3 de l&#8217;Acci\u00f3 Estrat\u00e8gica en Salut (L\u00ednies Estrat\u00e8giques d&#8217;Investigaci\u00f3 en Salut 2024-2027). La LEIS cont\u00e9 una modalitat d&#8217;ajudes per a la realitzaci\u00f3 de <strong><a href=\"https:\/\/otri.umh.es\/ca\/financiacion-idi\/proyectos-de-investigacion\/ayudas-nacionales-idi\/convocatorias\/programas-nacionales\/proyectos-de-investigacion-en-salud-aes-isciii\/\">Projectes de Recerca en Salut.<\/a><\/strong><\/p>\n<p><strong>MINISTERIO DE SANIDAD:\u00a0\u00a0\u00a0\u00a0\u00a0\u00a0\u00a0\u00a0\u00a0\u00a0\u00a0\u00a0<\/strong><\/p>\n<p style=\"text-align: justify\">Anualment p\u00fablica una convocat\u00f2ria d&#8217;ajudes econ\u00f2miques per al desenvolupament de <a href=\"https:\/\/otri.umh.es\/ca\/financiacion-idi\/proyectos-de-investigacion\/ayudas-nacionales-idi\/convocatorias\/programas-nacionales\/ayudas-economicas-para-el-desarrollo-de-proyectos-de-investigacion-sobre-drogodepencias-msyps\/\"><strong>Projectes de Recerca sobre Addiccions<\/strong><\/a>\u00a0en el marc del <strong>Pla Nacional sobre Addiccions 2017-2024<\/strong>.<\/p>\n<p><\/p>","protected":false},"excerpt":{"rendered":"<p>AG\u00c8NCIA ESTATAL D&#8217;INVESTIGACI\u00d3\/MINISTERI DE CI\u00c8NCIA, INNOVACI\u00d3 I UNIVERSITATS (MICIU):<br \/>\nLes ajudes a Projectes de generaci\u00f3 de coneixement del Pla Estatal es recullen en una \u00fanica convocat\u00f2ria que engloba dues modalitats de projectes: Projectes Investigaci\u00f3 No Orientada, sense orientaci\u00f3 tem\u00e0tica predefinida que tenen com a objectiu principal l&#8217;avan\u00e7 del coneixement i Projectes d&#8217;Investigaci\u00f3 Orientada que persegueixen la [&#8230;]<\/p>\n","protected":false},"author":475,"featured_media":0,"parent":290,"menu_order":1,"comment_status":"closed","ping_status":"closed","template":"","meta":{"_links_to":"","_links_to_target":""},"_links":{"self":[{"href":"https:\/\/sgi.umh.es\/ca\/wp-json\/wp\/v2\/pages\/253"}],"collection":[{"href":"https:\/\/sgi.umh.es\/ca\/wp-json\/wp\/v2\/pages"}],"about":[{"href":"https:\/\/sgi.umh.es\/ca\/wp-json\/wp\/v2\/types\/page"}],"author":[{"embeddable":true,"href":"https:\/\/sgi.umh.es\/ca\/wp-json\/wp\/v2\/users\/475"}],"replies":[{"embeddable":true,"href":"https:\/\/sgi.umh.es\/ca\/wp-json\/wp\/v2\/comments?post=253"}],"version-history":[{"count":0,"href":"https:\/\/sgi.umh.es\/ca\/wp-json\/wp\/v2\/pages\/253\/revisions"}],"up":[{"embeddable":true,"href":"https:\/\/sgi.umh.es\/ca\/wp-json\/wp\/v2\/pages\/290"}],"wp:attachment":[{"href":"https:\/\/sgi.umh.es\/ca\/wp-json\/wp\/v2\/media?parent=253"}],"curies":[{"name":"wp","href":"https:\/\/api.w.org\/{rel}","templated":true}]}}