{"id":237,"date":"2010-05-12T16:55:27","date_gmt":"2010-05-12T15:55:27","guid":{"rendered":"http:\/\/otri.zeus.umh.es\/?page_id=237"},"modified":"2026-02-02T09:45:24","modified_gmt":"2026-02-02T08:45:24","slug":"enlaces-de-interes","status":"publish","type":"page","link":"https:\/\/sgi.umh.es\/ca\/financiacion-idi\/proyectos-de-investigacion\/ayudas-nacionales-idi\/enlaces-de-interes\/","title":{"rendered":"Enlla\u00e7os d&#8217;inter\u00e8s"},"content":{"rendered":"<p><\/p>\n<p><p><strong>Entitats que financen activitats de R+D+i:<\/strong>\u00a0<\/p>\n<p><a href=\"http:\/\/www.mineco.gob.es\/stfls\/mineco\/investigacion.html\" target=\"_self\" rel=\"noopener\">Ministeri d&#8217;Economia i Competitivitat<\/a>\u00a0<\/p>\n<p><a href=\"http:\/\/www.isciii.es\/ISCIII\/es\/contenidos\/fd-investigacion\/fd-financiacion\/fd-convocatorias-ayudas-accion-estrategica-salud\/acceso-solicitud-ayudas.shtml\" target=\"_self\" rel=\"noopener\">Institut de Salut Carlos III<\/a>\u00a0<\/p>\n<p><a href=\"http:\/\/www.educacion.gob.es\/portada.html\" target=\"_self\" rel=\"noopener\">Ministeri d&#8217;Educaci\u00f3 Cultura i Esport<\/a>\u00a0<\/p>\n<p><a href=\"http:\/\/www.aecid.es\/es\/\" target=\"_self\" rel=\"noopener\">L&#8217;Ag\u00e8ncia Espanyola de Cooperaci\u00f3 Internacional per al Desenvolupament (AECID)<\/a>\u00a0<\/p>\n<p><a href=\"http:\/\/www.cefe.gva.es\/poci\/val\/dgpoci_becas.htm\" target=\"_self\" rel=\"noopener\">Conselleria d&#8217;Educaci\u00f3\u00a0<\/a><\/p>\n<p><a href=\"http:\/\/www.san.gva.es\/\" target=\"_self\" rel=\"noopener\">Conselleria de Sanitat\u00a0<\/a><\/p>\n<p><strong>Altres entitats que financen activitats de R+D+i:\u00a0<\/strong><\/p>\n<p><a href=\"http:\/\/realmadrid.uem.es\/catedra-real-madrid\" target=\"_self\" rel=\"noopener\">C\u00e0tedra Reial Madrid\u00a0<\/a><\/p>\n<p><a href=\"http:\/\/www.eves.san.gva.es\/web\/guest\/home\" target=\"_self\" rel=\"noopener\">Escola Valenciana d&#8217;Estudis de la Salut (EVES)<\/a>\u00a0<\/p>\n<p><a href=\"http:\/\/www.fundacionaliciakoplowitz.org\/noticias.php?nivel=0\" target=\"_self\" rel=\"noopener\">Fundaci\u00f3 Alicia Koplowitz\u00a0<\/a><\/p>\n<p><a href=\"http:\/\/www.fundacioncajamurcia.es\/\" target=\"_self\" rel=\"noopener\">Fundaci\u00f3 Caja Murcia\u00a0<\/a><\/p>\n<p><a href=\"http:\/\/obrasocial.lacaixa.es\/home\/obrasocial2_ca.html\" target=\"_self\" rel=\"noopener\">Fundaci\u00f3 La Caixa\u00a0<\/a><\/p>\n<p><a href=\"http:\/\/www.tv3.cat\/marato\/\" target=\"_self\" rel=\"noopener\">Fundaci\u00f3 La Marat\u00f3 de TV3<\/a><\/p>\n<p><a href=\"http:\/\/www.mapfre.com\/fundacion\/es\/home-fundacion-mapfre.shtml\" target=\"_self\" rel=\"noopener\">Fundaci\u00f3 MAPFRE\u00a0<\/a><\/p>\n<p><a href=\"http:\/\/www.fundacionmutua.es\/\" target=\"_self\" rel=\"noopener\">Fundaci\u00f3 Mutua Madrile\u00f1a<\/a><\/p>\n<p><a href=\"http:\/\/www.fipse.es\/\">Fundaci\u00f3 per a la investigaci\u00f3 i prevenci\u00f3 de la SIDA a Espanya (FIPSE)\u00a0<\/a><\/p>\n<p><a href=\"http:\/\/www.fundacionareces.es\/fundacionareces\/\" target=\"_self\" rel=\"noopener\">Fundaci\u00f3 Ram\u00f3n Areces\u00a0<\/a><\/p>\n<p><a href=\"http:\/\/obrasocial.cam.es\/es\/Paginas\/Home.aspx?cp=\" target=\"_self\" rel=\"noopener\">Obra Social CAM<\/a><\/p>\n<\/p>\n<p><\/p>","protected":false},"excerpt":{"rendered":"<p>Entitats que financen activitats de R+D+i:\u00a0<br \/>\nMinisteri d&#8217;Economia i Competitivitat\u00a0<br \/>\nInstitut de Salut Carlos III\u00a0<br \/>\nMinisteri d&#8217;Educaci\u00f3 Cultura i Esport\u00a0<br \/>\nL&#8217;Ag\u00e8ncia Espanyola de Cooperaci\u00f3 Internacional per al Desenvolupament (AECID)\u00a0<br \/>\nConselleria d&#8217;Educaci\u00f3\u00a0<br \/>\nConselleria de Sanitat\u00a0<br \/>\nAltres entitats que financen activitats de R+D+i:\u00a0<br \/>\nC\u00e0tedra Reial Madrid\u00a0<br \/>\nEscola Valenciana d&#8217;Estudis de la Salut (EVES)\u00a0<br \/>\nFundaci\u00f3 Alicia Koplowitz\u00a0<br \/>\nFundaci\u00f3 Caja Murcia\u00a0<br \/>\nFundaci\u00f3 La Caixa\u00a0<br \/>\nFundaci\u00f3 La Marat\u00f3 de TV3<br \/>\nFundaci\u00f3 MAPFRE\u00a0<br \/>\nFundaci\u00f3 Mutua Madrile\u00f1a<br \/>\nFundaci\u00f3 [&#8230;]<\/p>\n","protected":false},"author":475,"featured_media":0,"parent":61,"menu_order":0,"comment_status":"closed","ping_status":"closed","template":"","meta":{"_links_to":"","_links_to_target":""},"_links":{"self":[{"href":"https:\/\/sgi.umh.es\/ca\/wp-json\/wp\/v2\/pages\/237"}],"collection":[{"href":"https:\/\/sgi.umh.es\/ca\/wp-json\/wp\/v2\/pages"}],"about":[{"href":"https:\/\/sgi.umh.es\/ca\/wp-json\/wp\/v2\/types\/page"}],"author":[{"embeddable":true,"href":"https:\/\/sgi.umh.es\/ca\/wp-json\/wp\/v2\/users\/475"}],"replies":[{"embeddable":true,"href":"https:\/\/sgi.umh.es\/ca\/wp-json\/wp\/v2\/comments?post=237"}],"version-history":[{"count":0,"href":"https:\/\/sgi.umh.es\/ca\/wp-json\/wp\/v2\/pages\/237\/revisions"}],"up":[{"embeddable":true,"href":"https:\/\/sgi.umh.es\/ca\/wp-json\/wp\/v2\/pages\/61"}],"wp:attachment":[{"href":"https:\/\/sgi.umh.es\/ca\/wp-json\/wp\/v2\/media?parent=237"}],"curies":[{"name":"wp","href":"https:\/\/api.w.org\/{rel}","templated":true}]}}