{"id":21622,"date":"2023-04-27T12:28:46","date_gmt":"2023-04-27T10:28:46","guid":{"rendered":"https:\/\/otri.umh.es\/?page_id=21622"},"modified":"2024-03-18T09:34:14","modified_gmt":"2024-03-18T08:34:14","slug":"publicidad-de-las-ayudas-financiadas-por-el-ministerio-de-ciencia-e-innovacion-y-por-la-union-europea-next-generationeu-prtr","status":"publish","type":"page","link":"https:\/\/sgi.umh.es\/ca\/financiacion-idi\/proyectos-de-investigacion\/ayudas-nacionales-idi\/publicidad-de-las-ayudas-financiadas-por-el-ministerio-de-ciencia-e-innovacion-y-por-la-union-europea-next-generationeu-prtr\/","title":{"rendered":"<span lang=\"es\">(Espa\u00f1ol) Publicidad de las ayudas financiadas por el Ministerio de Ciencia, Innovaci\u00f3n y Universidades y por la Uni\u00f3n Europea &#8220;Next GenerationEU&#8221;\/PRTR<\/span>"},"content":{"rendered":"<p class=\"qtranxs-available-languages-message qtranxs-available-languages-message-ca\">Ho sentim, aquesta entrada es troba disponible \u00fanicament en <a href=\"https:\/\/sgi.umh.es\/es\/wp-json\/wp\/v2\/pages\/21622\" class=\"qtranxs-available-language-link qtranxs-available-language-link-es\" title=\"Espa\u00f1ol\">Espanyol Europeu<\/a>.<\/p>","protected":false},"excerpt":{"rendered":"<p>Ho sentim, aquesta entrada es troba disponible \u00fanicament en Espanyol Europeu.<\/p>\n","protected":false},"author":2839,"featured_media":0,"parent":61,"menu_order":0,"comment_status":"closed","ping_status":"closed","template":"","meta":{"_links_to":"","_links_to_target":""},"_links":{"self":[{"href":"https:\/\/sgi.umh.es\/ca\/wp-json\/wp\/v2\/pages\/21622"}],"collection":[{"href":"https:\/\/sgi.umh.es\/ca\/wp-json\/wp\/v2\/pages"}],"about":[{"href":"https:\/\/sgi.umh.es\/ca\/wp-json\/wp\/v2\/types\/page"}],"author":[{"embeddable":true,"href":"https:\/\/sgi.umh.es\/ca\/wp-json\/wp\/v2\/users\/2839"}],"replies":[{"embeddable":true,"href":"https:\/\/sgi.umh.es\/ca\/wp-json\/wp\/v2\/comments?post=21622"}],"version-history":[{"count":0,"href":"https:\/\/sgi.umh.es\/ca\/wp-json\/wp\/v2\/pages\/21622\/revisions"}],"up":[{"embeddable":true,"href":"https:\/\/sgi.umh.es\/ca\/wp-json\/wp\/v2\/pages\/61"}],"wp:attachment":[{"href":"https:\/\/sgi.umh.es\/ca\/wp-json\/wp\/v2\/media?parent=21622"}],"curies":[{"name":"wp","href":"https:\/\/api.w.org\/{rel}","templated":true}]}}