{"id":1951,"date":"2010-02-10T10:35:37","date_gmt":"2010-02-10T09:35:37","guid":{"rendered":"http:\/\/otri.zeus.umh.es\/?page_id=3"},"modified":"2025-01-08T10:55:48","modified_gmt":"2025-01-08T09:55:48","slug":"presentacion","status":"publish","type":"page","link":"https:\/\/sgi.umh.es\/ca\/presentacion\/","title":{"rendered":"Presentaci\u00f3"},"content":{"rendered":"<p><strong>Missi\u00f3<\/strong><\/p>\n<p>El Servei de Gesti\u00f3 de la Recerca, dependent del Vicerectorat d\u2019Investigaci\u00f3 i Transfer\u00e8ncia, t\u00e9 per missi\u00f3 impulsar i potenciar l\u2019activitat investigadora de la Universitat Miguel Hern\u00e1ndez d\u2019Elx (UMH).<\/p>\n<p>D\u2019aquesta forma, el SGI t\u00e9 el com\u00e8s d\u2019actuar com a servei encarregat de la gesti\u00f3 t\u00e8cnica i administrativa de les activitats d\u2019investigaci\u00f3 que es desenvolupen en la Universitat.<\/p>\n<p><img loading=\"lazy\" class=\"size-medium wp-image-12 aligncenter\" src=\"https:\/\/otri.umh.es\/files\/2010\/02\/rectorado-rrhh-300x152.jpg\" alt=\"Edificio de Rectorado\" width=\"300\" height=\"152\" srcset=\"https:\/\/sgi.umh.es\/files\/2010\/02\/rectorado-rrhh-300x152.jpg 300w, https:\/\/sgi.umh.es\/files\/2010\/02\/rectorado-rrhh.jpg 400w\" sizes=\"(max-width: 300px) 100vw, 300px\" \/><\/p>\n<p><strong>\u00a0<\/strong><\/p>\n<p><strong>Funcions<\/strong><\/p>\n<p>Per a complir la seua missi\u00f3, el SGI desenvolupa les seg\u00fcents funcions:<\/p>\n<ul>\n<li>Assessorament i gesti\u00f3 de la participaci\u00f3 en accions de R+D de car\u00e0cter competitiu aix\u00ed com assessorament en l\u2019elaboraci\u00f3 i negociaci\u00f3 dels acords d\u2019investigaci\u00f3.<\/li>\n<li>Acompanyament en l\u2019execuci\u00f3 econ\u00f2mica de les ajudes competitives, centralitzaci\u00f3 de les justificacions i coordinaci\u00f3 de les auditories de projectes [<a href=\"https:\/\/otri.umh.es\/files\/2010\/02\/16052012-BLOG-OTRI-Funciones-unidad.pdf\" target=\"_blank\" rel=\"noopener noreferrer\">M\u00e9s informaci\u00f3<\/a>].<\/li>\n<\/ul>\n<p><strong>Adre\u00e7a<\/strong>:<\/p>\n<p><strong>Servei de Gesti\u00f3 de la Recerca<\/strong><\/p>\n<p>Edifici Rectorat i Consell Social<\/p>\n<p>Av. de la Universitat, s\/n<\/p>\n<p>03202 Elx(Alacant)<\/p>\n<p>Tel\u00e8fon: 96 665 87 82<\/p>\n<p>Correu electr\u00f2nic:\u00a0<a href=\"mailto:sgi@umh.es\">sgi@umh.es<\/a><\/p>","protected":false},"excerpt":{"rendered":"<p>Missi\u00f3<br \/>\nEl Servei de Gesti\u00f3 de la Recerca, dependent del Vicerectorat d\u2019Investigaci\u00f3 i Transfer\u00e8ncia, t\u00e9 per missi\u00f3 impulsar i potenciar l\u2019activitat investigadora de la Universitat Miguel Hern\u00e1ndez d\u2019Elx (UMH).<br \/>\nD\u2019aquesta forma, el SGI t\u00e9 el com\u00e8s d\u2019actuar com a servei encarregat de la gesti\u00f3 t\u00e8cnica i administrativa de les activitats d\u2019investigaci\u00f3 que es desenvolupen en la Universitat.<\/p>\n<p>\u00a0<br \/>\nFuncions<br \/>\nPer [&#8230;]<\/p>\n","protected":false},"author":482,"featured_media":0,"parent":0,"menu_order":0,"comment_status":"closed","ping_status":"closed","template":"","meta":{"_links_to":"","_links_to_target":""},"_links":{"self":[{"href":"https:\/\/sgi.umh.es\/ca\/wp-json\/wp\/v2\/pages\/1951"}],"collection":[{"href":"https:\/\/sgi.umh.es\/ca\/wp-json\/wp\/v2\/pages"}],"about":[{"href":"https:\/\/sgi.umh.es\/ca\/wp-json\/wp\/v2\/types\/page"}],"author":[{"embeddable":true,"href":"https:\/\/sgi.umh.es\/ca\/wp-json\/wp\/v2\/users\/482"}],"replies":[{"embeddable":true,"href":"https:\/\/sgi.umh.es\/ca\/wp-json\/wp\/v2\/comments?post=1951"}],"version-history":[{"count":0,"href":"https:\/\/sgi.umh.es\/ca\/wp-json\/wp\/v2\/pages\/1951\/revisions"}],"wp:attachment":[{"href":"https:\/\/sgi.umh.es\/ca\/wp-json\/wp\/v2\/media?parent=1951"}],"curies":[{"name":"wp","href":"https:\/\/api.w.org\/{rel}","templated":true}]}}